{"id":22,"date":"2017-05-21T02:24:08","date_gmt":"2017-05-21T00:24:08","guid":{"rendered":"http:\/\/www.lateliercoiffureesthetique.com\/?page_id=22"},"modified":"2023-01-25T20:44:26","modified_gmt":"2023-01-26T01:44:26","slug":"contact","status":"publish","type":"page","link":"https:\/\/www.lateliercoiffureesthetique.com\/fr\/contact\/","title":{"rendered":"Contact"},"content":{"rendered":"<p>[vc_row content_width=\u00a0\u00bbgrid\u00a0\u00bb center_bck_image=\u00a0\u00bbyes\u00a0\u00bb css=\u00a0\u00bb.vc_custom_1619802290299{padding-right: 5px !important;padding-left: 5px !important;}\u00a0\u00bb][vc_column][vc_empty_space height=\u00a0\u00bb115&Prime;]<div class=\"eltd-section-title-outer-holder\" style=\"text-align: left\">\n\n    \t<div class=\"eltd-section-title-title-holder\">\n\t\t<h2 class=\"eltd-section-title\" style=\";font-size: 35px;;;line-height: 47px;;;\">\n\t\t\tPrendre rendez-vous\t\t<\/h2>\n\t<\/div>\n    \t<span class=\"eltd-title-separator eltd-enable-separator\"><\/span>\n             <div class=\"eltd-section-subtitle-holder\">\n            <h3 class=\"eltd-section-subtitle\" style=\";font-size: 15px;;;line-height: 25px;;letter-spacing: -0.1px\" >\n            Prendre rendez-vous \u00e0 L\u2019Atelier garantit une exp\u00e9rience chaleureuse et un service de tr\u00e8s haute qualit\u00e9 qui r\u00e9pond aux exigences de toute client\u00e8le.        <\/h3>\n        <\/div>\n    \n<\/div>[vc_empty_space height=\u00a0\u00bb20px\u00a0\u00bb][vc_row_inner][vc_column_inner width=\u00a0\u00bb1\/2&Prime; offset=\u00a0\u00bbvc_col-lg-5 vc_col-md-6 vc_col-xs-12&Prime;][vc_empty_space height=\u00a0\u00bb14px\u00a0\u00bb][vc_column_text]<strong>T\u00e9l\u00e9phone<\/strong>[\/vc_column_text][vc_column_text]<a href=\"tel:+15145048061\" data-schema-attribute=\"\">514 504-8061<\/a>[\/vc_column_text][vc_empty_space height=\u00a0\u00bb7px\u00a0\u00bb][vc_column_text]<strong>Heures d&rsquo;ouverture<\/strong>[\/vc_column_text][vc_empty_space height=\u00a0\u00bb1px\u00a0\u00bb][vc_column_text]L-M : 10h \u00e0 18h<br \/>\nJ-V : 10h \u00e0 20h<br \/>\nS : 9h \u00e0 17h<br \/>\nD : Ferm\u00e9[\/vc_column_text][\/vc_column_inner][vc_column_inner width=\u00a0\u00bb1\/2&Prime; offset=\u00a0\u00bbvc_col-lg-offset-0 vc_col-lg-6 vc_col-md-6 vc_col-xs-12&Prime;][vc_empty_space height=\u00a0\u00bb14px\u00a0\u00bb][vc_column_text]<strong>Adresse<\/strong>[\/vc_column_text][vc_column_text]<a href=\"https:\/\/goo.gl\/maps\/FGAhU2ULVJhCAm5i7\" target=\"_blank\" rel=\"noopener nofollow\" data-schema-attribute=\"\">387 rue Saint-Paul O, Montr\u00e9al, H2Y\u00a02A7<\/a>[\/vc_column_text][vc_empty_space height=\u00a0\u00bb7px\u00a0\u00bb][vc_empty_space height=\u00a0\u00bb12px\u00a0\u00bb][\/vc_column_inner][\/vc_row_inner][vc_empty_space height=\u00a0\u00bb30&Prime;][\/vc_column][\/vc_row][vc_row content_width=\u00a0\u00bbgrid\u00a0\u00bb center_bck_image=\u00a0\u00bbno\u00a0\u00bb css=\u00a0\u00bb.vc_custom_1477304147066{padding-bottom: 80px !important;}\u00a0\u00bb][vc_column][vc_empty_space height=\u00a0\u00bb30&Prime;]<div class=\"eltd-google-map-holder\">\n\t<div class=\"eltd-google-map\" id=\"eltd-map-1515931\" data-addresses='[\"387 Rue Saint-Paul O, Montr\u00e9al, H2Y 2A7\"]' data-custom-map-style=true data-color-overlay=#d3d3d3 data-saturation=-100 data-lightness=17 data-zoom=17 data-pin=https:\/\/www.lateliercoiffureesthetique.com\/wp-content\/uploads\/2017\/05\/pin.png data-unique-id=1515931 data-scroll-wheel=false data-height=350><\/div>\n\t\t\t<div class=\"eltd-google-map-overlay\"><\/div>\n\t<\/div>\n[\/vc_column][\/vc_row]<\/p>\n","protected":false},"excerpt":{"rendered":"<p>[vc_row content_width=\u00a0\u00bbgrid\u00a0\u00bb center_bck_image=\u00a0\u00bbyes\u00a0\u00bb css=\u00a0\u00bb.vc_custom_1619802290299{padding-right: 5px !important;padding-left: 5px !important;}\u00a0\u00bb][vc_column][vc_empty_space height=\u00a0\u00bb115&Prime;][vc_empty_space height=\u00a0\u00bb20px\u00a0\u00bb][vc_row_inner][vc_column_inner width=\u00a0\u00bb1\/2&Prime; offset=\u00a0\u00bbvc_col-lg-5 vc_col-md-6 vc_col-xs-12&Prime;][vc_empty_space height=\u00a0\u00bb14px\u00a0\u00bb][vc_column_text]T\u00e9l\u00e9phone[\/vc_column_text][vc_column_text]514 504-8061[\/vc_column_text][vc_empty_space height=\u00a0\u00bb7px\u00a0\u00bb][vc_column_text]Heures d&rsquo;ouverture[\/vc_column_text][vc_empty_space height=\u00a0\u00bb1px\u00a0\u00bb][vc_column_text]L-M : 10h \u00e0 18h J-V : 10h \u00e0 20h S : 9h \u00e0 17h D : Ferm\u00e9[\/vc_column_text][\/vc_column_inner][vc_column_inner width=\u00a0\u00bb1\/2&Prime; offset=\u00a0\u00bbvc_col-lg-offset-0 vc_col-lg-6 vc_col-md-6 vc_col-xs-12&Prime;][vc_empty_space height=\u00a0\u00bb14px\u00a0\u00bb][vc_column_text]Adresse[\/vc_column_text][vc_column_text]387 rue Saint-Paul O,&#8230;<\/p>\n","protected":false},"author":1,"featured_media":0,"parent":0,"menu_order":2,"comment_status":"closed","ping_status":"closed","template":"full-width.php","meta":[],"_links":{"self":[{"href":"https:\/\/www.lateliercoiffureesthetique.com\/fr\/wp-json\/wp\/v2\/pages\/22"}],"collection":[{"href":"https:\/\/www.lateliercoiffureesthetique.com\/fr\/wp-json\/wp\/v2\/pages"}],"about":[{"href":"https:\/\/www.lateliercoiffureesthetique.com\/fr\/wp-json\/wp\/v2\/types\/page"}],"author":[{"embeddable":true,"href":"https:\/\/www.lateliercoiffureesthetique.com\/fr\/wp-json\/wp\/v2\/users\/1"}],"replies":[{"embeddable":true,"href":"https:\/\/www.lateliercoiffureesthetique.com\/fr\/wp-json\/wp\/v2\/comments?post=22"}],"version-history":[{"count":49,"href":"https:\/\/www.lateliercoiffureesthetique.com\/fr\/wp-json\/wp\/v2\/pages\/22\/revisions"}],"predecessor-version":[{"id":11550,"href":"https:\/\/www.lateliercoiffureesthetique.com\/fr\/wp-json\/wp\/v2\/pages\/22\/revisions\/11550"}],"wp:attachment":[{"href":"https:\/\/www.lateliercoiffureesthetique.com\/fr\/wp-json\/wp\/v2\/media?parent=22"}],"curies":[{"name":"wp","href":"https:\/\/api.w.org\/{rel}","templated":true}]}}