{"id":10000,"date":"2021-03-20T14:00:38","date_gmt":"2021-03-20T19:00:38","guid":{"rendered":"https:\/\/www.lateliercoiffureesthetique.com\/en\/?post_type=product&#038;p=10000"},"modified":"2026-02-04T19:12:41","modified_gmt":"2026-02-05T00:12:41","slug":"ultra-violet-bath","status":"publish","type":"product","link":"https:\/\/www.lateliercoiffureesthetique.com\/fr\/produit\/ultra-violet-bath\/","title":{"rendered":"Bain Ultra-Violet"},"content":{"rendered":"<p>[vc_row center_bck_image=\u00a0\u00bbno\u00a0\u00bb][vc_column][vc_empty_space][vc_column_text]<\/p>\n<h5><strong>COMMENT UTILISER\u00a0<\/strong><\/h5>\n<p>[\/vc_column_text][vc_column_text]<\/p>\n<div class=\"product_tabs ui-tabs ui-widget ui-widget-content ui-corner-all\">\n<div class=\"product_tabs-line\">\n<h6>Mouillez les cheveux puis \u00e9liminez soigneusement l&rsquo;exc\u00e8s d&rsquo;eau avant d&rsquo;appliquer une quantit\u00e9 d&rsquo;un quart de shampooing au toucher sur 5 zones cl\u00e9s des cheveux. Ajouter de l&rsquo;eau et \u00e9mulsionner. Laissez agir entre 2 et 5 minutes. Rincez abondamment. Nous vous recommandons d&rsquo;alterner avec Bain Lumi\u00e8re une fois par semaine ou comme deuxi\u00e8me shampooing pour un nettoyage plus profond et hydratant.<br \/>\nContinuez avec le Fondant Cicaflash ou le Masque Ultra-Violet.<\/h6>\n<h6>Utilisez Bain Ultra-Violet pour obtenir une dose instantan\u00e9e et puissante de neutralisation anti-laiton. Apr\u00e8s avoir atteint le ton souhait\u00e9, utilisez le Masque Ultra-Violet pour entretenir et prot\u00e9ger votre blonde sur une base hebdomadaire.<\/h6>\n<\/div>\n<\/div>\n<p>[\/vc_column_text][vc_empty_space][\/vc_column][\/vc_row][vc_row center_bck_image=\u00a0\u00bbno\u00a0\u00bb][vc_column][vc_column_text]<\/p>\n<h5 style=\"text-align: left;\"><strong><span style=\"vertical-align: inherit;\"><span style=\"vertical-align: inherit;\">INGREDIENTS<\/span><\/span><\/strong><\/h5>\n<p>[\/vc_column_text][vc_column_text]<\/p>\n<h6>A unique combination of Hyaluronic Acid, Edelweiss flower and powerful Ultra Violet neutralizing pigments:<br \/>\nHyaluronic Acid fills and heals fiber wounds from within for a uniform, deeply nourished cuticle. This ultra concentrated acid strengthens hair, preventing future breakage.<br \/>\nEdelweiss flower is rich in anti-oxidants to protect hair against daily damage. It also softens and calms sensitized hair fibers.<br \/>\nUltra Violet neutralizers are highly concentrated pigments that act immediately on the fiber to neutralize and remove brassy &#038; yellow undertones, revealing a radiant natural shine.<\/h6>\n<p>[\/vc_column_text][\/vc_column][\/vc_row]<\/p>\n","protected":false},"excerpt":{"rendered":"<h6>Ce shampooing violet puissant est riche en agents neutralisants pour \u00e9liminer instantan\u00e9ment les tons cuivr\u00e9s et jaunes. Id\u00e9al pour les cheveux blonds et gris aux reflets froids, l&#039;utilisation r\u00e9guli\u00e8re de ce shampooing offre une protection anti-cuivr\u00e9e durable, gardant les nuances blondes au frais plus longtemps. Il prot\u00e8ge les cheveux de l&#039;oxydation et de la pollution quotidiennes, leur redonnant brillance et douceur. Enrichie d&#039;une puissante combinaison d&#039;acide hyaluronique et de fleur d&#039;Edelweiss, la formule booste instantan\u00e9ment la luminosit\u00e9 blonde tout en nourrissant en profondeur la fibre.<\/h6>\n","protected":false},"featured_media":12508,"comment_status":"open","ping_status":"closed","template":"","meta":[],"product_cat":[187,189],"product_tag":[95],"_links":{"self":[{"href":"https:\/\/www.lateliercoiffureesthetique.com\/fr\/wp-json\/wp\/v2\/product\/10000"}],"collection":[{"href":"https:\/\/www.lateliercoiffureesthetique.com\/fr\/wp-json\/wp\/v2\/product"}],"about":[{"href":"https:\/\/www.lateliercoiffureesthetique.com\/fr\/wp-json\/wp\/v2\/types\/product"}],"replies":[{"embeddable":true,"href":"https:\/\/www.lateliercoiffureesthetique.com\/fr\/wp-json\/wp\/v2\/comments?post=10000"}],"wp:featuredmedia":[{"embeddable":true,"href":"https:\/\/www.lateliercoiffureesthetique.com\/fr\/wp-json\/wp\/v2\/media\/12508"}],"wp:attachment":[{"href":"https:\/\/www.lateliercoiffureesthetique.com\/fr\/wp-json\/wp\/v2\/media?parent=10000"}],"wp:term":[{"taxonomy":"product_cat","embeddable":true,"href":"https:\/\/www.lateliercoiffureesthetique.com\/fr\/wp-json\/wp\/v2\/product_cat?post=10000"},{"taxonomy":"product_tag","embeddable":true,"href":"https:\/\/www.lateliercoiffureesthetique.com\/fr\/wp-json\/wp\/v2\/product_tag?post=10000"}],"curies":[{"name":"wp","href":"https:\/\/api.w.org\/{rel}","templated":true}]}}