{"id":10009,"date":"2021-03-20T14:24:54","date_gmt":"2021-03-20T19:24:54","guid":{"rendered":"https:\/\/www.lateliercoiffureesthetique.com\/?post_type=product&#038;p=10009"},"modified":"2026-02-04T19:13:48","modified_gmt":"2026-02-05T00:13:48","slug":"fondant-cicaflash-conditioner","status":"publish","type":"product","link":"https:\/\/www.lateliercoiffureesthetique.com\/fr\/produit\/fondant-cicaflash-conditioner\/","title":{"rendered":"Fondant Cicaflash"},"content":{"rendered":"<p>[vc_row center_bck_image=\u00a0\u00bbno\u00a0\u00bb][vc_column][vc_empty_space][vc_column_text]<\/p>\n<h5><strong>COMMENT UTILISER\u00a0<\/strong><\/h5>\n<p>[\/vc_column_text][vc_column_text]<\/p>\n<div class=\"product_tabs ui-tabs ui-widget ui-widget-content ui-corner-all\">\n<div class=\"product_tabs-line\">\n<h6>Fondant Cicaflash est notre revitalisant violet dot\u00e9 d&rsquo;une jolie teinte lavande. Il prodigue le pouvoir r\u00e9parateur d&rsquo;un masque, avec la l\u00e9g\u00e8ret\u00e9 sensorielle d&rsquo;un revitalisant. Notre meilleur revitalisant pour cheveux d\u00e9color\u00e9s restaure intens\u00e9ment les cheveux sensibilis\u00e9s, en nourrissant la fibre. La combinaison d&rsquo;acide hyaluronique et de fleur d&rsquo;Edelweiss pr\u00e9sente dans la formule de ce revitalisant pour cheveux color\u00e9s lisse instantan\u00e9ment, renforce et adoucit les cheveux d\u00e9color\u00e9s sensibilis\u00e9s, tout en procurant une hydratation en profondeur. Ce revitalisant pour cheveux secs et d\u00e9color\u00e9s laisse les cheveux doux et hydrat\u00e9s, mais aussi souples et brillants. Notre revitalisant pour cheveux color\u00e9s est assez doux pour un usage quotidien. Pour les cheveux \u00e9pais tr\u00e8s sensibilis\u00e9s, appliquer sur les pointes des cheveux secs. Comment utiliser Fondant Cicaflash, notre revitalisant violet: \u00c9tape 1. Apr\u00e8s avoir utilis\u00e9 Bain Lumi\u00e8re ou Bain Ultra-Violet, appliquer une noisette du produit sur les cheveux lav\u00e9s et essor\u00e9s. \u00c9tape 2. Masser notre revitalisant pour cheveux color\u00e9s des mi-longueurs jusqu&rsquo;aux pointes, en \u00e9vitant les racines pour pr\u00e9server le volume. \u00c9tape 3. Laisser agir pendant 2 \u00e0 3 minutes. \u00c9tape 4. \u00c9mulsionner et rincer compl\u00e8tement le revitalisant violet des cheveux.<\/h6>\n<\/div>\n<\/div>\n<p>[\/vc_column_text][vc_empty_space][\/vc_column][\/vc_row][vc_row center_bck_image=\u00a0\u00bbno\u00a0\u00bb][vc_column][vc_column_text]<\/p>\n<h5 style=\"text-align: left;\"><strong><span style=\"vertical-align: inherit;\"><span style=\"vertical-align: inherit;\">INGREDIENTS<\/span><\/span><\/strong><\/h5>\n<p>[\/vc_column_text][vc_column_text]<\/p>\n<h6><b>Une combinaison unique d&rsquo;acide hyaluronique brevet\u00e9 et de fleur d&rsquo;edelweiss :<\/b><br \/>\nL&rsquo;acide hyaluronique remplit et soigne les plaies de la fibre de l&rsquo;int\u00e9rieur pour une cuticule plus uniforme et intens\u00e9ment nourrie. Cet acide ultraconcentr\u00e9 renforce les cheveux, pr\u00e9venant ainsi une \u00e9ventuelle casse. La fleur d&rsquo;edelweiss est riche en antioxydants pour prot\u00e9ger les cheveux des agressions quotidiennes. Elle lisse et apaise les fibres capillaires fragilis\u00e9es.<\/h6>\n<p>[\/vc_column_text][\/vc_column][\/vc_row]<\/p>\n","protected":false},"excerpt":{"rendered":"<h6>Ce gel laiteux opalescent avec une douce teinte lavande offre la performance r\u00e9paratrice d&rsquo;un masque avec la finition l\u00e9g\u00e8re d&rsquo;un revitalisant. Il restaure intens\u00e9ment les cheveux sensibilis\u00e9s, nourrissant la fibre. L&rsquo;association d&rsquo;acide hyaluronique et de fleur d&rsquo;Edelweiss lisse, renforce et adoucit instantan\u00e9ment les cheveux \u00e9claircis sensibilis\u00e9s tout en apportant une nutrition en profondeur. Id\u00e9al pour tous les tons de cheveux faux-blonds, Cicaflash restaure la fibre capillaire, emp\u00eachant la casse et l&rsquo;\u00e9rosion. Les cheveux sont doux et hydrat\u00e9s tout en restant l\u00e9gers et lumineux.<\/h6>\n","protected":false},"featured_media":12506,"comment_status":"open","ping_status":"closed","template":"","meta":[],"product_cat":[187,189],"product_tag":[423,95],"_links":{"self":[{"href":"https:\/\/www.lateliercoiffureesthetique.com\/fr\/wp-json\/wp\/v2\/product\/10009"}],"collection":[{"href":"https:\/\/www.lateliercoiffureesthetique.com\/fr\/wp-json\/wp\/v2\/product"}],"about":[{"href":"https:\/\/www.lateliercoiffureesthetique.com\/fr\/wp-json\/wp\/v2\/types\/product"}],"replies":[{"embeddable":true,"href":"https:\/\/www.lateliercoiffureesthetique.com\/fr\/wp-json\/wp\/v2\/comments?post=10009"}],"wp:featuredmedia":[{"embeddable":true,"href":"https:\/\/www.lateliercoiffureesthetique.com\/fr\/wp-json\/wp\/v2\/media\/12506"}],"wp:attachment":[{"href":"https:\/\/www.lateliercoiffureesthetique.com\/fr\/wp-json\/wp\/v2\/media?parent=10009"}],"wp:term":[{"taxonomy":"product_cat","embeddable":true,"href":"https:\/\/www.lateliercoiffureesthetique.com\/fr\/wp-json\/wp\/v2\/product_cat?post=10009"},{"taxonomy":"product_tag","embeddable":true,"href":"https:\/\/www.lateliercoiffureesthetique.com\/fr\/wp-json\/wp\/v2\/product_tag?post=10009"}],"curies":[{"name":"wp","href":"https:\/\/api.w.org\/{rel}","templated":true}]}}