{"id":10021,"date":"2021-03-20T15:18:33","date_gmt":"2021-03-20T20:18:33","guid":{"rendered":"https:\/\/www.lateliercoiffureesthetique.com\/?post_type=product&#038;p=10021"},"modified":"2025-11-16T16:08:06","modified_gmt":"2025-11-16T21:08:06","slug":"cicaplasme-hair-serum","status":"publish","type":"product","link":"https:\/\/www.lateliercoiffureesthetique.com\/fr\/produit\/cicaplasme-hair-serum\/","title":{"rendered":"S\u00e9rum capillaire Cicaplasme"},"content":{"rendered":"<p>[vc_row center_bck_image=\u00a0\u00bbno\u00a0\u00bb][vc_column][vc_empty_space][vc_column_text]<\/p>\n<h5><strong>COMMENT UTILISER\u00a0<\/strong><\/h5>\n<p>[\/vc_column_text][vc_column_text]<\/p>\n<div class=\"product_tabs ui-tabs ui-widget ui-widget-content ui-corner-all\">\n<div class=\"product_tabs-line\">\n<h6>S\u00e9rum Cicaplasme est un s\u00e9rum thermo-protecteur opalescent de couleur lavande qui agit \u00e9galement comme traitement capillaire anti-frisottis pour les cheveux sensibilis\u00e9s, d\u00e9color\u00e9s, m\u00e9ch\u00e9s et gris. Gr\u00e2ce \u00e0 sa formule enrichie d&rsquo;acide hyaluronique pour les cheveux et de fleur d&rsquo;Edelweiss, Cicaplasme r\u00e9pare les pointes fourchues et lisse la fibre capillaire pour un toucher uniforme et un contr\u00f4le durable des frisottis. En tant que s\u00e9rum thermo-protecteur, Cicaplasme assure une protection thermique jusqu&rsquo;\u00e0 230 \u00b0C pour prot\u00e9ger les cheveux des outils chauffants. Ce s\u00e9rum lissant pour cheveux combat les frisottis, tout en nourrissant les cheveux color\u00e9s. Il contient \u00e9galement des filtres UV pour prot\u00e9ger les cheveux quotidiennement contre l&rsquo;oxydation et les d\u00e9p\u00f4ts de pollution.<\/h6>\n<h6>Le s\u00e9rum thermo-protecteur S\u00e9rum Cicaplasme peut \u00eatre utilis\u00e9 des mani\u00e8res suivantes :<br \/>\n1. Utiliser comme s\u00e9rum thermo-protecteur. Utiliser 2 \u00e0 4 pompes de produit et \u00e9taler dans les cheveux jusqu&rsquo;aux pointes. Peigner pour r\u00e9partir uniform\u00e9ment le produit et coiffer avec les outils chauffants.<br \/>\n2. Utiliser comme traitement anti-frisottis. Appliquer le s\u00e9rum sur les cheveux secs comme touche finale pour dompter les frisottis et augmenter la brillance.<br \/>\n3. Utiliser comme traitement de nuit. Appliquer le s\u00e9rum sur les cheveux avant de dormir et laisser l&rsquo;acide hyaluronique pour les cheveux et les autres ingr\u00e9dients actifs r\u00e9g\u00e9n\u00e9rer les fibres capillaires sensibilis\u00e9es.<\/h6>\n<\/div>\n<\/div>\n<p>[\/vc_column_text][vc_empty_space][\/vc_column][\/vc_row][vc_row center_bck_image=\u00a0\u00bbno\u00a0\u00bb][vc_column][vc_column_text]<\/p>\n<h5 style=\"text-align: left;\"><strong><span style=\"vertical-align: inherit;\"><span style=\"vertical-align: inherit;\">INGREDIENTS<\/span><\/span><\/strong><\/h5>\n<p>[\/vc_column_text][vc_column_text]<\/p>\n<h6><b>Une combinaison unique d&rsquo;acide hyaluronique brevet\u00e9 et de fleur d&rsquo;edelweiss :<\/b><br \/>\nl&rsquo;acide hyaluronique remplit et soigne les plaies de la fibre de l&rsquo;int\u00e9rieur pour une cuticule plus uniforme et intens\u00e9ment nourrie. Cet acide ultraconcentr\u00e9 renforce les cheveux, pr\u00e9venant ainsi une \u00e9ventuelle casse. La fleur d&rsquo;edelweiss est riche en antioxydants pour prot\u00e9ger les cheveux des agressions quotidiennes. Elle lisse et apaise les fibres capillaires fragilis\u00e9es.<\/h6>\n<p>[\/vc_column_text][\/vc_column][\/vc_row]<\/p>\n","protected":false},"excerpt":{"rendered":"<h6>Cette cr\u00e8me sans rin\u00e7age opalescente couleur lavande fortifie les cheveux faux-blonds sensibilis\u00e9s, \u00e9claircis, m\u00e9ch\u00e9s et gris. Enrichi en acide hyaluronique et en fleur d&rsquo;Edelweiss, Cicaplasme scelle les pointes fourchues et lisse la fibre capillaire pour un toucher uniforme et un contr\u00f4le durable des frisottis. Il traite instantan\u00e9ment les zones endommag\u00e9es de la fibre. Cicaplasme offre une protection thermique jusqu&rsquo;\u00e0 230 \u00b0 C pour prot\u00e9ger les cheveux des outils de coiffage thermiques. Il contient \u00e9galement des filtres UV pour se prot\u00e9ger contre l&rsquo;oxydation quotidienne et les d\u00e9p\u00f4ts de pollution. Les cheveux sont doux et lumineux.<\/h6>\n","protected":false},"featured_media":12501,"comment_status":"open","ping_status":"closed","template":"","meta":[],"product_cat":[187,189],"product_tag":[95],"_links":{"self":[{"href":"https:\/\/www.lateliercoiffureesthetique.com\/fr\/wp-json\/wp\/v2\/product\/10021"}],"collection":[{"href":"https:\/\/www.lateliercoiffureesthetique.com\/fr\/wp-json\/wp\/v2\/product"}],"about":[{"href":"https:\/\/www.lateliercoiffureesthetique.com\/fr\/wp-json\/wp\/v2\/types\/product"}],"replies":[{"embeddable":true,"href":"https:\/\/www.lateliercoiffureesthetique.com\/fr\/wp-json\/wp\/v2\/comments?post=10021"}],"wp:featuredmedia":[{"embeddable":true,"href":"https:\/\/www.lateliercoiffureesthetique.com\/fr\/wp-json\/wp\/v2\/media\/12501"}],"wp:attachment":[{"href":"https:\/\/www.lateliercoiffureesthetique.com\/fr\/wp-json\/wp\/v2\/media?parent=10021"}],"wp:term":[{"taxonomy":"product_cat","embeddable":true,"href":"https:\/\/www.lateliercoiffureesthetique.com\/fr\/wp-json\/wp\/v2\/product_cat?post=10021"},{"taxonomy":"product_tag","embeddable":true,"href":"https:\/\/www.lateliercoiffureesthetique.com\/fr\/wp-json\/wp\/v2\/product_tag?post=10021"}],"curies":[{"name":"wp","href":"https:\/\/api.w.org\/{rel}","templated":true}]}}