{"id":10035,"date":"2021-03-20T16:25:19","date_gmt":"2021-03-20T21:25:19","guid":{"rendered":"https:\/\/www.lateliercoiffureesthetique.com\/?post_type=product&#038;p=10035"},"modified":"2026-02-04T19:05:31","modified_gmt":"2026-02-05T00:05:31","slug":"bain-satin-1-shampoo","status":"publish","type":"product","link":"https:\/\/www.lateliercoiffureesthetique.com\/fr\/produit\/bain-satin-1-shampoo\/","title":{"rendered":"Shampooing Bain Satin 1"},"content":{"rendered":"<p>[vc_row center_bck_image=\u00a0\u00bbno\u00a0\u00bb][vc_column][vc_empty_space][vc_column_text]<\/p>\n<h5><strong>COMMENT UTILISER\u00a0<\/strong><\/h5>\n<p>[\/vc_column_text][vc_column_text]<\/p>\n<div class=\"product_tabs ui-tabs ui-widget ui-widget-content ui-corner-all\">\n<div class=\"product_tabs-line\">\n<h6>\u00c9tape 1. Appliquer une noix de ce shampooing hydratant sur les cheveux mouill\u00e9s et le cuir chevelu.<br \/>\n\u00c9tape 2. Laver les cheveux et masser le produit en profondeur dans les cheveux et le cuir chevelu, en appliquant bien sur toutes les m\u00e8ches.<br \/>\n\u00c9tape 3. Rincer compl\u00e8tement ce shampooing hydratant des cheveux.<br \/>\n\u00c9tape 4. Pour une nutrition compl\u00e8te, utiliser ensuite Lait Vital Prot\u00e9in\u00e9.<br \/>\n\u00c9tape 5. Pour de meilleurs r\u00e9sultats, utiliser r\u00e9guli\u00e8rement ce shampooing hydratant.<\/h6>\n<\/div>\n<\/div>\n<p>[\/vc_column_text][vc_empty_space][\/vc_column][\/vc_row][vc_row center_bck_image=\u00a0\u00bbno\u00a0\u00bb][vc_column][vc_column_text]<\/p>\n<h5 style=\"text-align: left;\"><strong><span style=\"vertical-align: inherit;\"><span style=\"vertical-align: inherit;\">INGREDIENTS<\/span><\/span><\/strong><\/h5>\n<p>[\/vc_column_text][vc_column_text]<\/p>\n<h6>AQUA \/ WATER \/ EAU \u2022 SODIUM LAURETH SULFATE \u2022 COCO BETAINE \u2022 LAURETH 5 CARBOXYLIC ACID \u2022 COCAMIDE MIPA \u2022 AMODIMETHICONE \u2022 SODIUM CHLORIDE \u2022 POLYQUATERNIUM 10 \u2022 PPG 5 CETETH 20 \u2022 SODIUM BENZOATE \u2022 BENZOPHENONE 4 \u2022 PEG 55 PROPYLENE GLYCOL OLEATE \u2022 PROPYLENE GLYCOL \u2022 SALICYLIC ACID \u2022 SODIUM HYDROXIDE \u2022 BENZYL SALICYLATE \u2022 BENZYL ALCOHOL \u2022 CITRONELLOL \u2022 LINALOOL \u2022 METHYL COCOATE \u2022 GERANIOL \u2022 SODIUM COCOATE \u2022 SHOREA ROBUSTA BUTTER \/ SHOREA ROBUSTA SEED BUTTER \u2022 CI 19140 \/ YELLOW 5 \u2022 CI 14700 \/ RED 4 \u2022 CITRIC ACID \u2022 PARFUM \/ FRAGRANCE.<\/h6>\n<p>[\/vc_column_text][\/vc_column][\/vc_row]<\/p>\n","protected":false},"excerpt":{"rendered":"<h6>Donnez \u00e0 vos cheveux un aspect plus doux, l\u00e9ger et brillant. Avec Bain Satin 1, un shampooing prot\u00e9in\u00e9 id\u00e9al pour les cheveux normaux \u00e0 secs.<\/h6>\n","protected":false},"featured_media":12513,"comment_status":"open","ping_status":"closed","template":"","meta":[],"product_cat":[187,200],"product_tag":[95],"_links":{"self":[{"href":"https:\/\/www.lateliercoiffureesthetique.com\/fr\/wp-json\/wp\/v2\/product\/10035"}],"collection":[{"href":"https:\/\/www.lateliercoiffureesthetique.com\/fr\/wp-json\/wp\/v2\/product"}],"about":[{"href":"https:\/\/www.lateliercoiffureesthetique.com\/fr\/wp-json\/wp\/v2\/types\/product"}],"replies":[{"embeddable":true,"href":"https:\/\/www.lateliercoiffureesthetique.com\/fr\/wp-json\/wp\/v2\/comments?post=10035"}],"wp:featuredmedia":[{"embeddable":true,"href":"https:\/\/www.lateliercoiffureesthetique.com\/fr\/wp-json\/wp\/v2\/media\/12513"}],"wp:attachment":[{"href":"https:\/\/www.lateliercoiffureesthetique.com\/fr\/wp-json\/wp\/v2\/media?parent=10035"}],"wp:term":[{"taxonomy":"product_cat","embeddable":true,"href":"https:\/\/www.lateliercoiffureesthetique.com\/fr\/wp-json\/wp\/v2\/product_cat?post=10035"},{"taxonomy":"product_tag","embeddable":true,"href":"https:\/\/www.lateliercoiffureesthetique.com\/fr\/wp-json\/wp\/v2\/product_tag?post=10035"}],"curies":[{"name":"wp","href":"https:\/\/api.w.org\/{rel}","templated":true}]}}