{"id":10040,"date":"2021-03-20T16:48:56","date_gmt":"2021-03-20T21:48:56","guid":{"rendered":"https:\/\/www.lateliercoiffureesthetique.com\/en\/?post_type=product&#038;p=10040"},"modified":"2026-02-04T19:05:43","modified_gmt":"2026-02-05T00:05:43","slug":"bain-satin-2-shampoo","status":"publish","type":"product","link":"https:\/\/www.lateliercoiffureesthetique.com\/fr\/produit\/bain-satin-2-shampoo\/","title":{"rendered":"Shampooing Bain Satin 2"},"content":{"rendered":"<p>[vc_row center_bck_image=\u00a0\u00bbno\u00a0\u00bb][vc_column][vc_empty_space][vc_column_text]<\/p>\n<h5><strong>COMMENT UTILISER\u00a0<\/strong><\/h5>\n<p>[\/vc_column_text][vc_column_text]<\/p>\n<div class=\"product_tabs ui-tabs ui-widget ui-widget-content ui-corner-all\">\n<div class=\"product_tabs-line\">\n<h6>Appliquer une quantit\u00e9 d&rsquo;un quart de Bain Satin 2 sur les cheveux et le cuir chevelu mouill\u00e9s, masser la t\u00eate avec la paume des mains, \u00e9mulsionner et rincer abondamment.<\/h6>\n<\/div>\n<\/div>\n<p>[\/vc_column_text][vc_empty_space][\/vc_column][\/vc_row][vc_row center_bck_image=\u00a0\u00bbno\u00a0\u00bb][vc_column][vc_column_text]<\/p>\n<h5 style=\"text-align: left;\"><strong><span style=\"vertical-align: inherit;\"><span style=\"vertical-align: inherit;\">INGREDIENTS<\/span><\/span><\/strong><\/h5>\n<p>[\/vc_column_text][vc_column_text]<\/p>\n<h6>COMPLEXE IRISOME<\/h6>\n<h6>Lipides: pour am\u00e9liorer la production d&rsquo;huile naturelle.<br \/>\nGlucides: pour apporter un v\u00e9ritable regain d&rsquo;\u00e9nergie pour la nutrition de la fibre capillaire de la racine vers le haut.<br \/>\nProt\u00e9ines: pour nourrir la fibre et la tremper de douceur.<br \/>\nExtrait de rhizome d&rsquo;iris: pour prot\u00e9ger les cheveux de l&rsquo;oxydation et fournir une nutrition durable<\/h6>\n<p>[\/vc_column_text][\/vc_column][\/vc_row]<\/p>\n","protected":false},"excerpt":{"rendered":"<h6>Bain Satin 2 est un shampooing nutritionnel sp\u00e9cialement con\u00e7u pour les cheveux secs et sensibilis\u00e9s. Sa formule hautement nutritive \u00e9limine les r\u00e9sidus et effectue un l\u00e9ger d\u00e9p\u00f4t de complexe Irisome sur les cheveux. Cet ingr\u00e9dient nourrissant aide \u00e0 purifier les cheveux en douceur, en facilitant le d\u00e9m\u00ealage et en apportant un toucher doux et lisse \u00e0 la fibre. Les doigts glissent facilement dans les cheveux, sans aucune r\u00e9sistance.<\/h6>\n","protected":false},"featured_media":12514,"comment_status":"open","ping_status":"closed","template":"","meta":[],"product_cat":[187,200],"product_tag":[95],"_links":{"self":[{"href":"https:\/\/www.lateliercoiffureesthetique.com\/fr\/wp-json\/wp\/v2\/product\/10040"}],"collection":[{"href":"https:\/\/www.lateliercoiffureesthetique.com\/fr\/wp-json\/wp\/v2\/product"}],"about":[{"href":"https:\/\/www.lateliercoiffureesthetique.com\/fr\/wp-json\/wp\/v2\/types\/product"}],"replies":[{"embeddable":true,"href":"https:\/\/www.lateliercoiffureesthetique.com\/fr\/wp-json\/wp\/v2\/comments?post=10040"}],"wp:featuredmedia":[{"embeddable":true,"href":"https:\/\/www.lateliercoiffureesthetique.com\/fr\/wp-json\/wp\/v2\/media\/12514"}],"wp:attachment":[{"href":"https:\/\/www.lateliercoiffureesthetique.com\/fr\/wp-json\/wp\/v2\/media?parent=10040"}],"wp:term":[{"taxonomy":"product_cat","embeddable":true,"href":"https:\/\/www.lateliercoiffureesthetique.com\/fr\/wp-json\/wp\/v2\/product_cat?post=10040"},{"taxonomy":"product_tag","embeddable":true,"href":"https:\/\/www.lateliercoiffureesthetique.com\/fr\/wp-json\/wp\/v2\/product_tag?post=10040"}],"curies":[{"name":"wp","href":"https:\/\/api.w.org\/{rel}","templated":true}]}}