{"id":10042,"date":"2021-03-20T17:03:28","date_gmt":"2021-03-20T22:03:28","guid":{"rendered":"https:\/\/www.lateliercoiffureesthetique.com\/?post_type=product&#038;p=10042"},"modified":"2026-02-04T19:06:26","modified_gmt":"2026-02-05T00:06:26","slug":"vital-conditioner-milk","status":"publish","type":"product","link":"https:\/\/www.lateliercoiffureesthetique.com\/fr\/produit\/vital-conditioner-milk\/","title":{"rendered":"Lait Vital Conditioner"},"content":{"rendered":"<p>[vc_row center_bck_image=\u00a0\u00bbno\u00a0\u00bb][vc_column][vc_empty_space][vc_column_text]<\/p>\n<h5><strong>COMMENT UTILISER\u00a0<\/strong><\/h5>\n<p>[\/vc_column_text][vc_column_text]<\/p>\n<div class=\"product_tabs ui-tabs ui-widget ui-widget-content ui-corner-all\">\n<div class=\"product_tabs-line\">\n<h6>Appliquer une quantit\u00e9 d&rsquo;un quart de Lait Vital sur les cheveux mouill\u00e9s en r\u00e9partissant uniform\u00e9ment sur les mi-longueurs et les pointes. Laisser agir 2-3 minutes et rincer abondamment.<\/h6>\n<\/div>\n<\/div>\n<p>[\/vc_column_text][vc_empty_space][\/vc_column][\/vc_row][vc_row center_bck_image=\u00a0\u00bbno\u00a0\u00bb][vc_column][vc_column_text]<\/p>\n<h5 style=\"text-align: left;\"><strong><span style=\"vertical-align: inherit;\"><span style=\"vertical-align: inherit;\">INGREDIENTS<\/span><\/span><\/strong><\/h5>\n<p>[\/vc_column_text][vc_column_text]<\/p>\n<h6>COMPLEXE IRISOME<\/h6>\n<h6>Lipides: pour am\u00e9liorer la production d&rsquo;huile naturelle.<br \/>\nGlucides: pour apporter un v\u00e9ritable regain d&rsquo;\u00e9nergie pour la nutrition de la fibre capillaire de la racine vers le haut.<br \/>\nProt\u00e9ines: pour nourrir la fibre et la tremper de douceur.<br \/>\nExtrait de rhizome d&rsquo;iris: pour prot\u00e9ger les cheveux de l&rsquo;oxydation et fournir une nutrition durable<\/h6>\n<p>[\/vc_column_text][\/vc_column][\/vc_row]<\/p>\n","protected":false},"excerpt":{"rendered":"<h6>Lait Vital est un revitalisant nourrissant sp\u00e9cialement con\u00e7u pour les cheveux normaux \u00e0 l\u00e9g\u00e8rement secs. Il nourrit et lisse la fibre, tout en la gardant l\u00e9g\u00e8re. Les cheveux sont prot\u00e9g\u00e9s de l&#039;oxydation et restent doucement nourris pour des cheveux \u00e9quilibr\u00e9s et sains.<\/h6>\n","protected":false},"featured_media":12515,"comment_status":"open","ping_status":"closed","template":"","meta":[],"product_cat":[187,200],"product_tag":[95],"_links":{"self":[{"href":"https:\/\/www.lateliercoiffureesthetique.com\/fr\/wp-json\/wp\/v2\/product\/10042"}],"collection":[{"href":"https:\/\/www.lateliercoiffureesthetique.com\/fr\/wp-json\/wp\/v2\/product"}],"about":[{"href":"https:\/\/www.lateliercoiffureesthetique.com\/fr\/wp-json\/wp\/v2\/types\/product"}],"replies":[{"embeddable":true,"href":"https:\/\/www.lateliercoiffureesthetique.com\/fr\/wp-json\/wp\/v2\/comments?post=10042"}],"wp:featuredmedia":[{"embeddable":true,"href":"https:\/\/www.lateliercoiffureesthetique.com\/fr\/wp-json\/wp\/v2\/media\/12515"}],"wp:attachment":[{"href":"https:\/\/www.lateliercoiffureesthetique.com\/fr\/wp-json\/wp\/v2\/media?parent=10042"}],"wp:term":[{"taxonomy":"product_cat","embeddable":true,"href":"https:\/\/www.lateliercoiffureesthetique.com\/fr\/wp-json\/wp\/v2\/product_cat?post=10042"},{"taxonomy":"product_tag","embeddable":true,"href":"https:\/\/www.lateliercoiffureesthetique.com\/fr\/wp-json\/wp\/v2\/product_tag?post=10042"}],"curies":[{"name":"wp","href":"https:\/\/api.w.org\/{rel}","templated":true}]}}