{"id":10048,"date":"2021-03-20T17:32:42","date_gmt":"2021-03-20T22:32:42","guid":{"rendered":"https:\/\/www.lateliercoiffureesthetique.com\/?post_type=product&#038;p=10048"},"modified":"2025-11-16T16:33:21","modified_gmt":"2025-11-16T21:33:21","slug":"masquintense-thick-hair-mask","status":"publish","type":"product","link":"https:\/\/www.lateliercoiffureesthetique.com\/fr\/produit\/masquintense-thick-hair-mask\/","title":{"rendered":"Masque cheveux \u00e9pais Masquintense"},"content":{"rendered":"<p>[vc_row center_bck_image=\u00a0\u00bbno\u00a0\u00bb][vc_column][vc_empty_space][vc_column_text]<\/p>\n<h5><strong>COMMENT UTILISER\u00a0<\/strong><\/h5>\n<p>[\/vc_column_text][vc_column_text]<\/p>\n<div class=\"product_tabs ui-tabs ui-widget ui-widget-content ui-corner-all\">\n<div class=\"product_tabs-line\">\n<h6>Apr\u00e8s avoir utilis\u00e9 le bon Bain Satin, appliquez une ou deux noisettes de Masquintense Thin Hair m\u00e8che par m\u00e8che sur cheveux essor\u00e9s. Massez soigneusement les cheveux.<\/h6>\n<h6>Laisser agir 5 \u00e0 10 minutes.<\/h6>\n<h6>\u00c9mulsionner et rincer abondamment. Serviette s\u00e8che cheveux.<\/h6>\n<\/div>\n<\/div>\n<p>[\/vc_column_text][vc_empty_space][\/vc_column][\/vc_row][vc_row center_bck_image=\u00a0\u00bbno\u00a0\u00bb][vc_column][vc_column_text]<\/p>\n<h5 style=\"text-align: left;\"><strong><span style=\"vertical-align: inherit;\"><span style=\"vertical-align: inherit;\">INGREDIENTS<\/span><\/span><\/strong><\/h5>\n<p>[\/vc_column_text][vc_column_text]<\/p>\n<h6>COMPLEXE IRISOME<\/h6>\n<h6>Lipides: pour am\u00e9liorer la production d&rsquo;huile naturelle.<br \/>\nGlucides: pour apporter un v\u00e9ritable regain d&rsquo;\u00e9nergie pour la nutrition de la fibre capillaire de la racine vers le haut.<br \/>\nProt\u00e9ines: pour nourrir la fibre et la tremper de douceur.<br \/>\nExtrait de rhizome d&rsquo;iris: pour prot\u00e9ger les cheveux de l&rsquo;oxydation et prolonger le r\u00e9sultat nutritionnel.<\/h6>\n<p>[\/vc_column_text][\/vc_column][\/vc_row]<\/p>\n","protected":false},"excerpt":{"rendered":"<h6>Masquintense Thick Hair est un masque de traitement nourrissant riche pour les cheveux \u00e9pais et secs qui ont besoin de nutrition. Alliant une forte concentration de nutriments et d&rsquo;actifs, le Complexe Irisome nourrit les cheveux de la racine \u00e0 la pointe et au c\u0153ur de la fibre pour plus de souplesse et de douceur. Il prot\u00e8ge la fibre de l&rsquo;oxydation, laisse les cheveux clairs et facilite le d\u00e9m\u00ealage.<\/h6>\n","protected":false},"featured_media":12517,"comment_status":"open","ping_status":"closed","template":"","meta":[],"product_cat":[187,200],"product_tag":[95],"_links":{"self":[{"href":"https:\/\/www.lateliercoiffureesthetique.com\/fr\/wp-json\/wp\/v2\/product\/10048"}],"collection":[{"href":"https:\/\/www.lateliercoiffureesthetique.com\/fr\/wp-json\/wp\/v2\/product"}],"about":[{"href":"https:\/\/www.lateliercoiffureesthetique.com\/fr\/wp-json\/wp\/v2\/types\/product"}],"replies":[{"embeddable":true,"href":"https:\/\/www.lateliercoiffureesthetique.com\/fr\/wp-json\/wp\/v2\/comments?post=10048"}],"wp:featuredmedia":[{"embeddable":true,"href":"https:\/\/www.lateliercoiffureesthetique.com\/fr\/wp-json\/wp\/v2\/media\/12517"}],"wp:attachment":[{"href":"https:\/\/www.lateliercoiffureesthetique.com\/fr\/wp-json\/wp\/v2\/media?parent=10048"}],"wp:term":[{"taxonomy":"product_cat","embeddable":true,"href":"https:\/\/www.lateliercoiffureesthetique.com\/fr\/wp-json\/wp\/v2\/product_cat?post=10048"},{"taxonomy":"product_tag","embeddable":true,"href":"https:\/\/www.lateliercoiffureesthetique.com\/fr\/wp-json\/wp\/v2\/product_tag?post=10048"}],"curies":[{"name":"wp","href":"https:\/\/api.w.org\/{rel}","templated":true}]}}