{"id":10065,"date":"2021-03-21T05:02:37","date_gmt":"2021-03-21T10:02:37","guid":{"rendered":"https:\/\/www.lateliercoiffureesthetique.com\/?post_type=product&#038;p=10065"},"modified":"2026-02-04T19:09:07","modified_gmt":"2026-02-05T00:09:07","slug":"nectar-thermique-heat-protector","status":"publish","type":"product","link":"https:\/\/www.lateliercoiffureesthetique.com\/fr\/produit\/nectar-thermique-heat-protector\/","title":{"rendered":"Protecteur de chaleur Nectar Thermique"},"content":{"rendered":"<p>[vc_row center_bck_image=\u00a0\u00bbno\u00a0\u00bb][vc_column][vc_empty_space][vc_column_text]<\/p>\n<h5><strong>COMMENT UTILISER\u00a0<\/strong><\/h5>\n<p>[\/vc_column_text][vc_column_text]<\/p>\n<div class=\"product_tabs ui-tabs ui-widget ui-widget-content ui-corner-all\">\n<div class=\"product_tabs-line\">\n<h6>Appliquer une quantit\u00e9 ch\u00e2tain de Nectar Thermique sur cheveux lav\u00e9s, conditionn\u00e9s et essor\u00e9s \u00e0 la serviette.<\/h6>\n<h6>Masser sur les longueurs et les pointes, puis proc\u00e9der au brushing \u00e0 l&rsquo;aide d&rsquo;un s\u00e8che-cheveux ou d&rsquo;un appareil de coiffage chauff\u00e9.<\/h6>\n<h6>Laisser dans.<\/h6>\n<\/div>\n<\/div>\n<p>[\/vc_column_text][vc_empty_space][\/vc_column][\/vc_row][vc_row center_bck_image=\u00a0\u00bbno\u00a0\u00bb][vc_column][vc_column_text]<\/p>\n<h5 style=\"text-align: left;\"><strong><span style=\"vertical-align: inherit;\"><span style=\"vertical-align: inherit;\">INGREDIENTS<\/span><\/span><\/strong><\/h5>\n<p>[\/vc_column_text][vc_column_text]<\/p>\n<h6>IRIS ROYAL COMPLEX:<br \/>\nRoyal Jelly Extract: rich in nutriments (Glucides, Proteins and Lipids) for softness and shine enhancing action.<br \/>\nIris Rhizome Extract: protects the hair from oxydation, prolonging the nutrition.<br \/>\n+ Xylose: thermo protective properties.<\/h6>\n<p>[\/vc_column_text][\/vc_column][\/vc_row]<\/p>\n","protected":false},"excerpt":{"rendered":"<h6>Nectar Thermique is a thermo protecting Milk for normal to dry hair. Its Iris Royal Complexe combines active ingredients to nourish and soften hair. Its gentle coating agents coats the hair fiber with a light veil that protects the hair from blow dry and heat styling damages. Hair is easier to style and looks instantly polished. Hair is treated against dullness and roughness for a shiny, glaze like finish.<\/h6>\n","protected":false},"featured_media":12519,"comment_status":"open","ping_status":"closed","template":"","meta":[],"product_cat":[187,200],"product_tag":[95],"_links":{"self":[{"href":"https:\/\/www.lateliercoiffureesthetique.com\/fr\/wp-json\/wp\/v2\/product\/10065"}],"collection":[{"href":"https:\/\/www.lateliercoiffureesthetique.com\/fr\/wp-json\/wp\/v2\/product"}],"about":[{"href":"https:\/\/www.lateliercoiffureesthetique.com\/fr\/wp-json\/wp\/v2\/types\/product"}],"replies":[{"embeddable":true,"href":"https:\/\/www.lateliercoiffureesthetique.com\/fr\/wp-json\/wp\/v2\/comments?post=10065"}],"wp:featuredmedia":[{"embeddable":true,"href":"https:\/\/www.lateliercoiffureesthetique.com\/fr\/wp-json\/wp\/v2\/media\/12519"}],"wp:attachment":[{"href":"https:\/\/www.lateliercoiffureesthetique.com\/fr\/wp-json\/wp\/v2\/media?parent=10065"}],"wp:term":[{"taxonomy":"product_cat","embeddable":true,"href":"https:\/\/www.lateliercoiffureesthetique.com\/fr\/wp-json\/wp\/v2\/product_cat?post=10065"},{"taxonomy":"product_tag","embeddable":true,"href":"https:\/\/www.lateliercoiffureesthetique.com\/fr\/wp-json\/wp\/v2\/product_tag?post=10065"}],"curies":[{"name":"wp","href":"https:\/\/api.w.org\/{rel}","templated":true}]}}