{"id":10122,"date":"2021-03-21T09:43:54","date_gmt":"2021-03-21T14:43:54","guid":{"rendered":"https:\/\/www.lateliercoiffureesthetique.com\/?post_type=product&#038;p=10122"},"modified":"2026-02-04T19:19:26","modified_gmt":"2026-02-05T00:19:26","slug":"bain-density-shampoo","status":"publish","type":"product","link":"https:\/\/www.lateliercoiffureesthetique.com\/fr\/produit\/bain-density-shampoo\/","title":{"rendered":"Shampooing Bain Densit\u00e9"},"content":{"rendered":"<p>[vc_row center_bck_image=\u00a0\u00bbno\u00a0\u00bb][vc_column][vc_empty_space][vc_column_text]<\/p>\n<h5><strong>COMMENT UTILISER\u00a0<\/strong><\/h5>\n<p>[\/vc_column_text][vc_column_text]<\/p>\n<div class=\"product_tabs ui-tabs ui-widget ui-widget-content ui-corner-all\">\n<div class=\"product_tabs-line\">\n<h6>Appliquer sur cheveux humides, \u00e9mulsionner, masser et rincer.<\/h6>\n<\/div>\n<\/div>\n<p>[\/vc_column_text][vc_empty_space][\/vc_column][\/vc_row][vc_row center_bck_image=\u00a0\u00bbno\u00a0\u00bb][vc_column][vc_column_text]<\/p>\n<h5 style=\"text-align: left;\"><strong><span style=\"vertical-align: inherit;\"><span style=\"vertical-align: inherit;\">INGREDIENTS<\/span><\/span><\/strong><\/h5>\n<p>[\/vc_column_text][vc_column_text]<\/p>\n<h6>Stemoxydine\u00ae: imite l&rsquo;environnement optimal des cellules souches qui permet leur interaction et r\u00e9veille les follicules dormants.<br \/>\nAcide hyaluronique: sel naturel qui retient jusqu&rsquo;\u00e0 1 000 fois son poids en humidit\u00e9. Hydrate et donne de la r\u00e9silience et de la rondeur aux cheveux.<br \/>\nGluco Peptide: il p\u00e9n\u00e8tre dans les couches les plus profondes de la cuticule pour compenser les irr\u00e9gularit\u00e9s de surface et restaurer l&rsquo;uniformit\u00e9. Les cheveux sont textur\u00e9s.<br \/>\n+ C\u00e9ramides: renforcent la fibre capillaire.<\/h6>\n<p>[\/vc_column_text][\/vc_column][\/vc_row]<\/p>\n","protected":false},"excerpt":{"rendered":"<h6>Ce shampooing quotidien est con\u00e7u pour la fibre capillaire en perte de densit\u00e9. Bain Densit\u00e9 renforce les cheveux au niveau de la fibre et r\u00e9veille les follicules dormants pour donner plus de texture, de substance et de r\u00e9silience aux cheveux. Le corps et le rebond sont restaur\u00e9s pour des cheveux qui semblent visiblement plus volumineux et plus \u00e9pais.<\/h6>\n","protected":false},"featured_media":12534,"comment_status":"open","ping_status":"closed","template":"","meta":[],"product_cat":[187,193],"product_tag":[95],"_links":{"self":[{"href":"https:\/\/www.lateliercoiffureesthetique.com\/fr\/wp-json\/wp\/v2\/product\/10122"}],"collection":[{"href":"https:\/\/www.lateliercoiffureesthetique.com\/fr\/wp-json\/wp\/v2\/product"}],"about":[{"href":"https:\/\/www.lateliercoiffureesthetique.com\/fr\/wp-json\/wp\/v2\/types\/product"}],"replies":[{"embeddable":true,"href":"https:\/\/www.lateliercoiffureesthetique.com\/fr\/wp-json\/wp\/v2\/comments?post=10122"}],"wp:featuredmedia":[{"embeddable":true,"href":"https:\/\/www.lateliercoiffureesthetique.com\/fr\/wp-json\/wp\/v2\/media\/12534"}],"wp:attachment":[{"href":"https:\/\/www.lateliercoiffureesthetique.com\/fr\/wp-json\/wp\/v2\/media?parent=10122"}],"wp:term":[{"taxonomy":"product_cat","embeddable":true,"href":"https:\/\/www.lateliercoiffureesthetique.com\/fr\/wp-json\/wp\/v2\/product_cat?post=10122"},{"taxonomy":"product_tag","embeddable":true,"href":"https:\/\/www.lateliercoiffureesthetique.com\/fr\/wp-json\/wp\/v2\/product_tag?post=10122"}],"curies":[{"name":"wp","href":"https:\/\/api.w.org\/{rel}","templated":true}]}}