{"id":10127,"date":"2021-03-21T10:00:52","date_gmt":"2021-03-21T15:00:52","guid":{"rendered":"https:\/\/www.lateliercoiffureesthetique.com\/en\/?post_type=product&#038;p=10127"},"modified":"2025-11-16T16:22:34","modified_gmt":"2025-11-16T21:22:34","slug":"density-hair-mask","status":"publish","type":"product","link":"https:\/\/www.lateliercoiffureesthetique.com\/fr\/produit\/density-hair-mask\/","title":{"rendered":"Masque Densit\u00e9 Masque Capillaire"},"content":{"rendered":"<p>[vc_row center_bck_image=\u00a0\u00bbno\u00a0\u00bb][vc_column][vc_empty_space][vc_column_text]<\/p>\n<h5><strong>COMMENT UTILISER\u00a0<\/strong><\/h5>\n<p>[\/vc_column_text][vc_column_text]<\/p>\n<div class=\"product_tabs ui-tabs ui-widget ui-widget-content ui-corner-all\">\n<div class=\"product_tabs-line\">\n<h6>Appliquer sur cheveux lav\u00e9s et essor\u00e9s \u00e0 2 \u00e0 3 cm des racines. Massez sur les longueurs et les pointes. Laisser agir 3 \u00e0 5 minutes. \u00c9mulsionner et rincer abondamment.<\/h6>\n<\/div>\n<\/div>\n<p>[\/vc_column_text][vc_empty_space][\/vc_column][\/vc_row][vc_row center_bck_image=\u00a0\u00bbno\u00a0\u00bb][vc_column][vc_column_text]<\/p>\n<h5 style=\"text-align: left;\"><strong><span style=\"vertical-align: inherit;\"><span style=\"vertical-align: inherit;\">INGREDIENTS<\/span><\/span><\/strong><\/h5>\n<p>[\/vc_column_text][vc_column_text]<\/p>\n<h6>Stemoxydine\u00ae: imite l&rsquo;environnement optimal des cellules souches qui permet leur interaction et r\u00e9veille les follicules dormants.<br \/>\nAcide hyaluronique: sel naturel qui retient jusqu&rsquo;\u00e0 1 000 fois son poids en humidit\u00e9. Hydrate et donne de la r\u00e9silience et de la rondeur aux cheveux.<br \/>\nGluco Peptide: p\u00e9n\u00e8tre dans les couches les plus profondes de la cuticule pour compenser les irr\u00e9gularit\u00e9s de surface et restaurer l&rsquo;uniformit\u00e9. Les cheveux sont textur\u00e9s.<br \/>\nC\u00e9ramides: renforcent la fibre capillaire.<\/h6>\n<p>[\/vc_column_text][\/vc_column][\/vc_row]<\/p>\n","protected":false},"excerpt":{"rendered":"<h6 class=\"product_subtitle \">R\u00e9g\u00e9n\u00e9rez vos cheveux avec Masque Densit\u00e9, un masque capillaire hydratant qui apporte lissage et l\u00e9g\u00e8ret\u00e9 aux cheveux en manque de densit\u00e9.<\/h6>\n","protected":false},"featured_media":12523,"comment_status":"open","ping_status":"closed","template":"","meta":[],"product_cat":[187,193],"product_tag":[95],"_links":{"self":[{"href":"https:\/\/www.lateliercoiffureesthetique.com\/fr\/wp-json\/wp\/v2\/product\/10127"}],"collection":[{"href":"https:\/\/www.lateliercoiffureesthetique.com\/fr\/wp-json\/wp\/v2\/product"}],"about":[{"href":"https:\/\/www.lateliercoiffureesthetique.com\/fr\/wp-json\/wp\/v2\/types\/product"}],"replies":[{"embeddable":true,"href":"https:\/\/www.lateliercoiffureesthetique.com\/fr\/wp-json\/wp\/v2\/comments?post=10127"}],"wp:featuredmedia":[{"embeddable":true,"href":"https:\/\/www.lateliercoiffureesthetique.com\/fr\/wp-json\/wp\/v2\/media\/12523"}],"wp:attachment":[{"href":"https:\/\/www.lateliercoiffureesthetique.com\/fr\/wp-json\/wp\/v2\/media?parent=10127"}],"wp:term":[{"taxonomy":"product_cat","embeddable":true,"href":"https:\/\/www.lateliercoiffureesthetique.com\/fr\/wp-json\/wp\/v2\/product_cat?post=10127"},{"taxonomy":"product_tag","embeddable":true,"href":"https:\/\/www.lateliercoiffureesthetique.com\/fr\/wp-json\/wp\/v2\/product_tag?post=10127"}],"curies":[{"name":"wp","href":"https:\/\/api.w.org\/{rel}","templated":true}]}}