{"id":10155,"date":"2021-03-21T11:52:13","date_gmt":"2021-03-21T16:52:13","guid":{"rendered":"https:\/\/www.lateliercoiffureesthetique.com\/?post_type=product&#038;p=10155"},"modified":"2026-02-04T19:22:16","modified_gmt":"2026-02-05T00:22:16","slug":"fluidealist-bath","status":"publish","type":"product","link":"https:\/\/www.lateliercoiffureesthetique.com\/fr\/produit\/fluidealist-bath\/","title":{"rendered":"Bain Fluidealiste"},"content":{"rendered":"<p>[vc_row center_bck_image=\u00a0\u00bbno\u00a0\u00bb][vc_column][vc_empty_space][vc_column_text]<\/p>\n<h5><strong>COMMENT UTILISER\u00a0<\/strong><\/h5>\n<p>[\/vc_column_text][vc_column_text]<\/p>\n<div class=\"product_tabs ui-tabs ui-widget ui-widget-content ui-corner-all\">\n<div class=\"product_tabs-line\">\n<h6>Appliquer sur cheveux humides, commencer par les racines et r\u00e9partir sur les longueurs, \u00e9mulsionner, masser et rincer.<\/h6>\n<\/div>\n<\/div>\n<p>[\/vc_column_text][vc_empty_space][\/vc_column][\/vc_row][vc_row center_bck_image=\u00a0\u00bbno\u00a0\u00bb][vc_column][vc_column_text]<\/p>\n<h5><strong><span style=\"vertical-align: inherit;\"><span style=\"vertical-align: inherit;\">INGREDIENTS<\/span><\/span><\/strong><\/h5>\n<p>[\/vc_column_text][vc_column_text]<\/p>\n<h6>COMPLEXE MORPHO-KERATINE \u2122:<br \/>\nAgents morpho-constituants + polym\u00e8res de morphing de surface<br \/>\nRestaure l&rsquo;homog\u00e9n\u00e9it\u00e9 de la fibre capillaire et recouvre la fibre pour offrir une maniabilit\u00e9 et une protection anti-frisottis.<br \/>\n+ Surface Perfector: rend les cheveux lisses, doux et faciles \u00e0 d\u00e9m\u00ealer.<br \/>\n+ High Precision Care Agent: restauration au toucher naturel. Effet en apesanteur.<\/h6>\n<p>[\/vc_column_text][\/vc_column][\/vc_row]<\/p>\n","protected":false},"excerpt":{"rendered":"<h6>Bain Fluid\u00e9aliste a \u00e9t\u00e9 con\u00e7u pour les cheveux fins \u00e0 normaux ing\u00e9rables, indisciplin\u00e9s et difficiles \u00e0 coiffer. Ce gel riche, blanc et cr\u00e9meux associe des ingr\u00e9dients actifs pour nettoyer en douceur les cheveux jusqu&rsquo;\u00e0 la racine, tout en apportant juste la bonne dose de soin uniforme et uniform\u00e9ment r\u00e9parti pour restaurer la fibre capillaire et le toucher naturel. Offrant un mouvement id\u00e9al, les cheveux gardent un fini doux et souple.<\/h6>\n","protected":false},"featured_media":10156,"comment_status":"open","ping_status":"closed","template":"","meta":[],"product_cat":[187,192],"product_tag":[95],"_links":{"self":[{"href":"https:\/\/www.lateliercoiffureesthetique.com\/fr\/wp-json\/wp\/v2\/product\/10155"}],"collection":[{"href":"https:\/\/www.lateliercoiffureesthetique.com\/fr\/wp-json\/wp\/v2\/product"}],"about":[{"href":"https:\/\/www.lateliercoiffureesthetique.com\/fr\/wp-json\/wp\/v2\/types\/product"}],"replies":[{"embeddable":true,"href":"https:\/\/www.lateliercoiffureesthetique.com\/fr\/wp-json\/wp\/v2\/comments?post=10155"}],"wp:featuredmedia":[{"embeddable":true,"href":"https:\/\/www.lateliercoiffureesthetique.com\/fr\/wp-json\/wp\/v2\/media\/10156"}],"wp:attachment":[{"href":"https:\/\/www.lateliercoiffureesthetique.com\/fr\/wp-json\/wp\/v2\/media?parent=10155"}],"wp:term":[{"taxonomy":"product_cat","embeddable":true,"href":"https:\/\/www.lateliercoiffureesthetique.com\/fr\/wp-json\/wp\/v2\/product_cat?post=10155"},{"taxonomy":"product_tag","embeddable":true,"href":"https:\/\/www.lateliercoiffureesthetique.com\/fr\/wp-json\/wp\/v2\/product_tag?post=10155"}],"curies":[{"name":"wp","href":"https:\/\/api.w.org\/{rel}","templated":true}]}}