{"id":10170,"date":"2021-03-21T13:03:21","date_gmt":"2021-03-21T18:03:21","guid":{"rendered":"https:\/\/www.lateliercoiffureesthetique.com\/?post_type=product&#038;p=10170"},"modified":"2025-11-16T16:26:14","modified_gmt":"2025-11-16T21:26:14","slug":"maskeratine-hair-mask","status":"publish","type":"product","link":"https:\/\/www.lateliercoiffureesthetique.com\/fr\/produit\/maskeratine-hair-mask\/","title":{"rendered":"Masque capillaire Maskeratine"},"content":{"rendered":"<p>[vc_row center_bck_image=\u00a0\u00bbno\u00a0\u00bb][vc_column][vc_empty_space][vc_column_text]<\/p>\n<h5><strong>COMMENT UTILISER\u00a0<\/strong><\/h5>\n<p>[\/vc_column_text][vc_column_text]<\/p>\n<div class=\"product_tabs ui-tabs ui-widget ui-widget-content ui-corner-all\">\n<div class=\"product_tabs-line\">\n<h6>Utiliser une fois par semaine pour les cheveux sensibilis\u00e9s ou \u00e0 chaque lavage pour les cheveux plus \u00e9pais. Appliquer sur cheveux lav\u00e9s et essor\u00e9s. Massez sur les longueurs et les pointes. Laisser agir 5 minutes. \u00c9mulsionner et rincer abondamment.<\/h6>\n<\/div>\n<\/div>\n<p>[\/vc_column_text][vc_empty_space][\/vc_column][\/vc_row][vc_row center_bck_image=\u00a0\u00bbno\u00a0\u00bb][vc_column][vc_column_text]<\/p>\n<h5 style=\"text-align: left;\"><strong><span style=\"vertical-align: inherit;\"><span style=\"vertical-align: inherit;\">INGREDIENTS<\/span><\/span><\/strong><\/h5>\n<p>[\/vc_column_text][vc_column_text]<\/p>\n<h6>COMPLEXE MORPHO KERATINE \u2122:<br \/>\nAgents morpho constituants + polym\u00e8res de morphing de surface<br \/>\nRestaure l&rsquo;homog\u00e9n\u00e9it\u00e9 de la fibre capillaire et recouvre la fibre pour offrir une maniabilit\u00e9 et une protection anti-frisottis.<br \/>\n+ Agents adoucissants: apportent une douceur extr\u00eame \u00e0 la fibre.<br \/>\n+ Agents lipidiques: association de lipides cosm\u00e9tiques pour une action d&rsquo;enrobage et une protection anti-frisottis.<br \/>\n+ Amidon optimis\u00e9: enduit la fibre pour maintenir la texture des cheveux.<\/h6>\n<p>[\/vc_column_text][\/vc_column][\/vc_row]<\/p>\n","protected":false},"excerpt":{"rendered":"<h6>Mask\u00e9ratine est un masque de soin en profondeur con\u00e7u pour les cheveux \u00e9pais et indisciplin\u00e9s qui ont besoin de douceur. Son Complexe Morpho K\u00e9ratine \u2122 enrobe la fibre et lui redonne son homog\u00e9n\u00e9it\u00e9 pour offrir maniabilit\u00e9 et protection anti-frisottis. Une fois ce gel dense, lisse et succulent rinc\u00e9, les cheveux sont plus doux, plus faciles \u00e0 d\u00e9m\u00ealer et \u00e0 reconstituer afin qu&#039;ils ne r\u00e9sistent pas au coiffage.<\/h6>\n","protected":false},"featured_media":12487,"comment_status":"open","ping_status":"closed","template":"","meta":[],"product_cat":[187,192],"product_tag":[95],"_links":{"self":[{"href":"https:\/\/www.lateliercoiffureesthetique.com\/fr\/wp-json\/wp\/v2\/product\/10170"}],"collection":[{"href":"https:\/\/www.lateliercoiffureesthetique.com\/fr\/wp-json\/wp\/v2\/product"}],"about":[{"href":"https:\/\/www.lateliercoiffureesthetique.com\/fr\/wp-json\/wp\/v2\/types\/product"}],"replies":[{"embeddable":true,"href":"https:\/\/www.lateliercoiffureesthetique.com\/fr\/wp-json\/wp\/v2\/comments?post=10170"}],"wp:featuredmedia":[{"embeddable":true,"href":"https:\/\/www.lateliercoiffureesthetique.com\/fr\/wp-json\/wp\/v2\/media\/12487"}],"wp:attachment":[{"href":"https:\/\/www.lateliercoiffureesthetique.com\/fr\/wp-json\/wp\/v2\/media?parent=10170"}],"wp:term":[{"taxonomy":"product_cat","embeddable":true,"href":"https:\/\/www.lateliercoiffureesthetique.com\/fr\/wp-json\/wp\/v2\/product_cat?post=10170"},{"taxonomy":"product_tag","embeddable":true,"href":"https:\/\/www.lateliercoiffureesthetique.com\/fr\/wp-json\/wp\/v2\/product_tag?post=10170"}],"curies":[{"name":"wp","href":"https:\/\/api.w.org\/{rel}","templated":true}]}}