{"id":10181,"date":"2021-03-21T13:29:47","date_gmt":"2021-03-21T18:29:47","guid":{"rendered":"https:\/\/www.lateliercoiffureesthetique.com\/?post_type=product&#038;p=10181"},"modified":"2025-11-16T16:24:46","modified_gmt":"2025-11-16T21:24:46","slug":"keratine-thermique-heat-protector","status":"publish","type":"product","link":"https:\/\/www.lateliercoiffureesthetique.com\/fr\/produit\/keratine-thermique-heat-protector\/","title":{"rendered":"K\u00e9ratine Thermique Heat Protector"},"content":{"rendered":"<p>[vc_row center_bck_image=\u00a0\u00bbno\u00a0\u00bb][vc_column][vc_empty_space][vc_column_text]<\/p>\n<h5><strong>COMMENT UTILISER\u00a0<\/strong><\/h5>\n<p>[\/vc_column_text][vc_column_text]<\/p>\n<div class=\"product_tabs ui-tabs ui-widget ui-widget-content ui-corner-all\">\n<div class=\"product_tabs-line\">\n<h6>Appliquer sur cheveux lav\u00e9s et essor\u00e9s.<br \/>\nMassez sur les longueurs et les pointes. Proc\u00e9der au brushing. Laisser dans.<\/h6>\n<\/div>\n<\/div>\n<p>[\/vc_column_text][vc_empty_space][\/vc_column][\/vc_row][vc_row center_bck_image=\u00a0\u00bbno\u00a0\u00bb][vc_column][vc_column_text]<\/p>\n<h5 style=\"text-align: left;\"><strong><span style=\"vertical-align: inherit;\"><span style=\"vertical-align: inherit;\">INGREDIENTS<\/span><\/span><\/strong><\/h5>\n<p>[\/vc_column_text][vc_column_text]<\/p>\n<h6>COMPLEXE MORPHO KERATINE \u2122:<br \/>\nMORPHO KERATINE \u2122 (Morpho Constituing Agents + Surface Morphing Polymers)<br \/>\nEnrobe chaque fibre capillaire d&rsquo;un rev\u00eatement l\u00e9ger comme une plume, r\u00e9tablissant l&rsquo;uniformit\u00e9, la solidit\u00e9 et la douceur de la fibre pour des cheveux parfaitement apprivois\u00e9s.<br \/>\nPOLYM\u00c8RE AUTO R\u00c9TICULAIRE Cr\u00e9e un film hydrophobe qui apprivoise les frisottis et prot\u00e8ge de l&rsquo;humidit\u00e9.<br \/>\nC\u00e9ramide 1.000: concentration la plus \u00e9lev\u00e9e de c\u00e9ramides pour prot\u00e9ger de la casse et renforcer les cheveux.<br \/>\nXylose: principe actif reconnu pour ses propri\u00e9t\u00e9s de protection thermique.<\/h6>\n<p>[\/vc_column_text][\/vc_column][\/vc_row]<\/p>\n","protected":false},"excerpt":{"rendered":"<h6>K\u00e9ratine Thermique est un lait de brushing protecteur contre la chaleur pour les cheveux indisciplin\u00e9s qui ont besoin de discipline. Les agents thermo-protecteurs de ce lait scellent les \u00e9cailles de la fibre capillaire en la prot\u00e9geant du s\u00e8che-cheveux et des outils de coiffage chauffants jusqu&#039;\u00e0 180 \u00b0 C. Les propri\u00e9t\u00e9s d&#039;apprivoisement en profondeur facilitent le brushing, r\u00e9duisant le temps pass\u00e9 \u00e0 coiffer les cheveux. Les propri\u00e9t\u00e9s anti-humidit\u00e9 et anti-frisottis garantissent que les cheveux coiff\u00e9s restent plus lisses plus longtemps. Les cheveux sont brillants et plus fluides avec une finition parfaitement glac\u00e9e.<\/h6>\n","protected":false},"featured_media":12485,"comment_status":"open","ping_status":"closed","template":"","meta":[],"product_cat":[187,192],"product_tag":[95],"_links":{"self":[{"href":"https:\/\/www.lateliercoiffureesthetique.com\/fr\/wp-json\/wp\/v2\/product\/10181"}],"collection":[{"href":"https:\/\/www.lateliercoiffureesthetique.com\/fr\/wp-json\/wp\/v2\/product"}],"about":[{"href":"https:\/\/www.lateliercoiffureesthetique.com\/fr\/wp-json\/wp\/v2\/types\/product"}],"replies":[{"embeddable":true,"href":"https:\/\/www.lateliercoiffureesthetique.com\/fr\/wp-json\/wp\/v2\/comments?post=10181"}],"wp:featuredmedia":[{"embeddable":true,"href":"https:\/\/www.lateliercoiffureesthetique.com\/fr\/wp-json\/wp\/v2\/media\/12485"}],"wp:attachment":[{"href":"https:\/\/www.lateliercoiffureesthetique.com\/fr\/wp-json\/wp\/v2\/media?parent=10181"}],"wp:term":[{"taxonomy":"product_cat","embeddable":true,"href":"https:\/\/www.lateliercoiffureesthetique.com\/fr\/wp-json\/wp\/v2\/product_cat?post=10181"},{"taxonomy":"product_tag","embeddable":true,"href":"https:\/\/www.lateliercoiffureesthetique.com\/fr\/wp-json\/wp\/v2\/product_tag?post=10181"}],"curies":[{"name":"wp","href":"https:\/\/api.w.org\/{rel}","templated":true}]}}