{"id":10399,"date":"2021-03-22T15:59:02","date_gmt":"2021-03-22T20:59:02","guid":{"rendered":"https:\/\/www.lateliercoiffureesthetique.com\/?post_type=product&#038;p=10399"},"modified":"2026-02-04T19:29:50","modified_gmt":"2026-02-05T00:29:50","slug":"bain-vital-dermo-calm-shampoo","status":"publish","type":"product","link":"https:\/\/www.lateliercoiffureesthetique.com\/fr\/produit\/bain-vital-dermo-calm-shampoo\/","title":{"rendered":"Shampooing Bain Vital Dermo-Calm"},"content":{"rendered":"<p>[vc_row center_bck_image=\u00a0\u00bbno\u00a0\u00bb][vc_column][vc_empty_space][vc_column_text]<\/p>\n<h5><strong>COMMENT UTILISER\u00a0<\/strong><\/h5>\n<p>[\/vc_column_text][vc_column_text]<\/p>\n<div class=\"product_tabs ui-tabs ui-widget ui-widget-content ui-corner-all\">\n<div class=\"product_tabs-line\">\n<h6>Appliquer sur cheveux mouill\u00e9s, masser du bout des doigts pour activer la micro circulation.<\/h6>\n<\/div>\n<\/div>\n<p>[\/vc_column_text][vc_empty_space][\/vc_column][\/vc_row][vc_row center_bck_image=\u00a0\u00bbno\u00a0\u00bb][vc_column][vc_column_text]<\/p>\n<h5 style=\"text-align: left;\"><strong><span style=\"vertical-align: inherit;\"><span style=\"vertical-align: inherit;\">INGREDIENTS<\/span><\/span><\/strong><\/h5>\n<p>[\/vc_column_text][vc_column_text]<\/p>\n<h6>Huile de calophyllum: pour calmer les irritations et apaiser les inflammations<br \/>\nPiroctone Olamine: pour pr\u00e9venir les d\u00e9mangeaisons gr\u00e2ce \u00e0 des propri\u00e9t\u00e9s anti-doigts et antibact\u00e9riennes<br \/>\nGlyc\u00e9rol: pour hydrater, d\u00e9tendre et adoucir le cuir chevelu en le prot\u00e9geant des agressions ext\u00e9rieures<br \/>\nD\u00e9riv\u00e9 de menthol: pour rafra\u00eechir en douceur le cuir chevelu.<br \/>\nHypoallerg\u00e9nique et test\u00e9 sous contr\u00f4le dermatologique.<br \/>\nFormule sans silicone<\/h6>\n<p>[\/vc_column_text][\/vc_column][\/vc_row]<\/p>\n","protected":false},"excerpt":{"rendered":"<h6>Formule test\u00e9e dermatologiquement qui combat les causes des d\u00e9mangeaisons et de la sensibilit\u00e9 du cuir chevelu, Bain Vital Dermo Calm \u00e9limine les impuret\u00e9s et l&#039;inflammation. Le cuir chevelu est apais\u00e9 et hydrat\u00e9 pour une sensation de d\u00e9tente instantan\u00e9e. Les cheveux retrouvent l\u00e9g\u00e8ret\u00e9 et vitalit\u00e9.<\/h6>\n","protected":false},"featured_media":12525,"comment_status":"open","ping_status":"closed","template":"","meta":[],"product_cat":[187,283],"product_tag":[95],"_links":{"self":[{"href":"https:\/\/www.lateliercoiffureesthetique.com\/fr\/wp-json\/wp\/v2\/product\/10399"}],"collection":[{"href":"https:\/\/www.lateliercoiffureesthetique.com\/fr\/wp-json\/wp\/v2\/product"}],"about":[{"href":"https:\/\/www.lateliercoiffureesthetique.com\/fr\/wp-json\/wp\/v2\/types\/product"}],"replies":[{"embeddable":true,"href":"https:\/\/www.lateliercoiffureesthetique.com\/fr\/wp-json\/wp\/v2\/comments?post=10399"}],"wp:featuredmedia":[{"embeddable":true,"href":"https:\/\/www.lateliercoiffureesthetique.com\/fr\/wp-json\/wp\/v2\/media\/12525"}],"wp:attachment":[{"href":"https:\/\/www.lateliercoiffureesthetique.com\/fr\/wp-json\/wp\/v2\/media?parent=10399"}],"wp:term":[{"taxonomy":"product_cat","embeddable":true,"href":"https:\/\/www.lateliercoiffureesthetique.com\/fr\/wp-json\/wp\/v2\/product_cat?post=10399"},{"taxonomy":"product_tag","embeddable":true,"href":"https:\/\/www.lateliercoiffureesthetique.com\/fr\/wp-json\/wp\/v2\/product_tag?post=10399"}],"curies":[{"name":"wp","href":"https:\/\/api.w.org\/{rel}","templated":true}]}}