{"id":10414,"date":"2021-03-22T16:43:12","date_gmt":"2021-03-22T21:43:12","guid":{"rendered":"https:\/\/www.lateliercoiffureesthetique.com\/?post_type=product&#038;p=10414"},"modified":"2025-11-16T16:43:47","modified_gmt":"2025-11-16T21:43:47","slug":"hydra-soothing-hair-mask","status":"publish","type":"product","link":"https:\/\/www.lateliercoiffureesthetique.com\/fr\/produit\/hydra-soothing-hair-mask\/","title":{"rendered":"Masque Hydra Apaisant"},"content":{"rendered":"<p>[vc_row center_bck_image=\u00a0\u00bbno\u00a0\u00bb][vc_column][vc_empty_space][vc_column_text]<\/p>\n<h5><strong>COMMENT UTILISER\u00a0<\/strong><\/h5>\n<p>[\/vc_column_text][vc_column_text]<\/p>\n<div class=\"product_tabs ui-tabs ui-widget ui-widget-content ui-corner-all\">\n<div class=\"product_tabs-line\">\n<h6>Appliquer sur le cuir chevelu sur cheveux mouill\u00e9s et non essor\u00e9s, puis masser en \u00e9tendant sur les longueurs des cheveux. Laisser agir 3 minutes, puis rincer.<\/h6>\n<\/div>\n<\/div>\n<p>[\/vc_column_text][vc_empty_space][\/vc_column][\/vc_row][vc_row center_bck_image=\u00a0\u00bbno\u00a0\u00bb][vc_column][vc_column_text]<\/p>\n<h5 style=\"text-align: left;\"><strong><span style=\"vertical-align: inherit;\"><span style=\"vertical-align: inherit;\">INGREDIENTS<\/span><\/span><\/strong><\/h5>\n<p>[\/vc_column_text][vc_column_text]<\/p>\n<h6>OCTOPIROX2 500PPL Carnosine: antioxydant concentr\u00e9 pour pr\u00e9venir les troubles induits par les agressions ext\u00e9rieures telles que la pollution, la fum\u00e9e de cigarette ou l&rsquo;exposition au soleil.<br \/>\nVitamine E: un antioxydant puissant qui prot\u00e8ge contre les dommages externes ainsi que pour prot\u00e9ger les cheveux et r\u00e9duire la d\u00e9coloration de la couleur naturelle<br \/>\nMoringa: pour \u00e9liminer l&rsquo;adh\u00e9rence des particules polluantes favorisant la brillance et la facilit\u00e9 de peignage des cheveux<br \/>\nFormule sans silicone.M: Aide \u00e0 \u00e9liminer le cuir chevelu sec et gras, purifie le calpe. RHAMNOSE: Stimule l&rsquo;activit\u00e9 des fibroblastes pour am\u00e9liorer la qualit\u00e9 du cuir chevelu. COMPLEXEAOX: Emp\u00eache l&rsquo;oxydation du s\u00e9bum.<\/h6>\n<p>[\/vc_column_text][\/vc_column][\/vc_row]<\/p>\n","protected":false},"excerpt":{"rendered":"<h6>Ce masque hydrate et apaise le cuir chevelu pour am\u00e9liorer la qualit\u00e9 de la peau et la d\u00e9fense du cuir chevelu contre les probl\u00e8mes secs et gras. Sans silicone, les ingr\u00e9dients cl\u00e9s du masque aident \u00e0 purifier le cuir chevelu, \u00e0 traiter les racines grasses, les pellicules, le cuir chevelu irrit\u00e9 et qui d\u00e9mange ainsi que les probl\u00e8mes de perte de cheveux. Les cheveux sont nourris comme s&#039;ils \u00e9taient renouvel\u00e9s.<\/h6>\n","protected":false},"featured_media":12456,"comment_status":"open","ping_status":"closed","template":"","meta":[],"product_cat":[187,283],"product_tag":[95],"_links":{"self":[{"href":"https:\/\/www.lateliercoiffureesthetique.com\/fr\/wp-json\/wp\/v2\/product\/10414"}],"collection":[{"href":"https:\/\/www.lateliercoiffureesthetique.com\/fr\/wp-json\/wp\/v2\/product"}],"about":[{"href":"https:\/\/www.lateliercoiffureesthetique.com\/fr\/wp-json\/wp\/v2\/types\/product"}],"replies":[{"embeddable":true,"href":"https:\/\/www.lateliercoiffureesthetique.com\/fr\/wp-json\/wp\/v2\/comments?post=10414"}],"wp:featuredmedia":[{"embeddable":true,"href":"https:\/\/www.lateliercoiffureesthetique.com\/fr\/wp-json\/wp\/v2\/media\/12456"}],"wp:attachment":[{"href":"https:\/\/www.lateliercoiffureesthetique.com\/fr\/wp-json\/wp\/v2\/media?parent=10414"}],"wp:term":[{"taxonomy":"product_cat","embeddable":true,"href":"https:\/\/www.lateliercoiffureesthetique.com\/fr\/wp-json\/wp\/v2\/product_cat?post=10414"},{"taxonomy":"product_tag","embeddable":true,"href":"https:\/\/www.lateliercoiffureesthetique.com\/fr\/wp-json\/wp\/v2\/product_tag?post=10414"}],"curies":[{"name":"wp","href":"https:\/\/api.w.org\/{rel}","templated":true}]}}