{"id":10485,"date":"2021-03-23T05:56:02","date_gmt":"2021-03-23T10:56:02","guid":{"rendered":"https:\/\/www.lateliercoiffureesthetique.com\/en\/?post_type=product&#038;p=10485"},"modified":"2024-03-29T17:08:15","modified_gmt":"2024-03-29T22:08:15","slug":"ker-scrub-energisant-250ml-new","status":"publish","type":"product","link":"https:\/\/www.lateliercoiffureesthetique.com\/fr\/produit\/ker-scrub-energisant-250ml-new\/","title":{"rendered":"Exfoliant apaisant pour cuir chevelu Scrub Apaisant"},"content":{"rendered":"<p>[vc_row center_bck_image=\u00a0\u00bbno\u00a0\u00bb][vc_column][vc_empty_space][vc_column_text]<\/p>\n<h5><strong>COMMENT UTILISER\u00a0<\/strong><\/h5>\n<p>[\/vc_column_text][vc_column_text]<\/p>\n<div class=\"product_tabs ui-tabs ui-widget ui-widget-content ui-corner-all\">\n<div class=\"product_tabs-line\">\n<h6>Sur cheveux mouill\u00e9s uniquement, commencez \u00e0 appliquer doucement une quantit\u00e9 de la taille d&rsquo;une noix sur le cuir chevelu (sur le dessus, sur les tempes, sur la couronne et sur la nuque). Massez doucement le cuir chevelu, ajoutez de l&rsquo;eau sur le cuir chevelu de temps en temps pour aider le produit \u00e0 cr\u00e9er une mousse \u00e9paisse. Rincez abondamment. Toujours suivre avec un traitement sur les longueurs et les pointes. Id\u00e9al pour utiliser Scrub Energisant une fois par semaine.<\/h6>\n<\/div>\n<\/div>\n<p>[\/vc_column_text][vc_empty_space][\/vc_column][\/vc_row][vc_row center_bck_image=\u00a0\u00bbno\u00a0\u00bb][vc_column][vc_column_text]<\/p>\n<h5 style=\"text-align: left;\"><strong><span style=\"vertical-align: inherit;\"><span style=\"vertical-align: inherit;\">INGREDIENTS<\/span><\/span><\/strong><\/h5>\n<p>[\/vc_column_text][vc_column_text]<\/p>\n<h6>SEA SALT purifie de tous les r\u00e9sidus<br \/>\nVITAMINE B6 nettoie le cuir chevelu et favorise la croissance des cheveux<br \/>\nACIDE SALICYLIQUE Propri\u00e9t\u00e9s exfoliantes efficaces<\/h6>\n<p>[\/vc_column_text][\/vc_column][\/vc_row]<\/p>\n","protected":false},"excerpt":{"rendered":"<h6>Un gel exfoliant apaisant \u00e0 l\u2019\u00e9corce d\u2019orange douce qui nettoie le cuir chevelu en profondeur tout en apaisant l\u2019irritation et en maintenant un niveau d\u2019hydratation optimal.<\/h6>\n","protected":false},"featured_media":12446,"comment_status":"open","ping_status":"closed","template":"","meta":[],"product_cat":[187,287],"product_tag":[95],"_links":{"self":[{"href":"https:\/\/www.lateliercoiffureesthetique.com\/fr\/wp-json\/wp\/v2\/product\/10485"}],"collection":[{"href":"https:\/\/www.lateliercoiffureesthetique.com\/fr\/wp-json\/wp\/v2\/product"}],"about":[{"href":"https:\/\/www.lateliercoiffureesthetique.com\/fr\/wp-json\/wp\/v2\/types\/product"}],"replies":[{"embeddable":true,"href":"https:\/\/www.lateliercoiffureesthetique.com\/fr\/wp-json\/wp\/v2\/comments?post=10485"}],"wp:featuredmedia":[{"embeddable":true,"href":"https:\/\/www.lateliercoiffureesthetique.com\/fr\/wp-json\/wp\/v2\/media\/12446"}],"wp:attachment":[{"href":"https:\/\/www.lateliercoiffureesthetique.com\/fr\/wp-json\/wp\/v2\/media?parent=10485"}],"wp:term":[{"taxonomy":"product_cat","embeddable":true,"href":"https:\/\/www.lateliercoiffureesthetique.com\/fr\/wp-json\/wp\/v2\/product_cat?post=10485"},{"taxonomy":"product_tag","embeddable":true,"href":"https:\/\/www.lateliercoiffureesthetique.com\/fr\/wp-json\/wp\/v2\/product_tag?post=10485"}],"curies":[{"name":"wp","href":"https:\/\/api.w.org\/{rel}","templated":true}]}}