{"id":10548,"date":"2021-03-25T07:25:55","date_gmt":"2021-03-25T11:25:55","guid":{"rendered":"https:\/\/www.lateliercoiffureesthetique.com\/?post_type=product&#038;p=10548"},"modified":"2023-02-25T19:31:19","modified_gmt":"2023-02-26T00:31:19","slug":"shampure","status":"publish","type":"product","link":"https:\/\/www.lateliercoiffureesthetique.com\/fr\/produit\/shampure\/","title":{"rendered":"Shampure"},"content":{"rendered":"<p>[vc_row center_bck_image=\u00a0\u00bbno\u00a0\u00bb][vc_column][vc_empty_space][vc_column_text]<\/p>\n<h5 class=\"product-info-area__header js-product-info-trigger\" tabindex=\"0\" role=\"link\" data-info-section=\"ATTRIBUTE_BENEFIT\"><strong>D\u00c9TAILS<\/strong><\/h5>\n<p>[\/vc_column_text][vc_column_text]<\/p>\n<div class=\"site-content\">\n<div class=\"block block-system block-system-main\">\n<div class=\"content\">\n<div class=\"spp__container spp-content js-spp-content js-spp-content-focus\">\n<div class=\"js-product product-full product-full__container spp-data product-full--enhancement\" data-product-id=\"PROD16858\" data-sku-base-id=\"33991\">\n<section class=\"product-full__top clearfix\">\n<div class=\"product-full__details js-move-asp-copy\">\n<div class=\"js-product-full-info-area product-full__info-area clearfix\">\n<div class=\"product-info-area mobile-hidden\">\n<div class=\"product-info-area__detail-group\">\n<div class=\"product-info-area__info js-product-info\" data-info-section=\"ATTRIBUTE_BENEFIT\">\n<div class=\"product-info-area__info-product-name at-h2__typography-spp\">\n<div class=\"product-info-area__info-product-name at-h2__typography-spp\">\n<div class=\"product-info-area__info-product-name at-h2__typography-spp\">\n<h6 class=\"product-info-area__info-product-name at-h2__typography-spp\">shampooing nourrissant shampure<span class=\"trade\">\u2122<\/span><\/h6>\n<h6>Restez simple avec shampure<span class=\"trade\">\u2122<\/span>\u00a0&#8211; un shampooing doux pour un usage quotidien. 96\u00a0% compos\u00e9 naturel d\u00e9riv\u00e9.*<\/h6>\n<h6><strong>PRINCIPAUX INGR\u00c9DIENTS<\/strong><br \/>\nNettoie en douceur et nourrit durablement gr\u00e2ce \u00e0 l&rsquo;huile d&rsquo;abyssinie.<\/h6>\n<h6><strong>SANS\u00a0:<\/strong><br \/>\nSilicone<br \/>\nParab\u00e8ne<br \/>\nGluten<br \/>\nParfum synth\u00e9tique<br \/>\nHuile min\u00e9rale<br \/>\nGel\u00e9e de p\u00e9trole<br \/>\nFormald\u00e9hyde<br \/>\nIngr\u00e9dient d&rsquo;origine animale<\/h6>\n<\/div>\n<\/div>\n<\/div>\n<\/div>\n<\/div>\n<\/div>\n<\/div>\n<\/div>\n<\/section>\n<\/div>\n<\/div>\n<\/div>\n<\/div>\n<\/div>\n<p>[\/vc_column_text][vc_empty_space][\/vc_column][\/vc_row][vc_row center_bck_image=\u00a0\u00bbno\u00a0\u00bb][vc_column][vc_column_text]<\/p>\n<h5 style=\"text-align: left;\"><strong><span style=\"vertical-align: inherit;\"><span style=\"vertical-align: inherit;\">INGREDIENTS<\/span><\/span><\/strong><\/h5>\n<p>[\/vc_column_text][vc_column_text]<\/p>\n<h6>WaterAquaEau, sulfate de lauryle ammonium, cocamide mipa, propanediol, babassuamidopropyl b\u00e9ta\u00efne, huile de graine de Crambe Abyssinica (Abyssinie) , extrait de graine de Bixa Orellana (Annatto), glyc\u00e9rine, glyc\u00e9rides d&rsquo;amande PEG-60, polysorbate 80, polyquaternium 10, chlorure de sodium, acide citrique, fragrance (Parfum), linalool, g\u00e9raniol, citronellol, benzoate de benzyle, limon\u00e8ne, phytate de sodium, acide benzo\u00efque, ph\u00e9noxy\u00e9thanol, sorbate de potassium, benzoate de sodium, rocou (Ci 75120)<\/h6>\n<h6 class=\"product-full__ingredients--disclaimer\">Veuillez prendre note que les listes d&rsquo;ingr\u00e9dients peuvent changer de temps \u00e0 autre. Veuillez consulter la liste d&rsquo;ingr\u00e9dients sur l&#8217;emballage du produit que vous recevez pour obtenir la liste d&rsquo;ingr\u00e9dients la plus r\u00e9cente.<\/h6>\n<p>[\/vc_column_text][\/vc_column][\/vc_row]<\/p>\n","protected":false},"excerpt":{"rendered":"<h6>Le shampooing doux nettoie et nourrit en douceur*, ce qui en fait un produit parfait pour un usage quotidien.<\/h6>\n","protected":false},"featured_media":11641,"comment_status":"open","ping_status":"closed","template":"","meta":[],"product_cat":[27,289],"product_tag":[95],"_links":{"self":[{"href":"https:\/\/www.lateliercoiffureesthetique.com\/fr\/wp-json\/wp\/v2\/product\/10548"}],"collection":[{"href":"https:\/\/www.lateliercoiffureesthetique.com\/fr\/wp-json\/wp\/v2\/product"}],"about":[{"href":"https:\/\/www.lateliercoiffureesthetique.com\/fr\/wp-json\/wp\/v2\/types\/product"}],"replies":[{"embeddable":true,"href":"https:\/\/www.lateliercoiffureesthetique.com\/fr\/wp-json\/wp\/v2\/comments?post=10548"}],"wp:featuredmedia":[{"embeddable":true,"href":"https:\/\/www.lateliercoiffureesthetique.com\/fr\/wp-json\/wp\/v2\/media\/11641"}],"wp:attachment":[{"href":"https:\/\/www.lateliercoiffureesthetique.com\/fr\/wp-json\/wp\/v2\/media?parent=10548"}],"wp:term":[{"taxonomy":"product_cat","embeddable":true,"href":"https:\/\/www.lateliercoiffureesthetique.com\/fr\/wp-json\/wp\/v2\/product_cat?post=10548"},{"taxonomy":"product_tag","embeddable":true,"href":"https:\/\/www.lateliercoiffureesthetique.com\/fr\/wp-json\/wp\/v2\/product_tag?post=10548"}],"curies":[{"name":"wp","href":"https:\/\/api.w.org\/{rel}","templated":true}]}}