{"id":10563,"date":"2021-03-25T08:00:07","date_gmt":"2021-03-25T12:00:07","guid":{"rendered":"https:\/\/www.lateliercoiffureesthetique.com\/en\/?post_type=product&#038;p=10563"},"modified":"2024-03-28T22:52:11","modified_gmt":"2024-03-29T03:52:11","slug":"rosemary-mint","status":"publish","type":"product","link":"https:\/\/www.lateliercoiffureesthetique.com\/fr\/produit\/rosemary-mint\/","title":{"rendered":"Rosemary mint"},"content":{"rendered":"<p>[vc_row center_bck_image=\u00a0\u00bbno\u00a0\u00bb][vc_column][vc_empty_space][vc_column_text]<\/p>\n<h5 class=\"product-info-area__header js-product-info-trigger\" tabindex=\"0\" role=\"link\" data-info-section=\"ATTRIBUTE_BENEFIT\"><strong>D\u00c9TAILS<\/strong><\/h5>\n<p>[\/vc_column_text][vc_column_text]<\/p>\n<div class=\"site-content\">\n<div class=\"block block-system block-system-main\">\n<div class=\"content\">\n<div class=\"spp__container spp-content js-spp-content js-spp-content-focus\">\n<div class=\"js-product product-full product-full__container spp-data product-full--enhancement\" data-product-id=\"PROD16858\" data-sku-base-id=\"33991\">\n<section class=\"product-full__top clearfix\">\n<div class=\"product-full__details js-move-asp-copy\">\n<div class=\"js-product-full-info-area product-full__info-area clearfix\">\n<div class=\"product-info-area mobile-hidden\">\n<div class=\"product-info-area__detail-group\">\n<div class=\"product-info-area__info js-product-info\" data-info-section=\"ATTRIBUTE_BENEFIT\">\n<div class=\"product-info-area__info-product-name at-h2__typography-spp\">\n<div class=\"product-info-area__info-product-name at-h2__typography-spp\">\n<div class=\"product-info-area__info-product-name at-h2__typography-spp\">\n<div class=\"product-info-area__info-product-name at-h2__typography-spp\">\n<h6 class=\"product-info-area__info-product-name at-h2__typography-spp\">shampooing purifiant\u00a0rosemary mint<\/h6>\n<h6>Clarifiez en douceur les cheveux normaux \u00e0 gras avec ce shampooing clarifiant 97\u00a0% compos\u00e9s naturels d\u00e9riv\u00e9s*. Vos cheveux seront propres, sains et brillants.<\/h6>\n<h6><strong>PRINCIPAUX INGR\u00c9DIENTS<\/strong><br \/>\nLes micelles \u00e9liminent en douceur les accumulations de produits et les impuret\u00e9s. Le vinaigre blanc aide \u00e0 purifier.<\/h6>\n<h6><strong>SANS\u00a0:<\/strong><br \/>\nSilicone<br \/>\nPhthalate<br \/>\nParab\u00e8ne<br \/>\nParfum synth\u00e9tique<br \/>\nHuile min\u00e9rale<br \/>\nGel\u00e9e de p\u00e9trole<br \/>\nFormald\u00e9hyde<br \/>\nIngr\u00e9dient d&rsquo;origine animale<\/h6>\n<\/div>\n<\/div>\n<\/div>\n<\/div>\n<\/div>\n<\/div>\n<\/div>\n<\/div>\n<\/div>\n<\/section>\n<\/div>\n<\/div>\n<\/div>\n<\/div>\n<\/div>\n<p>[\/vc_column_text][vc_empty_space][\/vc_column][\/vc_row][vc_row center_bck_image=\u00a0\u00bbno\u00a0\u00bb][vc_column][vc_column_text]<\/p>\n<h5 style=\"text-align: left;\"><strong><span style=\"vertical-align: inherit;\"><span style=\"vertical-align: inherit;\">INGREDIENTS<\/span><\/span><\/strong><\/h5>\n<p>[\/vc_column_text][vc_column_text]<\/p>\n<h6>WaterAquaEau, sodium coco-sulfate, glyc\u00e9rine, lauramidopropyl b\u00e9ta\u00efne, extrait de feuille de Mentha Piperita (Peppermint), extrait de feuille de Rosmarinus Officinalis (romarain), babassuamidopropyl b\u00e9ta\u00efne, vinaigre, camphre, menthol, oxyde de cocamidopropylamine, st\u00e9aramide de dim\u00e9thylaminopropyle, polyquaternium 4, parfum, g\u00e9raniol, linalol, limon\u00e8ne, isoeugenol, acide citrique, chlorure de sodium, gluconate de sodium, acide benzo\u00efque, ph\u00e9noxy\u00e9thanol<\/h6>\n<h6 class=\"product-full__ingredients--disclaimer\">Veuillez prendre note que les listes d&rsquo;ingr\u00e9dients peuvent changer de temps \u00e0 autre. Veuillez consulter la liste d&rsquo;ingr\u00e9dients sur l&#8217;emballage du produit que vous recevez pour obtenir la liste d&rsquo;ingr\u00e9dients la plus r\u00e9cente.<\/h6>\n<p>[\/vc_column_text][\/vc_column][\/vc_row]<\/p>\n","protected":false},"excerpt":{"rendered":"<h6>Ce shampooing purifiant \u00e9claircit doucement vos cheveux pour leur donner une apparence impeccable, revigor\u00e9e et radieuse.<\/h6>\n","protected":false},"featured_media":11639,"comment_status":"open","ping_status":"closed","template":"","meta":[],"product_cat":[27,289],"product_tag":[95],"_links":{"self":[{"href":"https:\/\/www.lateliercoiffureesthetique.com\/fr\/wp-json\/wp\/v2\/product\/10563"}],"collection":[{"href":"https:\/\/www.lateliercoiffureesthetique.com\/fr\/wp-json\/wp\/v2\/product"}],"about":[{"href":"https:\/\/www.lateliercoiffureesthetique.com\/fr\/wp-json\/wp\/v2\/types\/product"}],"replies":[{"embeddable":true,"href":"https:\/\/www.lateliercoiffureesthetique.com\/fr\/wp-json\/wp\/v2\/comments?post=10563"}],"wp:featuredmedia":[{"embeddable":true,"href":"https:\/\/www.lateliercoiffureesthetique.com\/fr\/wp-json\/wp\/v2\/media\/11639"}],"wp:attachment":[{"href":"https:\/\/www.lateliercoiffureesthetique.com\/fr\/wp-json\/wp\/v2\/media?parent=10563"}],"wp:term":[{"taxonomy":"product_cat","embeddable":true,"href":"https:\/\/www.lateliercoiffureesthetique.com\/fr\/wp-json\/wp\/v2\/product_cat?post=10563"},{"taxonomy":"product_tag","embeddable":true,"href":"https:\/\/www.lateliercoiffureesthetique.com\/fr\/wp-json\/wp\/v2\/product_tag?post=10563"}],"curies":[{"name":"wp","href":"https:\/\/api.w.org\/{rel}","templated":true}]}}