{"id":10632,"date":"2021-03-25T14:26:43","date_gmt":"2021-03-25T18:26:43","guid":{"rendered":"https:\/\/www.lateliercoiffureesthetique.com\/?post_type=product&#038;p=10632"},"modified":"2024-03-28T22:19:47","modified_gmt":"2024-03-29T03:19:47","slug":"nutriplenish-deep-moisture","status":"publish","type":"product","link":"https:\/\/www.lateliercoiffureesthetique.com\/fr\/produit\/nutriplenish-deep-moisture\/","title":{"rendered":"Nutriplenish (deep moisture)"},"content":{"rendered":"<p>[vc_row center_bck_image=\u00a0\u00bbno\u00a0\u00bb][vc_column][vc_empty_space][vc_column_text]<\/p>\n<h5 class=\"product-info-area__header js-product-info-trigger\" tabindex=\"0\" role=\"link\" data-info-section=\"ATTRIBUTE_BENEFIT\"><strong>DETAILS<\/strong><\/h5>\n<p>[\/vc_column_text][vc_column_text]<\/p>\n<div class=\"product_tabs ui-tabs ui-widget ui-widget-content ui-corner-all\">\n<div class=\"product_tabs-description-container\">\n<div id=\"tab_details\" class=\"tab_content ui-tabs-panel ui-widget-content ui-corner-bottom\" role=\"tabpanel\" aria-labelledby=\"ui-id-1\" aria-expanded=\"true\" aria-hidden=\"false\">\n<div class=\"product_detail_description \">\n<div class=\"product-detail-how-to-use\">\n<div class=\"how-to-use-columns\">\n<div class=\"how-to-use-image\">\n<div class=\"product-info-area__info-product-name at-h2__typography-spp\">\n<div class=\"product-info-area__info-product-name at-h2__typography-spp\">\n<div class=\"product-info-area__info-product-name at-h2__typography-spp\">\n<div class=\"product-info-area__info-product-name at-h2__typography-spp\">\n<h6 class=\"product-info-area__info-product-name at-h2__typography-spp\">shampooing hydratant en profondeur nutriplenish<span class=\"trade\">\u2122<\/span><\/h6>\n<h6>Hydratation aux puissants nutriments pour des cheveux visiblement brillants et en sant\u00e9.<br \/>\n\u2022 La formule riche et incroyable nettoie d\u00e9licatement les cheveux sans les d\u00e9caper.<br \/>\n\u2022 94\u00a0% de compos\u00e9 naturel d\u00e9riv\u00e9* avec superaliments puissants<br \/>\n\u2022 ravive en profondeur avec 50\u00a0% plus de beurre qu&rsquo;une humidit\u00e9 l\u00e9g\u00e8re<br \/>\n\u2022 huile de grenade biologique riche en om\u00e9ga 5 pour nourrir les cheveux secs et endommag\u00e9s<br \/>\n\u2022 huile de noix de coco certifi\u00e9e biologique au poids mol\u00e9culaire l\u00e9ger p\u00e9n\u00e9trant facilement les cheveux pour les hydrater<br \/>\n\u2022 beurre de mangue avec acides gras aidant \u00e0 nourrir, laissant les cheveux doux et soyeux<br \/>\n\u2022 pour tout type de cheveux secs<br \/>\n\u2022 voir le tableau ci-dessous ou clavarder avec un expert pour votre solution personnalis\u00e9e<br \/>\n\u2022 v\u00e9g\u00e9talien<\/h6>\n<h6>\u00c9conomisez de l&rsquo;argent et r\u00e9duisez l&rsquo;utilisation du plastique en achetant des litres.<br \/>\n\u2022 Le litre est moins cher de 10\u00a0% par once\u2020<br \/>\n\u2022 Un litre utilise jusqu&rsquo;\u00e0 28\u00a0% moins de plastique\u2020<\/h6>\n<h6><strong>SANS\u00a0:<\/strong><br \/>\nSilicone<br \/>\nD\u00e9tergents \u00e0 base de sulfate<br \/>\nParab\u00e8ne<br \/>\nGluten<br \/>\nHuile min\u00e9rale et gel\u00e9e de p\u00e9trole<\/h6>\n<h6>Ar\u00f4me Pure-Fume<span class=\"trade\">\u2122<\/span>\u00a0d&rsquo;Aveda avec noix de coco, gingembre certifi\u00e9 biologique, cardamome et autres essences pures de fleurs et de plantes.<\/h6>\n<\/div>\n<\/div>\n<\/div>\n<\/div>\n<\/div>\n<\/div>\n<\/div>\n<\/div>\n<\/div>\n<\/div>\n<\/div>\n<p>[\/vc_column_text][vc_empty_space][\/vc_column][\/vc_row][vc_row center_bck_image=\u00a0\u00bbno\u00a0\u00bb][vc_column][vc_column_text]<\/p>\n<h5 style=\"text-align: left;\"><strong><span style=\"vertical-align: inherit;\"><span style=\"vertical-align: inherit;\">INGREDIENTS<\/span><\/span><\/strong><\/h5>\n<p>[\/vc_column_text][vc_column_text]<\/p>\n<h6>WaterAquaEau, Sodium Lauroyl Methyl Isethionate, Sodium Chloride, Babassuamidopropyl Betaine, Cocamide Mipa, Propanediol, Sodium Methyl Cocoyl Taurate, Glycol Distearate, Mangifera Indica (Mango) Seed Butter, Stearamidopropyl Dimethylamine, Punica Granatum (Pomegranate) Seed Oil, Cocos Nucifera (Coconut) Oil, Cocos Nucifera (Coconut) Fruit Juice, Behenyl\/Octyldodecyl Propanediol Citrate Crosspolymer, Octyldodecyl Citrate Crosspolymer, Avena Sativa (Oat) Bran Extract, Hydrolyzed Adansonia Digitata Extract, Citrus Aurantium Dulcis (Orange) Peel Extract, Chondrus Crispus (Carrageenan) Extract, Helianthus Annuus (Sunflower) Seed Oil, Tocopherol, Glycerin, Lauric Acid, Hydroxypropyl Guar Hydroxypropyltrimonium Chloride, Sodium Laurate, Lecithin, Fragrance (Parfum), Benzyl Benzoate, Amyl Cinnamal, Citronellol, Limonene, Hydroxycitronellal, Geraniol, Citral, Linalool, Citric Acid, Sodium Sulfate, Sodium Phytate, Potassium Sorbate, Phenoxyethanol<\/h6>\n<h6 class=\"product-full__ingredients--disclaimer\">Veuillez prendre note que les listes d&rsquo;ingr\u00e9dients peuvent changer de temps \u00e0 autre. Veuillez consulter la liste d&rsquo;ingr\u00e9dients sur l&#8217;emballage du produit que vous recevez pour obtenir la liste d&rsquo;ingr\u00e9dients la plus r\u00e9cente.<\/h6>\n<p>[\/vc_column_text][\/vc_column][\/vc_row]<\/p>\n","protected":false},"excerpt":{"rendered":"<h6 class=\"product-info-area__info-product-name at-h2__typography-spp\">Un shampooing avec un m\u00e9lange de superaliments v\u00e9g\u00e9taliens d&rsquo;huiles et de beurre de plantes puissant, qui nettoie et ravive les cheveux secs avec une hydratation infus\u00e9e de nutriments.<\/h6>\n","protected":false},"featured_media":14070,"comment_status":"open","ping_status":"closed","template":"","meta":[],"product_cat":[27,289],"product_tag":[95],"_links":{"self":[{"href":"https:\/\/www.lateliercoiffureesthetique.com\/fr\/wp-json\/wp\/v2\/product\/10632"}],"collection":[{"href":"https:\/\/www.lateliercoiffureesthetique.com\/fr\/wp-json\/wp\/v2\/product"}],"about":[{"href":"https:\/\/www.lateliercoiffureesthetique.com\/fr\/wp-json\/wp\/v2\/types\/product"}],"replies":[{"embeddable":true,"href":"https:\/\/www.lateliercoiffureesthetique.com\/fr\/wp-json\/wp\/v2\/comments?post=10632"}],"wp:featuredmedia":[{"embeddable":true,"href":"https:\/\/www.lateliercoiffureesthetique.com\/fr\/wp-json\/wp\/v2\/media\/14070"}],"wp:attachment":[{"href":"https:\/\/www.lateliercoiffureesthetique.com\/fr\/wp-json\/wp\/v2\/media?parent=10632"}],"wp:term":[{"taxonomy":"product_cat","embeddable":true,"href":"https:\/\/www.lateliercoiffureesthetique.com\/fr\/wp-json\/wp\/v2\/product_cat?post=10632"},{"taxonomy":"product_tag","embeddable":true,"href":"https:\/\/www.lateliercoiffureesthetique.com\/fr\/wp-json\/wp\/v2\/product_tag?post=10632"}],"curies":[{"name":"wp","href":"https:\/\/api.w.org\/{rel}","templated":true}]}}