{"id":10659,"date":"2021-03-25T15:46:18","date_gmt":"2021-03-25T20:46:18","guid":{"rendered":"https:\/\/www.lateliercoiffureesthetique.com\/?post_type=product&#038;p=10659"},"modified":"2024-03-28T22:53:35","modified_gmt":"2024-03-29T03:53:35","slug":"pure-formance","status":"publish","type":"product","link":"https:\/\/www.lateliercoiffureesthetique.com\/fr\/produit\/pure-formance\/","title":{"rendered":"Pure Formance"},"content":{"rendered":"<p>[vc_row center_bck_image=\u00a0\u00bbno\u00a0\u00bb][vc_column][vc_empty_space][vc_column_text]<\/p>\n<h5 class=\"product-info-area__header js-product-info-trigger\" tabindex=\"0\" role=\"link\" data-info-section=\"ATTRIBUTE_BENEFIT\"><strong>DETAILS<\/strong><\/h5>\n<p>[\/vc_column_text][vc_column_text]<\/p>\n<div class=\"product_tabs-description-container\">\n<div id=\"tab_details\" class=\"tab_content ui-tabs-panel ui-widget-content ui-corner-bottom\" role=\"tabpanel\" aria-labelledby=\"ui-id-1\" aria-expanded=\"true\" aria-hidden=\"false\">\n<div class=\"product_detail_description \">\n<div class=\"product-detail-how-to-use\">\n<div class=\"how-to-use-columns\">\n<div class=\"how-to-use-image\">\n<div class=\"product-info-area__info-product-name at-h2__typography-spp\">\n<div class=\"product-info-area__info-product-name at-h2__typography-spp\">\n<div class=\"product-info-area__info-product-name at-h2__typography-spp\">\n<div class=\"product-info-area__info-product-name at-h2__typography-spp\">\n<div class=\"product-info-area__info-product-name at-h2__typography-spp\">\n<div class=\"product-info-area__info-product-name at-h2__typography-spp\">\n<div class=\"product-info-area__info-product-name at-h2__typography-spp\">\n<div class=\"product-info-area__info-product-name at-h2__typography-spp\">\n<div class=\"product-info-area__info-product-name at-h2__typography-spp\">\n<div class=\"product-info-area__info-product-name at-h2__typography-spp\">\n<div class=\"product-info-area__info-product-name at-h2__typography-spp\">\n<h6 class=\"product-info-area__info-product-name at-h2__typography-spp\">shampooing aveda men pure-formance<span class=\"trade\">\u2122<\/span><\/h6>\n<h6>Travaille avec le\u00a0<strong>revitalisant pure-formance<span class=\"trade\">\u2122<\/span><\/strong>\u00a0pour nettoyer, revitaliser et hydrater les cheveux.<\/h6>\n<h6>\u00c9conomisez de l&rsquo;argent et r\u00e9duisez l&rsquo;utilisation du plastique en achetant des litres.<br \/>\n\u2022 Les litres sont moins chers de 20\u00a0% par once*<br \/>\n\u2022 Les litres utilisent jusqu&rsquo;\u00e0 28\u00a0% moins de plastiques*<\/h6>\n<\/div>\n<\/div>\n<\/div>\n<\/div>\n<\/div>\n<\/div>\n<\/div>\n<\/div>\n<\/div>\n<\/div>\n<\/div>\n<\/div>\n<\/div>\n<\/div>\n<\/div>\n<\/div>\n<\/div>\n<p>[\/vc_column_text][vc_empty_space][\/vc_column][\/vc_row][vc_row center_bck_image=\u00a0\u00bbno\u00a0\u00bb][vc_column][vc_column_text]<\/p>\n<h5 style=\"text-align: left;\"><strong><span style=\"vertical-align: inherit;\"><span style=\"vertical-align: inherit;\">INGREDIENTS<\/span><\/span><\/strong><\/h5>\n<p>[\/vc_column_text][vc_column_text]<\/p>\n<h6>WaterAquaEau, Sodium Cocoyl Isethionate, Sodium Methyl Cocoyl Taurate, Decyl Glucoside, Babassuamidopropyl Betaine, Cetyl Alcohol, Sodium Chloride, Stearic Acid, Yeast ExtractFaexExtrait De Levure, Glycyrrhiza Glabra (Licorice) Root Extract, Scutellaria Baicalensis Root Extract, Boswellia Serrata Extract, Hydrolyzed Algin, Calophyllum Inophyllum (Tamanu) Seed Oil, Zingiber Cassumunar (Plai) Root Oil, Canola OilHuile De Colza, Malt Extract, Dehydroxanthan Gum, Polysorbate 20, Sodium Lauroyl Lactylate, Glycerin, Capryloyl Glycine, Polyquaternium-10, Ursolic Acid, Fragrance (Parfum), Geraniol, Linalool, Limonene, Sorbic Acid, Sodium Gluconate<\/h6>\n<h6 class=\"product-full__ingredients--disclaimer\">Veuillez prendre note que les listes d&rsquo;ingr\u00e9dients peuvent changer de temps \u00e0 autre. Veuillez consulter la liste d&rsquo;ingr\u00e9dients sur l&#8217;emballage du produit que vous recevez pour obtenir la liste d&rsquo;ingr\u00e9dients la plus r\u00e9cente.<\/h6>\n<p>[\/vc_column_text][\/vc_column][\/vc_row]<\/p>\n","protected":false},"excerpt":{"rendered":"<h6 class=\"product-info-area__info-product-name at-h2__typography-spp\">Ce shampooing haute efficacit\u00e9 travaille avec le\u00a0<strong>revitalisant pure-formance<span class=\"trade\">\u2122<\/span><\/strong>\u00a0pour rafra\u00eechir et revigorer le cuir chevelu tout en nettoyant, en revitalisant et en hydratant les cheveux.<\/h6>\n","protected":false},"featured_media":11638,"comment_status":"open","ping_status":"closed","template":"","meta":[],"product_cat":[27,289],"product_tag":[95],"_links":{"self":[{"href":"https:\/\/www.lateliercoiffureesthetique.com\/fr\/wp-json\/wp\/v2\/product\/10659"}],"collection":[{"href":"https:\/\/www.lateliercoiffureesthetique.com\/fr\/wp-json\/wp\/v2\/product"}],"about":[{"href":"https:\/\/www.lateliercoiffureesthetique.com\/fr\/wp-json\/wp\/v2\/types\/product"}],"replies":[{"embeddable":true,"href":"https:\/\/www.lateliercoiffureesthetique.com\/fr\/wp-json\/wp\/v2\/comments?post=10659"}],"wp:featuredmedia":[{"embeddable":true,"href":"https:\/\/www.lateliercoiffureesthetique.com\/fr\/wp-json\/wp\/v2\/media\/11638"}],"wp:attachment":[{"href":"https:\/\/www.lateliercoiffureesthetique.com\/fr\/wp-json\/wp\/v2\/media?parent=10659"}],"wp:term":[{"taxonomy":"product_cat","embeddable":true,"href":"https:\/\/www.lateliercoiffureesthetique.com\/fr\/wp-json\/wp\/v2\/product_cat?post=10659"},{"taxonomy":"product_tag","embeddable":true,"href":"https:\/\/www.lateliercoiffureesthetique.com\/fr\/wp-json\/wp\/v2\/product_tag?post=10659"}],"curies":[{"name":"wp","href":"https:\/\/api.w.org\/{rel}","templated":true}]}}