{"id":10687,"date":"2021-03-25T17:30:54","date_gmt":"2021-03-25T21:30:54","guid":{"rendered":"https:\/\/www.lateliercoiffureesthetique.com\/?post_type=product&#038;p=10687"},"modified":"2023-02-24T23:53:37","modified_gmt":"2023-02-25T04:53:37","slug":"shampure-conditioner","status":"publish","type":"product","link":"https:\/\/www.lateliercoiffureesthetique.com\/fr\/produit\/shampure-conditioner\/","title":{"rendered":"revitalisant nourrissant shampure"},"content":{"rendered":"<p>[vc_row center_bck_image=\u00a0\u00bbno\u00a0\u00bb][vc_column][vc_empty_space][vc_column_text]<\/p>\n<h5 class=\"product-info-area__header js-product-info-trigger\" tabindex=\"0\" role=\"link\" data-info-section=\"ATTRIBUTE_BENEFIT\"><strong>DETAILS<\/strong><\/h5>\n<p>[\/vc_column_text][vc_column_text]<\/p>\n<div class=\"product_tabs ui-tabs ui-widget ui-widget-content ui-corner-all\">\n<div class=\"product_tabs-description-container\">\n<div id=\"tab_details\" class=\"tab_content ui-tabs-panel ui-widget-content ui-corner-bottom\" role=\"tabpanel\" aria-labelledby=\"ui-id-1\" aria-expanded=\"true\" aria-hidden=\"false\">\n<div class=\"product_detail_description \">\n<div class=\"product-detail-how-to-use\">\n<div class=\"how-to-use-columns\">\n<div class=\"how-to-use-image\">\n<div class=\"product-info-area__info-product-name at-h2__typography-spp\">\n<div class=\"product-info-area__info-product-name at-h2__typography-spp\">\n<div class=\"product-info-area__info-product-name at-h2__typography-spp\">\n<div class=\"product-info-area__info-product-name at-h2__typography-spp\">\n<div class=\"product-info-area__info-product-name at-h2__typography-spp\">\n<div class=\"product-info-area__info-product-name at-h2__typography-spp\">\n<div class=\"product-info-area__info-product-name at-h2__typography-spp\">\n<div class=\"product-info-area__info-product-name at-h2__typography-spp\">\n<div class=\"product-info-area__info-product-name at-h2__typography-spp\">\n<h6 class=\"product-info-area__info-product-name at-h2__typography-spp\">revitalisant nourrissant\u00a0shampure<span class=\"trade\">\u2122<\/span><\/h6>\n<h6>Restez simple avec le revitalisant l\u00e9ger shampure<span class=\"trade\">\u2122<\/span>\u00a0pour une utilisation quotidienne. 98\u00a0% compos\u00e9 naturel d\u00e9riv\u00e9.*<\/h6>\n<h6><strong>PRINCIPAUX INGR\u00c9DIENTS<\/strong><br \/>\nD\u00e9m\u00eale les cheveux, leur donne de l&rsquo;\u00e9clat et les nourrit durablement sans les alourdir gr\u00e2ce \u00e0 l&rsquo;huile d&rsquo;abyssinie.<\/h6>\n<h6><strong>AR\u00d4ME EMBL\u00c9MATIQUE<\/strong><br \/>\nComprend notre ar\u00f4me shampure<span class=\"trade\">\u2122<\/span>\u00a0&#8211; un m\u00e9lange calmant de 25 essences de fleurs et de plantes pures, dont de la lavande certifi\u00e9e biologique, du petit grain et du ylang ylang.<\/h6>\n<\/div>\n<\/div>\n<\/div>\n<\/div>\n<\/div>\n<\/div>\n<\/div>\n<\/div>\n<\/div>\n<\/div>\n<\/div>\n<\/div>\n<\/div>\n<\/div>\n<\/div>\n<\/div>\n<p>[\/vc_column_text][vc_empty_space][\/vc_column][\/vc_row][vc_row center_bck_image=\u00a0\u00bbno\u00a0\u00bb][vc_column][vc_column_text]<\/p>\n<h5 style=\"text-align: left;\"><strong><span style=\"vertical-align: inherit;\"><span style=\"vertical-align: inherit;\">INGREDIENTS<\/span><\/span><\/strong><\/h5>\n<p>[\/vc_column_text][vc_column_text]<\/p>\n<h6>WaterAquaEau, alcool c\u00e9t\u00e9arylique, propan\u00e9diol, m\u00e9thosulfate de b\u00e9h\u00e9ntrimonium, huile de graine de Crambe Abyssinica (Abyssinie), huile de Cocos Nucifera (noix de coco), Butyrospermum Parkii (Beurre de karit\u00e9), acide lactique, caprylyl glycol, st\u00e9aramidopropyl dim\u00e9thylamine, fragrance (Parfum), linalool, g\u00e9raniol, citronellol, benzoate de benzyle, limon\u00e8ne, ph\u00e9noxy\u00e9thanol, sorbate de potassium.<\/h6>\n<h6 class=\"product-full__ingredients--disclaimer\">Veuillez prendre note que les listes d&rsquo;ingr\u00e9dients peuvent changer de temps \u00e0 autre. Veuillez consulter la liste d&rsquo;ingr\u00e9dients sur l&#8217;emballage du produit que vous recevez pour obtenir la liste d&rsquo;ingr\u00e9dients la plus r\u00e9cente.<\/h6>\n<p>[\/vc_column_text][\/vc_column][\/vc_row]<\/p>\n","protected":false},"excerpt":{"rendered":"<h6 class=\"product-info-area__info-product-name at-h2__typography-spp\">Ce revitalisant l\u00e9ger d\u00e9m\u00eale, nourrit et fait briller instantan\u00e9ment les cheveux.<\/h6>\n","protected":false},"featured_media":11649,"comment_status":"open","ping_status":"closed","template":"","meta":[],"product_cat":[27,293],"product_tag":[95],"_links":{"self":[{"href":"https:\/\/www.lateliercoiffureesthetique.com\/fr\/wp-json\/wp\/v2\/product\/10687"}],"collection":[{"href":"https:\/\/www.lateliercoiffureesthetique.com\/fr\/wp-json\/wp\/v2\/product"}],"about":[{"href":"https:\/\/www.lateliercoiffureesthetique.com\/fr\/wp-json\/wp\/v2\/types\/product"}],"replies":[{"embeddable":true,"href":"https:\/\/www.lateliercoiffureesthetique.com\/fr\/wp-json\/wp\/v2\/comments?post=10687"}],"wp:featuredmedia":[{"embeddable":true,"href":"https:\/\/www.lateliercoiffureesthetique.com\/fr\/wp-json\/wp\/v2\/media\/11649"}],"wp:attachment":[{"href":"https:\/\/www.lateliercoiffureesthetique.com\/fr\/wp-json\/wp\/v2\/media?parent=10687"}],"wp:term":[{"taxonomy":"product_cat","embeddable":true,"href":"https:\/\/www.lateliercoiffureesthetique.com\/fr\/wp-json\/wp\/v2\/product_cat?post=10687"},{"taxonomy":"product_tag","embeddable":true,"href":"https:\/\/www.lateliercoiffureesthetique.com\/fr\/wp-json\/wp\/v2\/product_tag?post=10687"}],"curies":[{"name":"wp","href":"https:\/\/api.w.org\/{rel}","templated":true}]}}