{"id":10694,"date":"2021-03-25T17:58:46","date_gmt":"2021-03-25T21:58:46","guid":{"rendered":"https:\/\/www.lateliercoiffureesthetique.com\/?post_type=product&#038;p=10694"},"modified":"2024-03-28T22:51:36","modified_gmt":"2024-03-29T03:51:36","slug":"rosemary-mint-conditioner","status":"publish","type":"product","link":"https:\/\/www.lateliercoiffureesthetique.com\/fr\/produit\/rosemary-mint-conditioner\/","title":{"rendered":"revitalisant l\u00e9ger rosemary mint"},"content":{"rendered":"<p>[vc_row center_bck_image=\u00a0\u00bbno\u00a0\u00bb][vc_column][vc_empty_space][vc_column_text]<\/p>\n<p class=\"product-info-area__header js-product-info-trigger\" tabindex=\"0\" role=\"link\" data-info-section=\"ATTRIBUTE_BENEFIT\"><strong>DETAILS<\/strong><\/p>\n<p>[\/vc_column_text][vc_column_text]<\/p>\n<div class=\"product_tabs ui-tabs ui-widget ui-widget-content ui-corner-all\">\n<div class=\"product_tabs-description-container\">\n<div id=\"tab_details\" class=\"tab_content ui-tabs-panel ui-widget-content ui-corner-bottom\" role=\"tabpanel\" aria-labelledby=\"ui-id-1\" aria-expanded=\"true\" aria-hidden=\"false\">\n<div class=\"product_detail_description \">\n<div class=\"product-detail-how-to-use\">\n<div class=\"how-to-use-columns\">\n<div class=\"how-to-use-image\">\n<div class=\"product-info-area__info-product-name at-h2__typography-spp\">\n<div class=\"product-info-area__info-product-name at-h2__typography-spp\">\n<div class=\"product-info-area__info-product-name at-h2__typography-spp\">\n<div class=\"product-info-area__info-product-name at-h2__typography-spp\">\n<div class=\"product-info-area__info-product-name at-h2__typography-spp\">\n<div class=\"product-info-area__info-product-name at-h2__typography-spp\">\n<div class=\"product-info-area__info-product-name at-h2__typography-spp\">\n<div class=\"product-info-area__info-product-name at-h2__typography-spp\">\n<div class=\"product-info-area__info-product-name at-h2__typography-spp\">\n<div class=\"product-info-area__info-product-name at-h2__typography-spp\">\n<div class=\"product-info-area__info-product-name at-h2__typography-spp\">revitalisant l\u00e9ger\u00a0rosemary mint<\/div>\n<p>Le revitalisant l\u00e9ger 97\u00a0% compos\u00e9 naturel d\u00e9riv\u00e9*\u00a0aide \u00e0 pr\u00e9venir les cheveux m\u00eal\u00e9s et l&rsquo;\u00e9lectricit\u00e9 statique, laissant les cheveux pleins de corps et de brillance en combinaison avec le shampooing\u00a0Rosemary Mint.<\/p>\n<p><strong>PRINCIPAUX INGR\u00c9DIENTS<\/strong><br \/>\nLes revitalisants \u00e0 base de plantes apportent volume et l\u00e9gert\u00e9. Le vinaigre blanc aide \u00e0 renforcer la brillance.<\/p>\n<p><strong>AR\u00d4ME EMBL\u00c9MATIQUE<\/strong><br \/>\nL&rsquo;ar\u00f4me vivifiant du romarin, de la menthe poivr\u00e9e et de la menthe verte certifi\u00e9s biologiques a fait ses preuves pour dynamiser, \u00e9veiller les sens et am\u00e9liorer la concentration.<\/p>\n<\/div>\n<\/div>\n<\/div>\n<\/div>\n<\/div>\n<\/div>\n<\/div>\n<\/div>\n<\/div>\n<\/div>\n<\/div>\n<\/div>\n<\/div>\n<\/div>\n<\/div>\n<\/div>\n<\/div>\n<p>[\/vc_column_text][vc_empty_space][\/vc_column][\/vc_row][vc_row center_bck_image=\u00a0\u00bbno\u00a0\u00bb][vc_column][vc_column_text]<\/p>\n<p style=\"text-align: left;\"><strong><span style=\"vertical-align: inherit;\"><span style=\"vertical-align: inherit;\">INGREDIENTS<\/span><\/span><\/strong><\/p>\n<p>[\/vc_column_text][vc_column_text]WaterAquaEau, alcool c\u00e9tylique, st\u00e9arate de glyc\u00e9ryle, st\u00e9aramidopropyl dim\u00e9thylamine, eau de feuilles de Rosmarinus Officinalis (romarin), huile de Mentha Piperita (menthe poivr\u00e9e), vinaigreAcetumVinaigre, huile de graines de Simmondsia Chinensis (jojoba), acides amin\u00e9s de bl\u00e9, huile de Glycine Soja (soja), tocoph\u00e9rol, acide lactique, fragrance (Parfum), chlorure de c\u00e9trimonium, sorbate de potassium, ph\u00e9noxy\u00e9thanol.<\/p>\n<div class=\"product-full__ingredients--disclaimer\">Veuillez prendre note que les listes d&rsquo;ingr\u00e9dients peuvent changer de temps \u00e0 autre. Veuillez consulter la liste d&rsquo;ingr\u00e9dients sur l&#8217;emballage du produit que vous recevez pour obtenir la liste d&rsquo;ingr\u00e9dients la plus r\u00e9cente.<\/div>\n<p>[\/vc_column_text][\/vc_column][\/vc_row]<\/p>\n","protected":false},"excerpt":{"rendered":"<div class=\"product-info-area__info-product-name at-h2__typography-spp\">Ce revitalisant l\u00e9ger aide \u00e0 pr\u00e9venir les n\u0153uds et l&rsquo;\u00e9lectricit\u00e9 statique tout en donnant aux cheveux du volume et de l&rsquo;\u00e9clat.<\/div>\n","protected":false},"featured_media":11648,"comment_status":"open","ping_status":"closed","template":"","meta":[],"product_cat":[27,293],"product_tag":[95],"_links":{"self":[{"href":"https:\/\/www.lateliercoiffureesthetique.com\/fr\/wp-json\/wp\/v2\/product\/10694"}],"collection":[{"href":"https:\/\/www.lateliercoiffureesthetique.com\/fr\/wp-json\/wp\/v2\/product"}],"about":[{"href":"https:\/\/www.lateliercoiffureesthetique.com\/fr\/wp-json\/wp\/v2\/types\/product"}],"replies":[{"embeddable":true,"href":"https:\/\/www.lateliercoiffureesthetique.com\/fr\/wp-json\/wp\/v2\/comments?post=10694"}],"wp:featuredmedia":[{"embeddable":true,"href":"https:\/\/www.lateliercoiffureesthetique.com\/fr\/wp-json\/wp\/v2\/media\/11648"}],"wp:attachment":[{"href":"https:\/\/www.lateliercoiffureesthetique.com\/fr\/wp-json\/wp\/v2\/media?parent=10694"}],"wp:term":[{"taxonomy":"product_cat","embeddable":true,"href":"https:\/\/www.lateliercoiffureesthetique.com\/fr\/wp-json\/wp\/v2\/product_cat?post=10694"},{"taxonomy":"product_tag","embeddable":true,"href":"https:\/\/www.lateliercoiffureesthetique.com\/fr\/wp-json\/wp\/v2\/product_tag?post=10694"}],"curies":[{"name":"wp","href":"https:\/\/api.w.org\/{rel}","templated":true}]}}