{"id":10718,"date":"2021-03-25T20:24:08","date_gmt":"2021-03-26T01:24:08","guid":{"rendered":"https:\/\/www.lateliercoiffureesthetique.com\/en\/?post_type=product&#038;p=10718"},"modified":"2024-03-28T22:47:28","modified_gmt":"2024-03-29T03:47:28","slug":"blue-malva-color-conditioner","status":"publish","type":"product","link":"https:\/\/www.lateliercoiffureesthetique.com\/fr\/produit\/blue-malva-color-conditioner\/","title":{"rendered":"revitalisant color\u00e9 mauve bleue"},"content":{"rendered":"<p>[vc_row center_bck_image=\u00a0\u00bbno\u00a0\u00bb][vc_column][vc_empty_space][vc_column_text]<\/p>\n<h5 class=\"product-info-area__header js-product-info-trigger\" tabindex=\"0\" role=\"link\" data-info-section=\"ATTRIBUTE_BENEFIT\"><strong>DETAILS<\/strong><\/h5>\n<p>[\/vc_column_text][vc_column_text]<\/p>\n<div class=\"product_tabs-description-container\">\n<div id=\"tab_details\" class=\"tab_content ui-tabs-panel ui-widget-content ui-corner-bottom\" role=\"tabpanel\" aria-labelledby=\"ui-id-1\" aria-expanded=\"true\" aria-hidden=\"false\">\n<div class=\"product_detail_description \">\n<div class=\"product-detail-how-to-use\">\n<div class=\"how-to-use-columns\">\n<div class=\"how-to-use-image\">\n<div class=\"product-info-area__info-product-name at-h2__typography-spp\">\n<div class=\"product-info-area__info-product-name at-h2__typography-spp\">\n<div class=\"product-info-area__info-product-name at-h2__typography-spp\">\n<div class=\"product-info-area__info-product-name at-h2__typography-spp\">\n<div class=\"product-info-area__info-product-name at-h2__typography-spp\">\n<div class=\"product-info-area__info-product-name at-h2__typography-spp\">\n<div class=\"product-info-area__info-product-name at-h2__typography-spp\">\n<div class=\"product-info-area__info-product-name at-h2__typography-spp\">\n<div class=\"product-info-area__info-product-name at-h2__typography-spp\">\n<div class=\"product-info-area__info-product-name at-h2__typography-spp\">\n<div class=\"product-info-area__info-product-name at-h2__typography-spp\">\n<div class=\"product-info-area__info-product-name at-h2__typography-spp\">\n<div class=\"product-info-area__info-product-name at-h2__typography-spp\">\n<div class=\"product-info-area__info-product-name at-h2__typography-spp\">\n<h6 class=\"product-info-area__info-product-name at-h2__typography-spp\">revitalisant color\u00e9 mauve bleue<\/h6>\n<h6>Ajoute un \u00e9clat argent\u00e9 aux cheveux gris et neutralise les tons cuivr\u00e9s dans toutes les couleurs. Formul\u00e9 \u00e0 partir de mauve bleue et de rudbeckie pour contribuer \u00e0 donner l&rsquo;hydratation et l&rsquo;\u00e9clat d\u00e9sir\u00e9s.\u2022 Revitalise en profondeur\u2022 Laisse les cheveux l\u00e9gers et faciles \u00e0 coiffer\u2022 Toutes couleurs de cheveux Test\u00e9 sur des personnes.<\/h6>\n<\/div>\n<\/div>\n<\/div>\n<\/div>\n<\/div>\n<\/div>\n<\/div>\n<\/div>\n<\/div>\n<\/div>\n<\/div>\n<\/div>\n<\/div>\n<\/div>\n<\/div>\n<\/div>\n<\/div>\n<\/div>\n<\/div>\n<\/div>\n<p>[\/vc_column_text][vc_empty_space][\/vc_column][\/vc_row][vc_row center_bck_image=\u00a0\u00bbno\u00a0\u00bb][vc_column][vc_column_text]<\/p>\n<h5 style=\"text-align: left;\"><strong><span style=\"vertical-align: inherit;\"><span style=\"vertical-align: inherit;\">INGREDIENTS<\/span><\/span><\/strong><\/h5>\n<p>[\/vc_column_text][vc_column_text]<\/p>\n<h6>WaterAquaEau, Dipalmitoylethyl Hydroxyethylmonium Methosulfate, Stearyl Alcohol, Cetearyl Isononanoate, Glycerin, Behenamidopropyl Ethyldimonium Ethosulfate, Malva Sylvestris (Mallow) Leaf Powder, Distearyldimonium Chloride, Prunus Amygdalus Dulcis (Sweet Almond) Oil, Orbignya Oleifera (Babassu) Seed Oil, Glycine Soja (Soybean) Oil, Hydrolyzed Wheat Protein, Hydrolyzed Wheat Starch, Dicaprylyl Ether, Glyceryl Stearate, Isopropyl Alcohol, Cetyl Alcohol, Cetrimonium Chloride, Cetyl Hydroxyethylcellulose, Guar Hydroxypropyltrimonium Chloride, Oryzanol, Tocopheryl Acetate, Caramel, Fragrance (Parfum), Linalool, Citronellol, Limonene, Sodium Citrate, Citric Acid, Potassium Sorbate, Phenoxyethanol, Basic Red 76, Basic Blue 99<\/h6>\n<h6 class=\"product-full__ingredients--disclaimer\">Veuillez prendre note que les listes d&rsquo;ingr\u00e9dients peuvent changer de temps \u00e0 autre. Veuillez consulter la liste d&rsquo;ingr\u00e9dients sur l&#8217;emballage du produit que vous recevez pour obtenir la liste d&rsquo;ingr\u00e9dients la plus r\u00e9cente.<\/h6>\n<p>[\/vc_column_text][\/vc_column][\/vc_row]<\/p>\n","protected":false},"excerpt":{"rendered":"<h6 class=\"product-info-area__info-product-name at-h2__typography-spp\">Appliquer sur les cheveux qui ont \u00e9t\u00e9 lav\u00e9s avec le shampooing mauve bleue. Peigner. Laisser agir 2-5 minutes. Pour une meilleure impr\u00e9gnation de la couleur et une revitalisation plus en profondeur, laisser agir plus longtemps. Utilisez \u00e0 tous les 2 \u00e0 3 shampoings pour une intensification constante, durable, de la couleur. Remarque : Les cheveux trait\u00e9s chimiquement auront une couleur plus intense. Consulter votre styliste ou votre coloriste. Le produit doit \u00eatre rinc\u00e9 rapidement pour \u00e9viter les taches sur les mains, les v\u00eatements ou les installations de salle de bains.<\/h6>\n","protected":false},"featured_media":11646,"comment_status":"open","ping_status":"closed","template":"","meta":[],"product_cat":[27,293],"product_tag":[95],"_links":{"self":[{"href":"https:\/\/www.lateliercoiffureesthetique.com\/fr\/wp-json\/wp\/v2\/product\/10718"}],"collection":[{"href":"https:\/\/www.lateliercoiffureesthetique.com\/fr\/wp-json\/wp\/v2\/product"}],"about":[{"href":"https:\/\/www.lateliercoiffureesthetique.com\/fr\/wp-json\/wp\/v2\/types\/product"}],"replies":[{"embeddable":true,"href":"https:\/\/www.lateliercoiffureesthetique.com\/fr\/wp-json\/wp\/v2\/comments?post=10718"}],"wp:featuredmedia":[{"embeddable":true,"href":"https:\/\/www.lateliercoiffureesthetique.com\/fr\/wp-json\/wp\/v2\/media\/11646"}],"wp:attachment":[{"href":"https:\/\/www.lateliercoiffureesthetique.com\/fr\/wp-json\/wp\/v2\/media?parent=10718"}],"wp:term":[{"taxonomy":"product_cat","embeddable":true,"href":"https:\/\/www.lateliercoiffureesthetique.com\/fr\/wp-json\/wp\/v2\/product_cat?post=10718"},{"taxonomy":"product_tag","embeddable":true,"href":"https:\/\/www.lateliercoiffureesthetique.com\/fr\/wp-json\/wp\/v2\/product_tag?post=10718"}],"curies":[{"name":"wp","href":"https:\/\/api.w.org\/{rel}","templated":true}]}}