{"id":10722,"date":"2021-03-25T20:49:02","date_gmt":"2021-03-26T01:49:02","guid":{"rendered":"https:\/\/www.lateliercoiffureesthetique.com\/?post_type=product&#038;p=10722"},"modified":"2024-03-28T22:30:33","modified_gmt":"2024-03-29T03:30:33","slug":"botanical-repair-strengthening-conditioner","status":"publish","type":"product","link":"https:\/\/www.lateliercoiffureesthetique.com\/fr\/produit\/botanical-repair-strengthening-conditioner\/","title":{"rendered":"botanical repair revitalisant fortifiant"},"content":{"rendered":"<p>[vc_row center_bck_image=\u00a0\u00bbno\u00a0\u00bb][vc_column][vc_empty_space][vc_column_text]<\/p>\n<h5 class=\"product-info-area__header js-product-info-trigger\" tabindex=\"0\" role=\"link\" data-info-section=\"ATTRIBUTE_BENEFIT\"><strong>DETAILS<\/strong><\/h5>\n<p>[\/vc_column_text][vc_column_text]<\/p>\n<div class=\"product_tabs-description-container\">\n<div id=\"tab_details\" class=\"tab_content ui-tabs-panel ui-widget-content ui-corner-bottom\" role=\"tabpanel\" aria-labelledby=\"ui-id-1\" aria-expanded=\"true\" aria-hidden=\"false\">\n<div class=\"product_detail_description \">\n<div class=\"product-detail-how-to-use\">\n<div class=\"how-to-use-columns\">\n<div class=\"how-to-use-image\">\n<div class=\"product-info-area__info-product-name at-h2__typography-spp\">\n<div class=\"product-info-area__info-product-name at-h2__typography-spp\">\n<div class=\"product-info-area__info-product-name at-h2__typography-spp\">\n<div class=\"product-info-area__info-product-name at-h2__typography-spp\">\n<div class=\"product-info-area__info-product-name at-h2__typography-spp\">\n<div class=\"product-info-area__info-product-name at-h2__typography-spp\">\n<div class=\"product-info-area__info-product-name at-h2__typography-spp\">\n<div class=\"product-info-area__info-product-name at-h2__typography-spp\">\n<div class=\"product-info-area__info-product-name at-h2__typography-spp\">\n<div class=\"product-info-area__info-product-name at-h2__typography-spp\">\n<div class=\"product-info-area__info-product-name at-h2__typography-spp\">\n<div class=\"product-info-area__info-product-name at-h2__typography-spp\">\n<div class=\"product-info-area__info-product-name at-h2__typography-spp\">\n<div class=\"product-info-area__info-product-name at-h2__typography-spp\">\n<div class=\"product-info-area__info-product-name at-h2__typography-spp\">\n<h6 class=\"product-info-area__info-product-name at-h2__typography-spp\">botanical repair<span class=\"trade\">\u2122<\/span>\u00a0revitalisant fortifiant<\/h6>\n<h6>Revitalise et d\u00e9m\u00eale instantan\u00e9ment pour \u00e9viter les cassures; fortifie et r\u00e9pare avec la puissance des plantes*<br \/>\n\u2022 Fortifie pour am\u00e9liorer la robustesse des cheveux*<br \/>\n\u2022 Revitalise l\u00e9g\u00e8rement pour une utilisation quotidienne sans alourdir les cheveux<br \/>\n\u2022 Laisse les cheveux doux, souples et brillants<br \/>\n\u2022 Pour tous types de cheveux et de textures<br \/>\n\u2022 Compos\u00e9s naturels d\u00e9riv\u00e9s** \u00e0 98\u00a0%<br \/>\n\u2022 Convient pour les cheveux color\u00e9s et trait\u00e9s chimiquement<\/h6>\n<\/div>\n<\/div>\n<\/div>\n<\/div>\n<\/div>\n<\/div>\n<\/div>\n<\/div>\n<\/div>\n<\/div>\n<\/div>\n<\/div>\n<\/div>\n<\/div>\n<\/div>\n<\/div>\n<\/div>\n<\/div>\n<\/div>\n<\/div>\n<\/div>\n<p>[\/vc_column_text][vc_empty_space][\/vc_column][\/vc_row][vc_row center_bck_image=\u00a0\u00bbno\u00a0\u00bb][vc_column][vc_column_text]<\/p>\n<h5 style=\"text-align: left;\"><strong><span style=\"vertical-align: inherit;\"><span style=\"vertical-align: inherit;\">INGREDIENTS<\/span><\/span><\/strong><\/h5>\n<p>[\/vc_column_text][vc_column_text]<\/p>\n<h6 class=\"product-info-area__info-product-name at-h2__typography-spp\">WaterAquaEau, Cetearyl Alcohol, Propanediol, Behenyl\/Octyldodecyl Propanediol Citrate Crosspolymer, Behentrimonium Chloride, Persea Gratissima (Avocado) Oil, Plukenetia Volubilis (Sacha Inchi) Seed Oil, Camellia Oleifera (Green Tea) Seed Oil, Helianthus Annuus (Sunflower) Seed Oil, Tocopherol, Lactic Acid, Stearamidopropyl Dimethylamine, Heptyl Undecylenate, Hydroxypropylammonium Gluconate, Hydroxypropylgluconamide, Bis-Ethyl(Isostearylimidazoline) Isostearamide, Benzyl Alcohol, Fragrance (Parfum), Linalool, Hydroxycitronellal, Limonene, Tartaric Acid, Sodium Benzoate, Potassium Sorbate, Phenoxyethanol<\/h6>\n<p>[\/vc_column_text][\/vc_column][\/vc_row]<\/p>\n","protected":false},"excerpt":{"rendered":"<h6 class=\"product-info-area__info-product-name at-h2__typography-spp\">Revitalise et d\u00e9m\u00eale instantan\u00e9ment pour pr\u00e9venir les cassures; renforce et r\u00e9pare gr\u00e2ce \u00e0 la puissance des plantes*<\/h6>\n","protected":false},"featured_media":11394,"comment_status":"open","ping_status":"closed","template":"","meta":[],"product_cat":[27,293],"product_tag":[95],"_links":{"self":[{"href":"https:\/\/www.lateliercoiffureesthetique.com\/fr\/wp-json\/wp\/v2\/product\/10722"}],"collection":[{"href":"https:\/\/www.lateliercoiffureesthetique.com\/fr\/wp-json\/wp\/v2\/product"}],"about":[{"href":"https:\/\/www.lateliercoiffureesthetique.com\/fr\/wp-json\/wp\/v2\/types\/product"}],"replies":[{"embeddable":true,"href":"https:\/\/www.lateliercoiffureesthetique.com\/fr\/wp-json\/wp\/v2\/comments?post=10722"}],"wp:featuredmedia":[{"embeddable":true,"href":"https:\/\/www.lateliercoiffureesthetique.com\/fr\/wp-json\/wp\/v2\/media\/11394"}],"wp:attachment":[{"href":"https:\/\/www.lateliercoiffureesthetique.com\/fr\/wp-json\/wp\/v2\/media?parent=10722"}],"wp:term":[{"taxonomy":"product_cat","embeddable":true,"href":"https:\/\/www.lateliercoiffureesthetique.com\/fr\/wp-json\/wp\/v2\/product_cat?post=10722"},{"taxonomy":"product_tag","embeddable":true,"href":"https:\/\/www.lateliercoiffureesthetique.com\/fr\/wp-json\/wp\/v2\/product_tag?post=10722"}],"curies":[{"name":"wp","href":"https:\/\/api.w.org\/{rel}","templated":true}]}}