{"id":10733,"date":"2021-03-25T21:38:59","date_gmt":"2021-03-26T02:38:59","guid":{"rendered":"https:\/\/www.lateliercoiffureesthetique.com\/?post_type=product&#038;p=10733"},"modified":"2024-03-28T22:45:42","modified_gmt":"2024-03-29T03:45:42","slug":"invati-advanced-thickening-conditioner","status":"publish","type":"product","link":"https:\/\/www.lateliercoiffureesthetique.com\/fr\/produit\/invati-advanced-thickening-conditioner\/","title":{"rendered":"revitalisant \u00e9paississant invati advanced"},"content":{"rendered":"<p>[vc_row center_bck_image=\u00a0\u00bbno\u00a0\u00bb][vc_column][vc_empty_space][vc_column_text]<\/p>\n<h5 class=\"product-info-area__header js-product-info-trigger\" tabindex=\"0\" role=\"link\" data-info-section=\"ATTRIBUTE_BENEFIT\"><strong>DETAILS<\/strong><\/h5>\n<p>[\/vc_column_text][vc_column_text]<\/p>\n<div class=\"product_tabs-description-container\">\n<div id=\"tab_details\" class=\"tab_content ui-tabs-panel ui-widget-content ui-corner-bottom\" role=\"tabpanel\" aria-labelledby=\"ui-id-1\" aria-expanded=\"true\" aria-hidden=\"false\">\n<div class=\"product_detail_description \">\n<div class=\"product-detail-how-to-use\">\n<div class=\"how-to-use-columns\">\n<div class=\"how-to-use-image\">\n<div class=\"product-info-area__info-product-name at-h2__typography-spp\">\n<div class=\"product-info-area__info-product-name at-h2__typography-spp\">\n<div class=\"product-info-area__info-product-name at-h2__typography-spp\">\n<div class=\"product-info-area__info-product-name at-h2__typography-spp\">\n<div class=\"product-info-area__info-product-name at-h2__typography-spp\">\n<div class=\"product-info-area__info-product-name at-h2__typography-spp\">\n<div class=\"product-info-area__info-product-name at-h2__typography-spp\">\n<div class=\"product-info-area__info-product-name at-h2__typography-spp\">\n<div class=\"product-info-area__info-product-name at-h2__typography-spp\">\n<div class=\"product-info-area__info-product-name at-h2__typography-spp\">\n<div class=\"product-info-area__info-product-name at-h2__typography-spp\">\n<div class=\"product-info-area__info-product-name at-h2__typography-spp\">\n<div class=\"product-info-area__info-product-name at-h2__typography-spp\">\n<div class=\"product-info-area__info-product-name at-h2__typography-spp\">\n<div class=\"product-info-area__info-product-name at-h2__typography-spp\">\n<div class=\"product-info-area__info-product-name at-h2__typography-spp\">\n<div class=\"product-info-area__info-product-name at-h2__typography-spp\">\n<div class=\"product-info-area__info-product-name at-h2__typography-spp\">\n<h6 class=\"product-info-area__info-product-name at-h2__typography-spp\">revitalisant \u00e9paississant invati advanced<span class=\"trade\">\u2122<\/span><\/h6>\n<h6>La deuxi\u00e8me \u00e9tape de votre routine quotidienne de soins des cheveux\u00a0invati advanced<span class=\"trade\">\u2122<\/span>. \u00c9paissit instantan\u00e9ment les cheveux fins et qui ont tendance \u00e0 chuter et cr\u00e9e du volume qui dure toute la journ\u00e9e<\/h6>\n<h6>R\u00e9duit la chute des cheveux de 53\u00a0%* lorsqu&rsquo;il est utilis\u00e9 dans le cadre du syst\u00e8me\u00a0invati advanced<span class=\"trade\">\u2122<\/span>\u00a0\u00e0 3 \u00e9tapes. 4 femmes sur 5 disent que leurs cheveux sont plus \u00e9pais et plus abondants**.<\/h6>\n<\/div>\n<\/div>\n<\/div>\n<\/div>\n<\/div>\n<\/div>\n<\/div>\n<\/div>\n<\/div>\n<\/div>\n<\/div>\n<\/div>\n<\/div>\n<\/div>\n<\/div>\n<\/div>\n<\/div>\n<\/div>\n<\/div>\n<\/div>\n<\/div>\n<\/div>\n<\/div>\n<\/div>\n<p>[\/vc_column_text][vc_empty_space][\/vc_column][\/vc_row][vc_row center_bck_image=\u00a0\u00bbno\u00a0\u00bb][vc_column][vc_column_text]<\/p>\n<h5 style=\"text-align: left;\"><strong><span style=\"vertical-align: inherit;\"><span style=\"vertical-align: inherit;\">INGREDIENTS<\/span><\/span><\/strong><\/h5>\n<p>[\/vc_column_text][vc_column_text]<\/p>\n<div class=\"product-info-area__info-product-name at-h2__typography-spp\">\n<h6>Eau, alcool\u00a0c\u00e9t\u00e9arylique, propanediol, behentrimonium methosulfate, huile de cocos nucifera\u00a0(noix de coco), extrait de fruit de emblica officinalis\u00a0(amla), extrait de racine de curcuma longa (curcuma), extrait de racine de panaz\u00a0ginseng (ginseng), extrait de centella asiatica (hydrocotyl), huile de graines d&rsquo;aleurites moluccana (kukui), caf\u00e9ine,\u00a0tocoph\u00e9rol, proteine de soja hydrolys\u00e9e, extrait de malt,\u00a0phosphate d&rsquo;ad\u00e9nosine, cr\u00e9atine, extrait de levure,\u00a0\u00a0ac\u00e9tyl carnitine Hcl,\u00a0chlorydrate d&rsquo;arginine dihydro-oxypropylique, chlorure de dist\u00e9aryldimonium,\u00a0caprylate de glyc\u00e9ril,\u00a0dim\u00e9ticone,\u00a0m\u00e9thyltrim\u00e9thicone,\u00a0dim\u00e9thicone Peg-8 polyacrylate, polyglyc\u00e9ryl-10 laurate,\u00a0copolym\u00e8re acrylates\/dim\u00e9thicone, acide citrique, parfum, linalol, eug\u00e9nol, g\u00e9raniol, cintrollal, citral, benzoate de benzyle,\u00a0alpha-limon\u00e8ne, sorbate de potassium,\u00a0ph\u00e9noxy\u00e9thanol<\/h6>\n<h6 class=\"product-full__ingredients--disclaimer\">Veuillez prendre note que les listes d&rsquo;ingr\u00e9dients peuvent changer de temps \u00e0 autre. Veuillez consulter la liste d&rsquo;ingr\u00e9dients sur l&#8217;emballage du produit que vous recevez pour obtenir la liste d&rsquo;ingr\u00e9dients la plus r\u00e9cente.<\/h6>\n<\/div>\n<p>[\/vc_column_text][\/vc_column][\/vc_row]<\/p>\n","protected":false},"excerpt":{"rendered":"<h6 class=\"product-info-area__info-product-name at-h2__typography-spp\">\u00c9paissit instantan\u00e9ment les cheveux fins et les cheveux qui ont tendance \u00e0 chuter et\u00a0revitalise en l\u00e9g\u00e8ret\u00e9 pour prot\u00e9ger les cheveux des cassures. Aide \u00e0\u00a0\u00e9paissir les cheveux des racines jusqu&rsquo;aux pointes gr\u00e2ce \u00e0 des acides amin\u00e9s \u00e0 compos\u00e9 naturel d\u00e9riv\u00e9.<\/h6>\n","protected":false},"featured_media":11386,"comment_status":"open","ping_status":"closed","template":"","meta":[],"product_cat":[27,293],"product_tag":[95],"_links":{"self":[{"href":"https:\/\/www.lateliercoiffureesthetique.com\/fr\/wp-json\/wp\/v2\/product\/10733"}],"collection":[{"href":"https:\/\/www.lateliercoiffureesthetique.com\/fr\/wp-json\/wp\/v2\/product"}],"about":[{"href":"https:\/\/www.lateliercoiffureesthetique.com\/fr\/wp-json\/wp\/v2\/types\/product"}],"replies":[{"embeddable":true,"href":"https:\/\/www.lateliercoiffureesthetique.com\/fr\/wp-json\/wp\/v2\/comments?post=10733"}],"wp:featuredmedia":[{"embeddable":true,"href":"https:\/\/www.lateliercoiffureesthetique.com\/fr\/wp-json\/wp\/v2\/media\/11386"}],"wp:attachment":[{"href":"https:\/\/www.lateliercoiffureesthetique.com\/fr\/wp-json\/wp\/v2\/media?parent=10733"}],"wp:term":[{"taxonomy":"product_cat","embeddable":true,"href":"https:\/\/www.lateliercoiffureesthetique.com\/fr\/wp-json\/wp\/v2\/product_cat?post=10733"},{"taxonomy":"product_tag","embeddable":true,"href":"https:\/\/www.lateliercoiffureesthetique.com\/fr\/wp-json\/wp\/v2\/product_tag?post=10733"}],"curies":[{"name":"wp","href":"https:\/\/api.w.org\/{rel}","templated":true}]}}