{"id":10738,"date":"2021-03-25T22:07:11","date_gmt":"2021-03-26T02:07:11","guid":{"rendered":"https:\/\/www.lateliercoiffureesthetique.com\/en\/?post_type=product&#038;p=10738"},"modified":"2024-03-28T22:21:35","modified_gmt":"2024-03-29T03:21:35","slug":"nutriplenish-conditioner-deep-moisture","status":"publish","type":"product","link":"https:\/\/www.lateliercoiffureesthetique.com\/fr\/produit\/nutriplenish-conditioner-deep-moisture\/","title":{"rendered":"revitalisant en profondeur nutriplenish"},"content":{"rendered":"<p>[vc_row center_bck_image=\u00a0\u00bbno\u00a0\u00bb][vc_column][vc_empty_space][vc_column_text]<\/p>\n<h5 class=\"product-info-area__header js-product-info-trigger\" tabindex=\"0\" role=\"link\" data-info-section=\"ATTRIBUTE_BENEFIT\"><strong>DETAILS<\/strong><\/h5>\n<p>[\/vc_column_text][vc_column_text]<\/p>\n<div class=\"product_tabs ui-tabs ui-widget ui-widget-content ui-corner-all\">\n<div class=\"product_tabs-description-container\">\n<div id=\"tab_details\" class=\"tab_content ui-tabs-panel ui-widget-content ui-corner-bottom\" role=\"tabpanel\" aria-labelledby=\"ui-id-1\" aria-expanded=\"true\" aria-hidden=\"false\">\n<div class=\"product_detail_description \">\n<div class=\"product-detail-how-to-use\">\n<div class=\"how-to-use-columns\">\n<div class=\"how-to-use-image\">\n<div class=\"product-info-area__info-product-name at-h2__typography-spp\">\n<div class=\"product-info-area__info-product-name at-h2__typography-spp\">\n<div class=\"product-info-area__info-product-name at-h2__typography-spp\">\n<div class=\"product-info-area__info-product-name at-h2__typography-spp\">\n<div class=\"product-info-area__info-product-name at-h2__typography-spp\">\n<div class=\"product-info-area__info-product-name at-h2__typography-spp\">\n<div class=\"product-info-area__info-product-name at-h2__typography-spp\">\n<div class=\"product-info-area__info-product-name at-h2__typography-spp\">\n<div class=\"product-info-area__info-product-name at-h2__typography-spp\">\n<div class=\"product-info-area__info-product-name at-h2__typography-spp\">\n<div class=\"product-info-area__info-product-name at-h2__typography-spp\">\n<div class=\"product-info-area__info-product-name at-h2__typography-spp\">\n<h6 class=\"product-info-area__info-product-name at-h2__typography-spp\">revitalisant en profondeur nutriplenish<span class=\"trade\">\u2122<\/span><\/h6>\n<h6>Hydratation aux puissants nutriments pour des cheveux visiblement brillants et en sant\u00e9.<br \/>\n\u2022 formule onctueuse et incroyable founissant une puissante hydratation<br \/>\n\u2022 96\u00a0% de compos\u00e9 naturel d\u00e9riv\u00e9* avec superaliments puissants<br \/>\n\u2022 ravive en profondeur avec 50\u00a0% plus de beurre qu&rsquo;une humidit\u00e9 l\u00e9g\u00e8re<br \/>\n\u2022 huile de grenade biologique riche en om\u00e9ga 5 pour nourrir les cheveux secs et endommag\u00e9s<br \/>\n\u2022 huile de noix de coco certifi\u00e9e biologique au poids mol\u00e9culaire l\u00e9ger p\u00e9n\u00e9trant facilement les cheveux pour les hydrater<br \/>\n\u2022 beurre de mangue avec acides gras aidant \u00e0 nourrir, laissant les cheveux doux et soyeux<br \/>\n\u2022 pour les types de cheveux secs \u00e0 tr\u00e8s secs<br \/>\n\u2022 v\u00e9g\u00e9talien<\/h6>\n<h6>\u00c9conomisez de l&rsquo;argent et r\u00e9duisez l&rsquo;utilisation du plastique en achetant des litres.<br \/>\n\u2022 Le litre est moins cher de 10\u00a0% par once\u2020<br \/>\n\u2022 Un litre utilise jusqu&rsquo;\u00e0 28\u00a0% moins de plastique\u2020<\/h6>\n<\/div>\n<\/div>\n<\/div>\n<\/div>\n<\/div>\n<\/div>\n<\/div>\n<\/div>\n<\/div>\n<\/div>\n<\/div>\n<\/div>\n<\/div>\n<\/div>\n<\/div>\n<\/div>\n<\/div>\n<\/div>\n<\/div>\n<p>[\/vc_column_text][vc_empty_space][\/vc_column][\/vc_row][vc_row center_bck_image=\u00a0\u00bbno\u00a0\u00bb][vc_column][vc_column_text]<\/p>\n<h5 style=\"text-align: left;\"><strong><span style=\"vertical-align: inherit;\"><span style=\"vertical-align: inherit;\">INGREDIENTS<\/span><\/span><\/strong><\/h5>\n<p>[\/vc_column_text][vc_column_text]<\/p>\n<h6>WaterAquaEau, Cetearyl Alcohol, Stearamidopropyl Dimethylamine, Behentrimonium Methosulfate, Tricaprylyl Citrate, Heptyl Undecylenate, Cocos Nucifera (Coconut) Oil, Dicetyldimonium Chloride, Propanediol, Mangifera Indica (Mango) Seed Butter, Punica Granatum (Pomegranate) Seed Oil, Butyrospermum Parkii (Shea Butter), Hydrolyzed Adansonia Digitata Extract, Avena Sativa (Oat) Bran Extract, Citrus Aurantium Dulcis (Orange) Peel Extract, Cocos Nucifera (Coconut) Fruit Juice, Chondrus Crispus (Carrageenan) Extract, Octyldodecyl Citrate Crosspolymer, Behenyl\/Octyldodecyl Propanediol Citrate Crosspolymer, Helianthus Annuus (Sunflower) Seed Oil, Tocopherol, Squalane, Glycerin, Euphorbia Cerifera (Candelilla) WaxCandelilla CeraCire De Candelilla, Polyglyceryl-10 Pentaoleate, Lactic Acid, Lecithin, Fragrance (Parfum), Farnesol, Linalool, Benzyl Salicylate, Citronellol, Citral, Hydroxycitronellal, Limonene, Benzyl Benzoate, Cinnamal, Benzyl Cinnamate, Amyl Cinnamal, Geraniol, Cinnamyl Alcohol, Isopropyl Alcohol, Potassium Sorbate, Caprylyl Glycol, Cetrimonium Chloride, Phenoxyethanol<\/h6>\n<h6 class=\"product-full__ingredients--disclaimer\">Veuillez prendre note que les listes d&rsquo;ingr\u00e9dients peuvent changer de temps \u00e0 autre. Veuillez consulter la liste d&rsquo;ingr\u00e9dients sur l&#8217;emballage du produit que vous recevez pour obtenir la liste d&rsquo;ingr\u00e9dients la plus r\u00e9cente.<\/h6>\n<p>[\/vc_column_text][\/vc_column][\/vc_row]<\/p>\n","protected":false},"excerpt":{"rendered":"<h6 class=\"product-info-area__info-product-name at-h2__typography-spp\">Un revitalisant sans pareil avec un m\u00e9lange de superaliments v\u00e9g\u00e9taliens d&rsquo;huiles et de beurre de plantes puissants, qui revitalise et ravive les cheveux secs avec une hydratation infus\u00e9e de nutriments<\/h6>\n","protected":false},"featured_media":14075,"comment_status":"open","ping_status":"closed","template":"","meta":[],"product_cat":[27,293],"product_tag":[95],"_links":{"self":[{"href":"https:\/\/www.lateliercoiffureesthetique.com\/fr\/wp-json\/wp\/v2\/product\/10738"}],"collection":[{"href":"https:\/\/www.lateliercoiffureesthetique.com\/fr\/wp-json\/wp\/v2\/product"}],"about":[{"href":"https:\/\/www.lateliercoiffureesthetique.com\/fr\/wp-json\/wp\/v2\/types\/product"}],"replies":[{"embeddable":true,"href":"https:\/\/www.lateliercoiffureesthetique.com\/fr\/wp-json\/wp\/v2\/comments?post=10738"}],"wp:featuredmedia":[{"embeddable":true,"href":"https:\/\/www.lateliercoiffureesthetique.com\/fr\/wp-json\/wp\/v2\/media\/14075"}],"wp:attachment":[{"href":"https:\/\/www.lateliercoiffureesthetique.com\/fr\/wp-json\/wp\/v2\/media?parent=10738"}],"wp:term":[{"taxonomy":"product_cat","embeddable":true,"href":"https:\/\/www.lateliercoiffureesthetique.com\/fr\/wp-json\/wp\/v2\/product_cat?post=10738"},{"taxonomy":"product_tag","embeddable":true,"href":"https:\/\/www.lateliercoiffureesthetique.com\/fr\/wp-json\/wp\/v2\/product_tag?post=10738"}],"curies":[{"name":"wp","href":"https:\/\/api.w.org\/{rel}","templated":true}]}}