{"id":10767,"date":"2021-03-26T04:44:46","date_gmt":"2021-03-26T08:44:46","guid":{"rendered":"https:\/\/www.lateliercoiffureesthetique.com\/en\/?post_type=product&#038;p=10767"},"modified":"2024-03-28T22:28:16","modified_gmt":"2024-03-29T03:28:16","slug":"botanical-repair-intensive-strengthening-masque-light","status":"publish","type":"product","link":"https:\/\/www.lateliercoiffureesthetique.com\/fr\/produit\/botanical-repair-intensive-strengthening-masque-light\/","title":{"rendered":"Botanical repair masque fortifiant intense : l\u00e9ger"},"content":{"rendered":"<p>[vc_row center_bck_image=\u00a0\u00bbno\u00a0\u00bb][vc_column][vc_empty_space][vc_column_text]<\/p>\n<h5 class=\"product-info-area__header js-product-info-trigger\" tabindex=\"0\" role=\"link\" data-info-section=\"ATTRIBUTE_BENEFIT\"><strong>DETAILS<\/strong><\/h5>\n<p>[\/vc_column_text][vc_column_text]<\/p>\n<div class=\"product_tabs ui-tabs ui-widget ui-widget-content ui-corner-all\">\n<div class=\"product_tabs-description-container\">\n<div id=\"tab_details\" class=\"tab_content ui-tabs-panel ui-widget-content ui-corner-bottom\" role=\"tabpanel\" aria-labelledby=\"ui-id-1\" aria-expanded=\"true\" aria-hidden=\"false\">\n<div class=\"product_detail_description \">\n<div class=\"product-detail-how-to-use\">\n<div class=\"how-to-use-columns\">\n<div class=\"how-to-use-image\">\n<div class=\"product-info-area__info-product-name at-h2__typography-spp\">\n<div class=\"product-info-area__info-product-name at-h2__typography-spp\">\n<div class=\"product-info-area__info-product-name at-h2__typography-spp\">\n<div class=\"product-info-area__info-product-name at-h2__typography-spp\">\n<div class=\"product-info-area__info-product-name at-h2__typography-spp\">\n<div class=\"product-info-area__info-product-name at-h2__typography-spp\">\n<div class=\"product-info-area__info-product-name at-h2__typography-spp\">\n<div class=\"product-info-area__info-product-name at-h2__typography-spp\">\n<div class=\"product-info-area__info-product-name at-h2__typography-spp\">\n<div class=\"product-info-area__info-product-name at-h2__typography-spp\">\n<div class=\"product-info-area__info-product-name at-h2__typography-spp\">\n<div class=\"product-info-area__info-product-name at-h2__typography-spp\">\n<div class=\"product-info-area__info-product-name at-h2__typography-spp\">\n<div class=\"product-info-area__info-product-name at-h2__typography-spp\">\n<div class=\"product-info-area__info-product-name at-h2__typography-spp\">\n<div class=\"product-info-area__info-product-name at-h2__typography-spp\">\n<div class=\"product-info-area__info-product-name at-h2__typography-spp\">\n<div class=\"product-info-area__info-product-name at-h2__typography-spp\">\n<h6 class=\"product-info-area__info-product-name at-h2__typography-spp\">botanical repair<span class=\"trade\">\u2122<\/span>\u00a0masque fortifiant intense : l\u00e9ger 150ml<\/h6>\n<h6>Traitement intense qui fortifie instantan\u00e9ment pour une r\u00e9paration en profondeur gr\u00e2ce \u00e0 la puissance des plantes; formul\u00e9 pour une revitalisation l\u00e9g\u00e8re<br \/>\n\u2022 92\u00a0% des femmes ont d\u00e9clar\u00e9 que leurs cheveux semblaient plus en sant\u00e9 et moins endommag\u00e9s<br \/>\n\u2022 95\u00a0% des femmes ont d\u00e9clar\u00e9 que leurs cheveux semblaient instantan\u00e9ment r\u00e9par\u00e9s<br \/>\n\u2022 Transforme instantan\u00e9ment les cheveux, les laissant visiblement plus en sant\u00e9, doux, lisses et brillants apr\u00e8s 1 seule utilisation.\u200b<br \/>\n\u2022 Fortifie pour aider \u00e0 prot\u00e9ger contre les dommages \u00e9ventuels\u200b<br \/>\n\u2022 R\u00e9pare les dommages aux 3 couches des fibres de cheveux (couche F au centre)<br \/>\n\u2022 D\u00e9m\u00eale instantan\u00e9ment pour \u00e9viter les dommages des cassures\u200b<br \/>\n\u2022 Laisse les cheveux doux, souples et lisses<br \/>\n\u2022 Cr\u00e8me soyeuse luxueuse formul\u00e9e pour une revitalisation l\u00e9g\u00e8re<br \/>\n\u2022 Formul\u00e9 pour toutes les textures, des cheveux fins \u00e0 moyens<br \/>\n\u2022 98\u00a0% de compos\u00e9s naturels d\u00e9riv\u00e9s*\u200b<br \/>\n\u2022 Convient pour les cheveux color\u00e9s et trait\u00e9s chimiquement<\/h6>\n<\/div>\n<\/div>\n<\/div>\n<\/div>\n<\/div>\n<\/div>\n<\/div>\n<\/div>\n<\/div>\n<\/div>\n<\/div>\n<\/div>\n<\/div>\n<\/div>\n<\/div>\n<\/div>\n<\/div>\n<\/div>\n<\/div>\n<\/div>\n<\/div>\n<\/div>\n<\/div>\n<\/div>\n<\/div>\n<p>[\/vc_column_text][vc_empty_space][\/vc_column][\/vc_row][vc_row center_bck_image=\u00a0\u00bbno\u00a0\u00bb][vc_column][vc_column_text]<\/p>\n<h5 style=\"text-align: left;\"><strong><span style=\"vertical-align: inherit;\"><span style=\"vertical-align: inherit;\">INGREDIENTS<\/span><\/span><\/strong><\/h5>\n<p>[\/vc_column_text][vc_column_text]<\/p>\n<h6>Eau, alcool c\u00e9tylst\u00e9arylique, st\u00e9aramide de dim\u00e9thylaminopropyl, doconasol, behentrimonium chloride, glyc\u00e9rine, distearyldimonium chloride, huile de Persea gratissima (avocat), huile de graines de Plukenetia volubilis (sacha inchi), huile de graines de Camellia oleifera (th\u00e9 vert), huile de Helianthus annuus (tournesol), huile de graines de Limnanthes alba (\u00e9cumes des pr\u00e9s), behenyl\/octyldodecyl propanediol citrate crosspolymer, octyldodecyl citrate crosspolymer, hydroxypropylammonium gluconate, hydroxypropylgluconamide, bis-ethyl(isostearylimidazoline) isostearamide, tocoph\u00e9rol, acide lactique, coco-caprylate\/caprate, heptyl undecylenate, hydroxyethylcellulose, gluconate de sodium, squalane, alcool de benzyl, fragrance (parfum), linalool, g\u00e9raniol, amyl cinnamal, benzyl salicylate, citronellol, hydroxycitronellal, citral, benzyl benzoate, limon\u00e8ne, acide tartarique, benzoate de sodium,\u00a0sorbate de potassium, ph\u00e9noxy\u00e9thanol<\/h6>\n<h6 class=\"product-full__ingredients--disclaimer\">Veuillez prendre note que les listes d&rsquo;ingr\u00e9dients peuvent changer de temps \u00e0 autre. Veuillez consulter la liste d&rsquo;ingr\u00e9dients sur l&#8217;emballage du produit que vous recevez pour obtenir la liste d&rsquo;ingr\u00e9dients la plus r\u00e9cente.<\/h6>\n<p>[\/vc_column_text][\/vc_column][\/vc_row]<\/p>\n","protected":false},"excerpt":{"rendered":"<h6 class=\"product-info-area__info-product-name at-h2__typography-spp\">R\u00e9pare intens\u00e9ment et fortifie les cheveux instantan\u00e9ment. Formul\u00e9 pour une revitalisation l\u00e9g\u00e8re. Les cheveux sont visiblement plus en sant\u00e9, doux et brillants apr\u00e8s seulement une utilisation.<\/h6>\n","protected":false},"featured_media":12529,"comment_status":"open","ping_status":"closed","template":"","meta":[],"product_cat":[27,294],"product_tag":[95],"_links":{"self":[{"href":"https:\/\/www.lateliercoiffureesthetique.com\/fr\/wp-json\/wp\/v2\/product\/10767"}],"collection":[{"href":"https:\/\/www.lateliercoiffureesthetique.com\/fr\/wp-json\/wp\/v2\/product"}],"about":[{"href":"https:\/\/www.lateliercoiffureesthetique.com\/fr\/wp-json\/wp\/v2\/types\/product"}],"replies":[{"embeddable":true,"href":"https:\/\/www.lateliercoiffureesthetique.com\/fr\/wp-json\/wp\/v2\/comments?post=10767"}],"wp:featuredmedia":[{"embeddable":true,"href":"https:\/\/www.lateliercoiffureesthetique.com\/fr\/wp-json\/wp\/v2\/media\/12529"}],"wp:attachment":[{"href":"https:\/\/www.lateliercoiffureesthetique.com\/fr\/wp-json\/wp\/v2\/media?parent=10767"}],"wp:term":[{"taxonomy":"product_cat","embeddable":true,"href":"https:\/\/www.lateliercoiffureesthetique.com\/fr\/wp-json\/wp\/v2\/product_cat?post=10767"},{"taxonomy":"product_tag","embeddable":true,"href":"https:\/\/www.lateliercoiffureesthetique.com\/fr\/wp-json\/wp\/v2\/product_tag?post=10767"}],"curies":[{"name":"wp","href":"https:\/\/api.w.org\/{rel}","templated":true}]}}