{"id":10795,"date":"2021-03-26T07:47:07","date_gmt":"2021-03-26T12:47:07","guid":{"rendered":"https:\/\/www.lateliercoiffureesthetique.com\/en\/?post_type=product&#038;p=10795"},"modified":"2024-03-28T22:18:35","modified_gmt":"2024-03-29T03:18:35","slug":"nutriplenish-leave-in-conditioner","status":"publish","type":"product","link":"https:\/\/www.lateliercoiffureesthetique.com\/fr\/produit\/nutriplenish-leave-in-conditioner\/","title":{"rendered":"nutriplenish revitalisant sans rin\u00e7age"},"content":{"rendered":"<p>[vc_row center_bck_image=\u00a0\u00bbno\u00a0\u00bb][vc_column][vc_empty_space][vc_column_text]<\/p>\n<h5 class=\"product-info-area__header js-product-info-trigger\" tabindex=\"0\" role=\"link\" data-info-section=\"ATTRIBUTE_BENEFIT\"><strong>DETAILS<\/strong><\/h5>\n<p>[\/vc_column_text][vc_column_text]<\/p>\n<h6 class=\"product-info-area__info-product-name at-h2__typography-spp\">nutriplenish<span class=\"trade\">\u2122<\/span>\u00a0revitalisant sans rin\u00e7age<\/h6>\n<h6>Hydrate instantan\u00e9ment, d\u00e9m\u00eale et prot\u00e8ge tout type de cheveux et de textures.\u200b<br \/>\n\u2022 Protection thermique jusqu&rsquo;\u00e0 450 \u00b0F.<br \/>\n\u2022 Filtre UV \u00e0 compos\u00e9 naturel d\u00e9riv\u00e9 aide \u00e0 prot\u00e9ger les cheveux des effets du s\u00e9chage par le soleil.\u200b<br \/>\n\u2022 Laisse les cheveux souples et faciles \u00e0 coiffer<br \/>\n\u2022 Utiliser sur les cheveux secs ou mouill\u00e9s\u200b<br \/>\n\u2022 compos\u00e9s naturels d\u00e9riv\u00e9s \u00e0 98\u00a0%*<\/h6>\n<h6>Le vaporisateur nourrissant sans rin\u00e7age tient en place pour plus de r\u00e9g\u00e9n\u00e9ration et peut \u00eatre appliqu\u00e9 sur les cheveux secs ou mouill\u00e9s. Conseil : peut \u00e9galement \u00eatre utilis\u00e9 comme traitement pr\u00e9-shampooing.\u200b<\/h6>\n<p>[\/vc_column_text][vc_empty_space][\/vc_column][\/vc_row][vc_row center_bck_image=\u00a0\u00bbno\u00a0\u00bb][vc_column][vc_column_text]<\/p>\n<h5 style=\"text-align: left;\"><strong><span style=\"vertical-align: inherit;\"><span style=\"vertical-align: inherit;\">INGREDIENTS<\/span><\/span><\/strong><\/h5>\n<p>[\/vc_column_text][vc_column_text]<\/p>\n<h6>WaterAquaEau, Propanediol, alcool Cetearyl, extrait d&rsquo;Adansonia Digitata hydrolys\u00e9, extrait de racine de Kaempferia Galanga, huile de graine de Punica Granatum (grenade), extrait de Chondrus Crispus (Carrageenan), Hydrolyzed Jojoba Esters, huile de graine d&rsquo;Helianthus Annuus (tournesol), Tocopherol, gomme de Sclerotium, Glyc\u00e9rine, Behentrimonium Methosulfate, acide lactique, Polyglyceryl-10 Laurate, Hydroxypropyl Starch Phosphate, Peg-40 huile de castor hydrog\u00e9n\u00e9el, Fragrance (Parfum), Cinnamal, Farnesol, Benzyl Benzoate, Amyl Cinnamal, Citronellol, Citral, Hydroxycitronellal, Geraniol, Limonene, Linalool, sorbate de potassium, Caprylyl Glycol, chlorure de Cetrimonium, Phenoxyethanol<\/h6>\n<h6 class=\"product-full__ingredients--disclaimer\">Veuillez prendre note que les listes d&rsquo;ingr\u00e9dients peuvent changer de temps \u00e0 autre. Veuillez consulter la liste d&rsquo;ingr\u00e9dients sur l&#8217;emballage du produit que vous recevez pour obtenir la liste d&rsquo;ingr\u00e9dients la plus r\u00e9cente.<\/h6>\n<p>[\/vc_column_text][\/vc_column][\/vc_row]<\/p>\n","protected":false},"excerpt":{"rendered":"<h6 class=\"product-info-area__info-product-name at-h2__typography-spp\">Le revitalisant sans rin\u00e7age l\u00e9ger en vaporisateur hydrate et ravive les cheveux pendant 72 heures tout en d\u00e9m\u00ealant et prot\u00e9geant la coiffure jusqu&rsquo;\u00e0 450 \u00b0F. Le filtre UV \u00e0 compos\u00e9 naturel d\u00e9riv\u00e9 aide \u00e0 prot\u00e9ger les cheveux des effets du s\u00e9chage par le soleil.<\/h6>\n","protected":false},"featured_media":14069,"comment_status":"open","ping_status":"closed","template":"","meta":[],"product_cat":[27,298],"product_tag":[95],"_links":{"self":[{"href":"https:\/\/www.lateliercoiffureesthetique.com\/fr\/wp-json\/wp\/v2\/product\/10795"}],"collection":[{"href":"https:\/\/www.lateliercoiffureesthetique.com\/fr\/wp-json\/wp\/v2\/product"}],"about":[{"href":"https:\/\/www.lateliercoiffureesthetique.com\/fr\/wp-json\/wp\/v2\/types\/product"}],"replies":[{"embeddable":true,"href":"https:\/\/www.lateliercoiffureesthetique.com\/fr\/wp-json\/wp\/v2\/comments?post=10795"}],"wp:featuredmedia":[{"embeddable":true,"href":"https:\/\/www.lateliercoiffureesthetique.com\/fr\/wp-json\/wp\/v2\/media\/14069"}],"wp:attachment":[{"href":"https:\/\/www.lateliercoiffureesthetique.com\/fr\/wp-json\/wp\/v2\/media?parent=10795"}],"wp:term":[{"taxonomy":"product_cat","embeddable":true,"href":"https:\/\/www.lateliercoiffureesthetique.com\/fr\/wp-json\/wp\/v2\/product_cat?post=10795"},{"taxonomy":"product_tag","embeddable":true,"href":"https:\/\/www.lateliercoiffureesthetique.com\/fr\/wp-json\/wp\/v2\/product_tag?post=10795"}],"curies":[{"name":"wp","href":"https:\/\/api.w.org\/{rel}","templated":true}]}}