{"id":10800,"date":"2021-03-26T08:06:27","date_gmt":"2021-03-26T13:06:27","guid":{"rendered":"https:\/\/www.lateliercoiffureesthetique.com\/?post_type=product&#038;p=10800"},"modified":"2024-03-28T21:45:46","modified_gmt":"2024-03-29T02:45:46","slug":"pure-abundance-style-prep","status":"publish","type":"product","link":"https:\/\/www.lateliercoiffureesthetique.com\/fr\/produit\/pure-abundance-style-prep\/","title":{"rendered":"pure abundance style-prep"},"content":{"rendered":"<p>[vc_row center_bck_image=\u00a0\u00bbno\u00a0\u00bb][vc_column][vc_empty_space][vc_column_text]<\/p>\n<h5 class=\"product-info-area__header js-product-info-trigger\" tabindex=\"0\" role=\"link\" data-info-section=\"ATTRIBUTE_BENEFIT\"><strong>DETAILS<\/strong><\/h5>\n<p>[\/vc_column_text][vc_column_text]<\/p>\n<div class=\"product-info-area__info-product-name at-h2__typography-spp\">\n<h6>Un coup de pouce de la nature pour les cheveux fins qui donne une sensation naturelle de volume et de l\u00e9g\u00e8ret\u00e9 toute la journ\u00e9e.\u2022 Ajoute un effet \u00e9paississant l\u00e9ger et naturel \u00e0 chaque cheveu gr\u00e2ce \u00e0 un m\u00e9lange botanique de gomme d\u2019acacia, de fruit de la passion, de son de riz, d\u2019huile d\u2019a\u00e7ai et d\u2019alo\u00e8s certifi\u00e9 biologique\u2022 Amplifie le volume gr\u00e2ce \u00e0 un polym\u00e8re naturel d\u00e9riv\u00e9 du ma\u00efs qui aide \u00e0 donner aux cheveux fins et sans vie la tenue dont ils ont besoin pour cr\u00e9er une forme qui dure toute la journ\u00e9e\u2022 Ses revitalisants l\u00e9gers d\u00e9m\u00ealent les cheveux pour \u00e9viter les cassures caus\u00e9es par le peigne\u2022 Aide \u00e0 rafra\u00eechir le volume en toute l\u00e9g\u00e8ret\u00e9 sans utiliser le shampooing.Test\u00e9 par des gens.<\/h6>\n<\/div>\n<p>[\/vc_column_text][vc_empty_space][\/vc_column][\/vc_row][vc_row center_bck_image=\u00a0\u00bbno\u00a0\u00bb][vc_column][vc_column_text]<\/p>\n<h5 style=\"text-align: left;\"><strong><span style=\"vertical-align: inherit;\"><span style=\"vertical-align: inherit;\">INGREDIENTS<\/span><\/span><\/strong><\/h5>\n<p>[\/vc_column_text][vc_column_text]<\/p>\n<h6>WaterAquaEau, Hydrolyzed Corn Starch, Propanediol, Dimethicone Peg-8 Meadowfoamate, Aloe Barbadensis Leaf Juice, Euterpe Oleracea Fruit Oil, Passiflora Edulis Seed Oil, Oryza Sativa (Rice) Bran Oil, Hydrolyzed Wheat Starch, Hydrolyzed Wheat Protein, Peg-40 Hydrogenated Castor Oil, Dimethicone, Dimethiconol, Stearamidopropyl Dimethylamine, Hydrogenated Lecithin, Coco-Glucoside, Cetearyl Alcohol, Polyquaternium-4, Polyquaternium-10, Acacia Senegal Gum, Fragrance (Parfum), Limonene, Geraniol, Linalool, Citronellol, Eugenol, Benzyl Benzoate, Citral, Benzyl Salicylate, Farnesol, Maltodextrin, Citric Acid, Potassium Sorbate, Phenoxyethanol<\/h6>\n<h6 class=\"product-full__ingredients--disclaimer\">Veuillez prendre note que les listes d&rsquo;ingr\u00e9dients peuvent changer de temps \u00e0 autre. Veuillez consulter la liste d&rsquo;ingr\u00e9dients sur l&#8217;emballage du produit que vous recevez pour obtenir la liste d&rsquo;ingr\u00e9dients la plus r\u00e9cente.<\/h6>\n<p>[\/vc_column_text][\/vc_column][\/vc_row]<\/p>\n","protected":false},"excerpt":{"rendered":"<h6 class=\"product-info-area__info-product-name at-h2__typography-spp\">Un coup de pouce de la nature pour les cheveux fins. Ce traitement pr\u00e9coiffage donne aux cheveux une sensation de volume et de l\u00e9g\u00e8ret\u00e9 qui dure toute la journ\u00e9e.<\/h6>\n","protected":false},"featured_media":11369,"comment_status":"open","ping_status":"closed","template":"","meta":[],"product_cat":[27,299],"product_tag":[95],"_links":{"self":[{"href":"https:\/\/www.lateliercoiffureesthetique.com\/fr\/wp-json\/wp\/v2\/product\/10800"}],"collection":[{"href":"https:\/\/www.lateliercoiffureesthetique.com\/fr\/wp-json\/wp\/v2\/product"}],"about":[{"href":"https:\/\/www.lateliercoiffureesthetique.com\/fr\/wp-json\/wp\/v2\/types\/product"}],"replies":[{"embeddable":true,"href":"https:\/\/www.lateliercoiffureesthetique.com\/fr\/wp-json\/wp\/v2\/comments?post=10800"}],"wp:featuredmedia":[{"embeddable":true,"href":"https:\/\/www.lateliercoiffureesthetique.com\/fr\/wp-json\/wp\/v2\/media\/11369"}],"wp:attachment":[{"href":"https:\/\/www.lateliercoiffureesthetique.com\/fr\/wp-json\/wp\/v2\/media?parent=10800"}],"wp:term":[{"taxonomy":"product_cat","embeddable":true,"href":"https:\/\/www.lateliercoiffureesthetique.com\/fr\/wp-json\/wp\/v2\/product_cat?post=10800"},{"taxonomy":"product_tag","embeddable":true,"href":"https:\/\/www.lateliercoiffureesthetique.com\/fr\/wp-json\/wp\/v2\/product_tag?post=10800"}],"curies":[{"name":"wp","href":"https:\/\/api.w.org\/{rel}","templated":true}]}}