{"id":10842,"date":"2021-03-26T12:21:10","date_gmt":"2021-03-26T17:21:10","guid":{"rendered":"https:\/\/www.lateliercoiffureesthetique.com\/?post_type=product&#038;p=10842"},"modified":"2024-02-19T21:37:18","modified_gmt":"2024-02-20T02:37:18","slug":"control-force-firm-hold-hair-spray","status":"publish","type":"product","link":"https:\/\/www.lateliercoiffureesthetique.com\/fr\/produit\/control-force-firm-hold-hair-spray\/","title":{"rendered":"Laque capillaire tenue ferme control force"},"content":{"rendered":"<p>[vc_row center_bck_image=\u00a0\u00bbno\u00a0\u00bb][vc_column][vc_empty_space][vc_column_text]<\/p>\n<h5 class=\"product-info-area__header js-product-info-trigger\" tabindex=\"0\" role=\"link\" data-info-section=\"ATTRIBUTE_BENEFIT\"><strong>DETAILS<\/strong><\/h5>\n<p>[\/vc_column_text][vc_column_text]<\/p>\n<div class=\"product-info-area__info-product-name at-h2__typography-spp\">\n<div class=\"product-info-area__info-product-name at-h2__typography-spp\">\n<div class=\"product-info-area__info-product-name at-h2__typography-spp\">\n<div class=\"product-info-area__info-product-name at-h2__typography-spp\">\n<h6 class=\"product-info-area__info-product-name at-h2__typography-spp\">laque capillaire tenue ferme control force<span class=\"trade\">\u2122<\/span><\/h6>\n<h6>Notre laque capillaire tenue tr\u00e8s ferme offre une tenue et une protection longue dur\u00e9e contre l&rsquo;humidit\u00e9 pour tous les types de cheveux et n&rsquo;a aucun effet sur le climat*. \u2022 tenue ferme et protection contre l&rsquo;humidit\u00e9 toute la journ\u00e9e \u2022 formule \u00e0 s\u00e9chage rapide qui ne s&rsquo;\u00e9caille pas<br \/>\n*Aveda finance l&rsquo;\u00e9nergie \u00e9olienne renouvelable afin de compenser les effets des CO2 associ\u00e9s \u00e0 la production, au transport et \u00e0 l&rsquo;utilisation de\u00a0<b>control force<sup>TM<\/sup><\/b>\u00a0pour r\u00e9duire \u00e0 z\u00e9ro l&rsquo;effet sur le climat terrestre. La majorit\u00e9 de nos fonds de compensation financent l&rsquo;\u00e9nergie \u00e9olienne.<\/h6>\n<\/div>\n<\/div>\n<\/div>\n<\/div>\n<p>[\/vc_column_text][vc_empty_space][\/vc_column][\/vc_row][vc_row center_bck_image=\u00a0\u00bbno\u00a0\u00bb][vc_column][vc_column_text]<\/p>\n<h5 style=\"text-align: left;\"><strong><span style=\"vertical-align: inherit;\"><span style=\"vertical-align: inherit;\">INGREDIENTS<\/span><\/span><\/strong><\/h5>\n<p>[\/vc_column_text][vc_column_text]<\/p>\n<h6>Alcohol Denat., Hydrofluorocarbon 152a, Octylacrylamide\/Acrylates\/Butylaminoethyl Methacrylate Copolymer, Aminomethyl Propanol, Aqueous (WaterAquaEau) ExtractsExtraits Aqueux:Linum Usitatissimum (Linseed) Seed Extract, Althaea Officinalis (Marshmallow) Root Extract, Camellia Oleifera Leaf Extract, Aloe Barbadensis Leaf Juice, Steardimonium Hydroxypropyl Hydrolyzed Wheat Protein, Va\/Crotonates\/Vinyl Neodecanoate Copolymer, Oryzanol, Triethyl Citrate, Peg-12 Dimethicone, Propanediol, Fragrance (Parfum), Linalool, Limonene, Geraniol, Citronellol, Maltodextrin<\/h6>\n<h6 class=\"product-full__ingredients--disclaimer\">Veuillez prendre note que les listes d&rsquo;ingr\u00e9dients peuvent changer de temps \u00e0 autre. Veuillez consulter la liste d&rsquo;ingr\u00e9dients sur l&#8217;emballage du produit que vous recevez pour obtenir la liste d&rsquo;ingr\u00e9dients la plus r\u00e9cente.<\/h6>\n<p>[\/vc_column_text][\/vc_column][\/vc_row]<\/p>\n","protected":false},"excerpt":{"rendered":"<h6 class=\"product-info-area__info-product-name at-h2__typography-spp\">Notre laque capillaire tenue tr\u00e8s ferme offre tenue et protection longue dur\u00e9e contre l&#039;humidit\u00e9 pour tous les types de cheveux et n&#039;a aucun impact* sur le climat.<br \/>\n*Aveda finance l&#039;\u00e9nergie \u00e9olienne renouvelable afin de compenser les effets des CO2 associ\u00e9s \u00e0 la production, au transport et \u00e0 l&#039;utilisation de\u00a0<b>control force<sup>TM<\/sup><\/b>\u00a0pour r\u00e9duire \u00e0 z\u00e9ro l&#039;effet sur le climat terrestre.<\/h6>\n","protected":false},"featured_media":11359,"comment_status":"open","ping_status":"closed","template":"","meta":[],"product_cat":[27,304],"product_tag":[95],"_links":{"self":[{"href":"https:\/\/www.lateliercoiffureesthetique.com\/fr\/wp-json\/wp\/v2\/product\/10842"}],"collection":[{"href":"https:\/\/www.lateliercoiffureesthetique.com\/fr\/wp-json\/wp\/v2\/product"}],"about":[{"href":"https:\/\/www.lateliercoiffureesthetique.com\/fr\/wp-json\/wp\/v2\/types\/product"}],"replies":[{"embeddable":true,"href":"https:\/\/www.lateliercoiffureesthetique.com\/fr\/wp-json\/wp\/v2\/comments?post=10842"}],"wp:featuredmedia":[{"embeddable":true,"href":"https:\/\/www.lateliercoiffureesthetique.com\/fr\/wp-json\/wp\/v2\/media\/11359"}],"wp:attachment":[{"href":"https:\/\/www.lateliercoiffureesthetique.com\/fr\/wp-json\/wp\/v2\/media?parent=10842"}],"wp:term":[{"taxonomy":"product_cat","embeddable":true,"href":"https:\/\/www.lateliercoiffureesthetique.com\/fr\/wp-json\/wp\/v2\/product_cat?post=10842"},{"taxonomy":"product_tag","embeddable":true,"href":"https:\/\/www.lateliercoiffureesthetique.com\/fr\/wp-json\/wp\/v2\/product_tag?post=10842"}],"curies":[{"name":"wp","href":"https:\/\/api.w.org\/{rel}","templated":true}]}}