{"id":10849,"date":"2021-03-26T14:07:21","date_gmt":"2021-03-26T18:07:21","guid":{"rendered":"https:\/\/www.lateliercoiffureesthetique.com\/en\/?post_type=product&#038;p=10849"},"modified":"2024-02-19T21:35:17","modified_gmt":"2024-02-20T02:35:17","slug":"phomollient-styling-foam","status":"publish","type":"product","link":"https:\/\/www.lateliercoiffureesthetique.com\/fr\/produit\/phomollient-styling-foam\/","title":{"rendered":"mousse coiffante phomollient"},"content":{"rendered":"<p>[vc_row center_bck_image=\u00a0\u00bbno\u00a0\u00bb][vc_column][vc_empty_space][vc_column_text]<\/p>\n<h5 class=\"product-info-area__header js-product-info-trigger\" tabindex=\"0\" role=\"link\" data-info-section=\"ATTRIBUTE_BENEFIT\"><strong>DETAILS<\/strong><\/h5>\n<p>[\/vc_column_text][vc_column_text]<\/p>\n<h6>mousse coiffante phomollient\u2122<br \/>\nNotre formule donne du corps et du volume sans lourdeur aux cheveux fins et moyens.<br \/>\n\u2022ajoute de la brillance sans d\u00e9p\u00f4t ni lourdeur<br \/>\n\u2022utilise une technologie par infusion d&rsquo;air<br \/>\n\u2022tenue l\u00e9g\u00e8re \u00e0 moyenne<br \/>\n\u2022volume et l\u00e9g\u00e8ret\u00e9<br \/>\n\u2022donne du corps<br \/>\nVeuillez noter que le remplissage n&rsquo;inclut pas de pompe.<\/h6>\n<p>[\/vc_column_text][vc_empty_space][\/vc_column][\/vc_row][vc_row center_bck_image=\u00a0\u00bbno\u00a0\u00bb][vc_column][vc_column_text]<\/p>\n<h5 style=\"text-align: left;\"><strong><span style=\"vertical-align: inherit;\"><span style=\"vertical-align: inherit;\">INGREDIENTS<\/span><\/span><\/strong><\/h5>\n<p>[\/vc_column_text][vc_column_text]<\/p>\n<h6>WaterAquaEau, Polysorbate 20, Glycerin, Polyquaternium-11, Polyquaternium-10, Oryzanol, Tocopherol, Glycine Soja (Soybean) Oil, Caprylyl Glycol, Fragrance (Parfum), Farnesol, Benzyl Salicylate, Citronellol, Eugenol, Amyl Cinnamal, Geraniol, Linalool, Limonene, Benzyl Benzoate, Citric Acid, Sodium Gluconate, Potassium Sorbate, Phenoxyethanol<\/h6>\n<h6 class=\"product-full__ingredients--disclaimer\">Veuillez prendre note que les listes d&rsquo;ingr\u00e9dients peuvent changer de temps \u00e0 autre. Veuillez consulter la liste d&rsquo;ingr\u00e9dients sur l&#8217;emballage du produit que vous recevez pour obtenir la liste d&rsquo;ingr\u00e9dients la plus r\u00e9cente.<\/h6>\n<p>[\/vc_column_text][\/vc_column][\/vc_row]<\/p>\n","protected":false},"excerpt":{"rendered":"<h6>Notre formule donne du corps et du volume sans lourdeur aux cheveux fins \u00e0 moyens. La technologie par infusion d&rsquo;air transforme les liquides en mousse, sans propulseur d&rsquo;hydrocarbure.<\/h6>\n","protected":false},"featured_media":11356,"comment_status":"open","ping_status":"closed","template":"","meta":[],"product_cat":[27,300],"product_tag":[95],"_links":{"self":[{"href":"https:\/\/www.lateliercoiffureesthetique.com\/fr\/wp-json\/wp\/v2\/product\/10849"}],"collection":[{"href":"https:\/\/www.lateliercoiffureesthetique.com\/fr\/wp-json\/wp\/v2\/product"}],"about":[{"href":"https:\/\/www.lateliercoiffureesthetique.com\/fr\/wp-json\/wp\/v2\/types\/product"}],"replies":[{"embeddable":true,"href":"https:\/\/www.lateliercoiffureesthetique.com\/fr\/wp-json\/wp\/v2\/comments?post=10849"}],"wp:featuredmedia":[{"embeddable":true,"href":"https:\/\/www.lateliercoiffureesthetique.com\/fr\/wp-json\/wp\/v2\/media\/11356"}],"wp:attachment":[{"href":"https:\/\/www.lateliercoiffureesthetique.com\/fr\/wp-json\/wp\/v2\/media?parent=10849"}],"wp:term":[{"taxonomy":"product_cat","embeddable":true,"href":"https:\/\/www.lateliercoiffureesthetique.com\/fr\/wp-json\/wp\/v2\/product_cat?post=10849"},{"taxonomy":"product_tag","embeddable":true,"href":"https:\/\/www.lateliercoiffureesthetique.com\/fr\/wp-json\/wp\/v2\/product_tag?post=10849"}],"curies":[{"name":"wp","href":"https:\/\/api.w.org\/{rel}","templated":true}]}}