{"id":10862,"date":"2021-03-26T15:32:04","date_gmt":"2021-03-26T20:32:04","guid":{"rendered":"https:\/\/www.lateliercoiffureesthetique.com\/en\/?post_type=product&#038;p=10862"},"modified":"2024-02-19T21:29:00","modified_gmt":"2024-02-20T02:29:00","slug":"aveda-men-pure-formance-thickening-paste","status":"publish","type":"product","link":"https:\/\/www.lateliercoiffureesthetique.com\/fr\/produit\/aveda-men-pure-formance-thickening-paste\/","title":{"rendered":"p\u00e2te \u00e9paississante aveda men pure-formance"},"content":{"rendered":"<p>[vc_row center_bck_image=\u00a0\u00bbno\u00a0\u00bb][vc_column][vc_empty_space][vc_column_text]<\/p>\n<h5 class=\"product-info-area__header js-product-info-trigger\" tabindex=\"0\" role=\"link\" data-info-section=\"ATTRIBUTE_BENEFIT\"><strong>DETAILS<\/strong><\/h5>\n<p>[\/vc_column_text][vc_column_text]<\/p>\n<div class=\"product-info-area__info-product-name at-h2__typography-spp\">\n<h6 class=\"product-info-area__info-product-name at-h2__typography-spp\">p\u00e2te \u00e9paississante aveda men pure-formance<span class=\"trade\">\u2122<\/span><\/h6>\n<h6>Cette p\u00e2te faite de compos\u00e9s naturels d\u00e9riv\u00e9s \u00e0 91\u00a0%* \u00e9paissit instantan\u00e9ment les cheveux pour un style robuste et d\u00e9fini gr\u00e2ce au pouvoir des plantes.<br \/>\n\u2022 L&rsquo;alma aide \u00e0 \u00e9paissir chaque cheveu pour une chevelure plus \u00e9paisse des racines aux pointes<br \/>\n\u2022 procure une tenue hautement polyvalente au fini naturel<\/h6>\n<\/div>\n<p>[\/vc_column_text][vc_empty_space][\/vc_column][\/vc_row][vc_row center_bck_image=\u00a0\u00bbno\u00a0\u00bb][vc_column][vc_column_text]<\/p>\n<h5 style=\"text-align: left;\"><strong><span style=\"vertical-align: inherit;\"><span style=\"vertical-align: inherit;\">INGREDIENTS<\/span><\/span><\/strong><\/h5>\n<p>[\/vc_column_text][vc_column_text]<\/p>\n<h6>WaterAquaEau, Canola OilHuile De Colza, Hydrogenated Castor Oil, Oryza Sativa (Rice) Bran Wax, C14-22 Alcohols, Glycerin, Dimethicone, Jojoba Esters, Peg-40 Hydrogenated Castor Oil, Cetearyl Alcohol, Alcohol Denat., Aluminum Starch Octenylsuccinate, Coco-Glucoside, Emblica Officinalis (Amla) Fruit Extract, Orbignya Oleifera (Babassu) Seed Oil, Boswellia Serrata Extract, Scutellaria Baicalensis Root Extract, Glycyrrhiza Glabra (Licorice) Root Extract, Yeast ExtractFaexExtrait De Levure, Calophyllum Inophyllum (Tamanu) Seed Oil, Starch Hydroxypropyltrimonium Chloride, Hydrolyzed Algin, Malt Extract, Ursolic Acid, Tocopherol, Glycine Soja (Soybean) Oil, Creatine, Adenosine Phosphate, Acetyl Carnitine Hcl, Glyceryl Stearate, Zea Mays (Corn) Starch, Silica, Pvp, C12-20 Alkyl Glucoside, Peg-100 Stearate, Simethicone, Sodium Chloride, Fragrance (Parfum), Farnesol, Eugenol, Linalool, Citronellol, Citral, Limonene, Benzyl Benzoate, Coumarin, Geraniol, Isoeugenol, Potassium Sorbate, Sodium Benzoate, Phenoxyethanol<\/h6>\n<h6 class=\"product-full__ingredients--disclaimer\">Veuillez prendre note que les listes d&rsquo;ingr\u00e9dients peuvent changer de temps \u00e0 autre. Veuillez consulter la liste d&rsquo;ingr\u00e9dients sur l&#8217;emballage du produit que vous recevez pour obtenir la liste d&rsquo;ingr\u00e9dients la plus r\u00e9cente.<\/h6>\n<p>[\/vc_column_text][\/vc_column][\/vc_row]<\/p>\n","protected":false},"excerpt":{"rendered":"<h6>\u00c9paissit instantan\u00e9ment les cheveux et procure une tenue flexible pour cr\u00e9er n&#039;importe quel style.<\/h6>\n","protected":false},"featured_media":11354,"comment_status":"open","ping_status":"closed","template":"","meta":[],"product_cat":[27,306],"product_tag":[95],"_links":{"self":[{"href":"https:\/\/www.lateliercoiffureesthetique.com\/fr\/wp-json\/wp\/v2\/product\/10862"}],"collection":[{"href":"https:\/\/www.lateliercoiffureesthetique.com\/fr\/wp-json\/wp\/v2\/product"}],"about":[{"href":"https:\/\/www.lateliercoiffureesthetique.com\/fr\/wp-json\/wp\/v2\/types\/product"}],"replies":[{"embeddable":true,"href":"https:\/\/www.lateliercoiffureesthetique.com\/fr\/wp-json\/wp\/v2\/comments?post=10862"}],"wp:featuredmedia":[{"embeddable":true,"href":"https:\/\/www.lateliercoiffureesthetique.com\/fr\/wp-json\/wp\/v2\/media\/11354"}],"wp:attachment":[{"href":"https:\/\/www.lateliercoiffureesthetique.com\/fr\/wp-json\/wp\/v2\/media?parent=10862"}],"wp:term":[{"taxonomy":"product_cat","embeddable":true,"href":"https:\/\/www.lateliercoiffureesthetique.com\/fr\/wp-json\/wp\/v2\/product_cat?post=10862"},{"taxonomy":"product_tag","embeddable":true,"href":"https:\/\/www.lateliercoiffureesthetique.com\/fr\/wp-json\/wp\/v2\/product_tag?post=10862"}],"curies":[{"name":"wp","href":"https:\/\/api.w.org\/{rel}","templated":true}]}}