{"id":10868,"date":"2021-03-26T16:09:48","date_gmt":"2021-03-26T21:09:48","guid":{"rendered":"https:\/\/www.lateliercoiffureesthetique.com\/en\/?post_type=product&#038;p=10868"},"modified":"2024-10-16T18:36:07","modified_gmt":"2024-10-16T23:36:07","slug":"control-paste","status":"publish","type":"product","link":"https:\/\/www.lateliercoiffureesthetique.com\/fr\/produit\/control-paste\/","title":{"rendered":"control paste"},"content":{"rendered":"<p>[vc_row center_bck_image=\u00a0\u00bbno\u00a0\u00bb][vc_column][vc_empty_space][vc_column_text]<\/p>\n<h5 class=\"product-info-area__header js-product-info-trigger\" tabindex=\"0\" role=\"link\" data-info-section=\"ATTRIBUTE_BENEFIT\"><strong>DETAILS<\/strong><\/h5>\n<p>[\/vc_column_text][vc_column_text]<\/p>\n<h6 class=\"product-info-area__info-product-name at-h2__typography-spp\">control paste<span class=\"trade\">\u2122<\/span><\/h6>\n<h6>Pour une coiffure l\u00e2che ou contr\u00f4l\u00e9e ou vaguement en d\u00e9sordre,<b>control paste<sup>TM<\/sup><\/b>\u00a0donne \u00e0 vos cheveux une texture et une tenue souples, pour des styles textur\u00e9s soyeux au fini mat. \u2022coiffure pour cheveux secs \u2022tenue souple moyenne \u2022tous les types de cheveux<\/h6>\n<h6 class=\"product-info-area__header js-product-info-trigger active\" tabindex=\"0\" role=\"link\" data-info-section=\"PRODUCT_USAGE\"><strong>UTILISATION<\/strong><\/h6>\n<h6>Vaporiser le produit dans la main et appliquer sur les cheveux secs avec les doigts. Mettre plus de produit si d\u00e9sir\u00e9.<br \/>\nTRUCS<br \/>\n\u2022 Pour une apparence plus dramatique, vaporisez\u00a0<b>control paste<sup>TM<\/sup><\/b>\u00a0en utilisant vos doigts. Prendre une partie des cheveux dans les mains et glisser les doigts directement dans les cheveux.\u2022Appliquer sur les cheveux secs ou humides avant de les tresser ou de les attacher en queue de cheval, afin de les maintenir ensemble pour qu&rsquo;ils restent souples et en contr\u00f4le.\u2022Si la finition a \u00e9t\u00e9 faite avec\u00a0<b>control paste<sup>TM<\/sup><\/b><\/h6>\n<p>[\/vc_column_text][vc_empty_space][\/vc_column][\/vc_row][vc_row center_bck_image=\u00a0\u00bbno\u00a0\u00bb][vc_column][vc_column_text]<\/p>\n<h5 style=\"text-align: left;\"><strong><span style=\"vertical-align: inherit;\"><span style=\"vertical-align: inherit;\">INGREDIENTS<\/span><\/span><\/strong><\/h5>\n<p>[\/vc_column_text][vc_column_text]<\/p>\n<h6>WaterAquaEau, Caprylic\/Capric Triglyceride, Peg-25 Hydrogenated Castor Oil, Tribehenin, Hydrogenated Castor Oil, Ricinus Communis (Castor) Seed Oil, Peg-6 Caprylic\/Capric Glycerides, Glycerin, Cetearyl Alcohol, Dipalmitoylethyl Hydroxyethylmonium Methosulfate, Caprylyl Glycol, Hydroxypropyl Guar, Bixa Orellana Seed Extract, Polysorbate 80, Sodium Gluconate, Fragrance (Parfum), Limonene, Linalool, Geraniol, Citronellol, Eugenol, Amyl Cinnamal, Benzyl Benzoate, Citral, Benzyl Salicylate, Farnesol, Coumarin, Hydroxycitronellal, Potassium Sorbate, Phenoxyethanol, Mica, Titanium Dioxide (Ci 77891), Annatto (Ci 75120)<\/h6>\n<h6 class=\"product-full__ingredients--disclaimer\">Veuillez prendre note que les listes d&rsquo;ingr\u00e9dients peuvent changer de temps \u00e0 autre. Veuillez consulter la liste d&rsquo;ingr\u00e9dients sur l&#8217;emballage du produit que vous recevez pour obtenir la liste d&rsquo;ingr\u00e9dients la plus r\u00e9cente.<\/h6>\n<p>[\/vc_column_text][\/vc_column][\/vc_row]<\/p>\n","protected":false},"excerpt":{"rendered":"<h6>Pour une coiffure l\u00e2che ou contr\u00f4l\u00e9e ou vaguement en d\u00e9sordre,\u00a0<b>control paste<sup>TM<\/sup><\/b>\u00a0donne \u00e0 vos cheveux une texture et une tenue souples, pour des styles textur\u00e9s soyeux au fini mat.<\/h6>\n","protected":false},"featured_media":11352,"comment_status":"open","ping_status":"closed","template":"","meta":[],"product_cat":[27,306],"product_tag":[95],"_links":{"self":[{"href":"https:\/\/www.lateliercoiffureesthetique.com\/fr\/wp-json\/wp\/v2\/product\/10868"}],"collection":[{"href":"https:\/\/www.lateliercoiffureesthetique.com\/fr\/wp-json\/wp\/v2\/product"}],"about":[{"href":"https:\/\/www.lateliercoiffureesthetique.com\/fr\/wp-json\/wp\/v2\/types\/product"}],"replies":[{"embeddable":true,"href":"https:\/\/www.lateliercoiffureesthetique.com\/fr\/wp-json\/wp\/v2\/comments?post=10868"}],"wp:featuredmedia":[{"embeddable":true,"href":"https:\/\/www.lateliercoiffureesthetique.com\/fr\/wp-json\/wp\/v2\/media\/11352"}],"wp:attachment":[{"href":"https:\/\/www.lateliercoiffureesthetique.com\/fr\/wp-json\/wp\/v2\/media?parent=10868"}],"wp:term":[{"taxonomy":"product_cat","embeddable":true,"href":"https:\/\/www.lateliercoiffureesthetique.com\/fr\/wp-json\/wp\/v2\/product_cat?post=10868"},{"taxonomy":"product_tag","embeddable":true,"href":"https:\/\/www.lateliercoiffureesthetique.com\/fr\/wp-json\/wp\/v2\/product_tag?post=10868"}],"curies":[{"name":"wp","href":"https:\/\/api.w.org\/{rel}","templated":true}]}}