{"id":10871,"date":"2021-03-26T16:19:36","date_gmt":"2021-03-26T21:19:36","guid":{"rendered":"https:\/\/www.lateliercoiffureesthetique.com\/en\/?post_type=product&#038;p=10871"},"modified":"2023-02-24T23:21:44","modified_gmt":"2023-02-25T04:21:44","slug":"light-elements-defining-whip","status":"publish","type":"product","link":"https:\/\/www.lateliercoiffureesthetique.com\/fr\/produit\/light-elements-defining-whip\/","title":{"rendered":"light elements defining whip"},"content":{"rendered":"<p>[vc_row center_bck_image=\u00a0\u00bbno\u00a0\u00bb][vc_column][vc_empty_space][vc_column_text]<\/p>\n<h5 class=\"product-info-area__header js-product-info-trigger\" tabindex=\"0\" role=\"link\" data-info-section=\"ATTRIBUTE_BENEFIT\"><strong>DETAILS<\/strong><\/h5>\n<p>[\/vc_column_text][vc_column_text]<\/p>\n<div class=\"product-info-area__info-product-name at-h2__typography-spp\">\n<h6 class=\"product-info-area__info-product-name at-h2__typography-spp\">light elements<span class=\"trade\">\u2122<\/span>\u00a0defining whip<span class=\"trade\">\u2122<\/span><\/h6>\n<h6>Une cire a\u00e9r\u00e9e qui vous permet de cr\u00e9er des textures et d&rsquo;obtenir une tenue moyenne sans ajouter de poids ni devenir collant. Est absorb\u00e9 par les cheveux pour d\u00e9finir et s\u00e9parer; assez l\u00e9g\u00e8re pour \u00eatre appliqu\u00e9e de nouveau sans r\u00e9sidus. \u2022 d\u00e9finit sans alourdir \u2022 offre une tenue moyenne \u2022 pour tous les types de cheveux<br \/>\nTest\u00e9 par des gens.<\/h6>\n<\/div>\n<p>[\/vc_column_text][vc_empty_space][\/vc_column][\/vc_row][vc_row center_bck_image=\u00a0\u00bbno\u00a0\u00bb][vc_column][vc_column_text]<\/p>\n<h5 style=\"text-align: left;\"><strong><span style=\"vertical-align: inherit;\"><span style=\"vertical-align: inherit;\">INGREDIENTS<\/span><\/span><\/strong><\/h5>\n<p>[\/vc_column_text][vc_column_text]<\/p>\n<h6>Aqueous (WaterAquaEau) ExtractsExtraits Aqueux:Althaea Officinalis (Marshmallow) Root Extract, Linum Usitatissimum (Flaxseed) Seed Extract, Stearic Acid, Lavandula Intermedia Flower\/Leaf\/Stem Extract, Caprylic\/Capric Triglyceride, Peg-6 Caprylic\/Capric Glycerides, Pvp, Hydrogenated Castor Oil, Glycerin, Peg-25 Hydrogenated Castor Oil, Oryzanol, Cetearyl Alcohol, Glyceryl Stearate, Hydroxypropyl Guar, Magnesium Aluminum Silicate, Ethylhexylglycerin, Sodium Gluconate, Fragrance (Parfum), Farnesol, Eugenol, Linalool, Benzyl Salicylate, Citral, Limonene, Benzyl Benzoate, Tromethamine, Potassium Sorbate, Phenoxyethanol, Chlorphenesin<\/h6>\n<h6 class=\"product-full__ingredients--disclaimer\">Veuillez prendre note que les listes d&rsquo;ingr\u00e9dients peuvent changer de temps \u00e0 autre. Veuillez consulter la liste d&rsquo;ingr\u00e9dients sur l&#8217;emballage du produit que vous recevez pour obtenir la liste d&rsquo;ingr\u00e9dients la plus r\u00e9cente.<\/h6>\n<p>[\/vc_column_text][\/vc_column][\/vc_row]<\/p>\n","protected":false},"excerpt":{"rendered":"<h6>Une cire a\u00e9r\u00e9e qui vous permet de cr\u00e9er des textures et d&#039;obtenir une tenue moyenne sans ajouter de poids ni devenir collant. Est absorb\u00e9 par les cheveux pour d\u00e9finir et s\u00e9parer; assez l\u00e9g\u00e8re pour \u00eatre appliqu\u00e9e de nouveau sans r\u00e9sidus. Pour tous les types de cheveux.<\/h6>\n","protected":false},"featured_media":11351,"comment_status":"open","ping_status":"closed","template":"","meta":[],"product_cat":[27,306],"product_tag":[95],"_links":{"self":[{"href":"https:\/\/www.lateliercoiffureesthetique.com\/fr\/wp-json\/wp\/v2\/product\/10871"}],"collection":[{"href":"https:\/\/www.lateliercoiffureesthetique.com\/fr\/wp-json\/wp\/v2\/product"}],"about":[{"href":"https:\/\/www.lateliercoiffureesthetique.com\/fr\/wp-json\/wp\/v2\/types\/product"}],"replies":[{"embeddable":true,"href":"https:\/\/www.lateliercoiffureesthetique.com\/fr\/wp-json\/wp\/v2\/comments?post=10871"}],"wp:featuredmedia":[{"embeddable":true,"href":"https:\/\/www.lateliercoiffureesthetique.com\/fr\/wp-json\/wp\/v2\/media\/11351"}],"wp:attachment":[{"href":"https:\/\/www.lateliercoiffureesthetique.com\/fr\/wp-json\/wp\/v2\/media?parent=10871"}],"wp:term":[{"taxonomy":"product_cat","embeddable":true,"href":"https:\/\/www.lateliercoiffureesthetique.com\/fr\/wp-json\/wp\/v2\/product_cat?post=10871"},{"taxonomy":"product_tag","embeddable":true,"href":"https:\/\/www.lateliercoiffureesthetique.com\/fr\/wp-json\/wp\/v2\/product_tag?post=10871"}],"curies":[{"name":"wp","href":"https:\/\/api.w.org\/{rel}","templated":true}]}}