{"id":10874,"date":"2021-03-26T16:35:29","date_gmt":"2021-03-26T21:35:29","guid":{"rendered":"https:\/\/www.lateliercoiffureesthetique.com\/en\/?post_type=product&#038;p=10874"},"modified":"2024-02-19T21:12:29","modified_gmt":"2024-02-20T02:12:29","slug":"light-elements-texturizing-creme","status":"publish","type":"product","link":"https:\/\/www.lateliercoiffureesthetique.com\/fr\/produit\/light-elements-texturizing-creme\/","title":{"rendered":"cr\u00e8me texturisante light elements"},"content":{"rendered":"<p>[vc_row center_bck_image=\u00a0\u00bbno\u00a0\u00bb][vc_column][vc_empty_space][vc_column_text]<\/p>\n<h5 class=\"product-info-area__header js-product-info-trigger\" tabindex=\"0\" role=\"link\" data-info-section=\"ATTRIBUTE_BENEFIT\"><strong>DETAILS<\/strong><\/h5>\n<p>[\/vc_column_text][vc_column_text]<\/p>\n<div class=\"product-info-area__info-product-name at-h2__typography-spp\">\n<div class=\"product-info-area__info-product-name at-h2__typography-spp\">\n<h6 class=\"product-info-area__info-product-name at-h2__typography-spp\">cr\u00e8me texturisante light elements<span class=\"trade\">\u2122<\/span><\/h6>\n<h6>La cire cr\u00e9meuse offre une texture et une tenue l\u00e9g\u00e8res, pour tous les types de cheveux. \u2022humidifie les cheveux\u2022offre une tenue l\u00e9g\u00e8re et flexible<br \/>\nTest\u00e9 par des gens.<\/h6>\n<\/div>\n<div>\n<h6 class=\"product-info-area__header js-product-info-trigger active\" tabindex=\"0\" role=\"link\" data-info-section=\"PRODUCT_USAGE\"><strong>UTILISATION<\/strong><\/h6>\n<h6>Appliquer une petite quantit\u00e9 dans les paumes, frotter ensemble pour faire mousser. R\u00e9partir uniform\u00e9ment dans les cheveux secs avec les doigts. R\u00e9p\u00e9ter l&rsquo;application au besoin, pour \u00e9liminer la statique ou les m\u00e8ches rebelles sans ajouter de lourdeur.<br \/>\nTRUCS<br \/>\nAstuces professionnelles d&rsquo;Antoinette Beenders, directrice mondiale de la cr\u00e9ation chez Aveda et styliste prim\u00e9e :\u2022Pour les cheveux courts : frotter et \u00e9bouriffer \u00c9mulsionner la\u00a0<b>cr\u00e8me texturante<\/b>\u00a0entre les mains et passer les doigts dans les cheveux secs, de l&rsquo;arri\u00e8re vers l&rsquo;avant. \u00c9bouriffer et placer tel que d\u00e9sir\u00e9.\u2022Pour les cheveux longs : frotter et structurer. \u00c9mulsionner la\u00a0<b>cr\u00e8me texturante<\/b>\u00a0entre les mains et appliquer dans les cheveux secs, de la mi-longueur jusqu&rsquo;aux pointes. Structurer comme d\u00e9sir\u00e9.<\/h6>\n<\/div>\n<\/div>\n<p>[\/vc_column_text][vc_empty_space][\/vc_column][\/vc_row][vc_row center_bck_image=\u00a0\u00bbno\u00a0\u00bb][vc_column][vc_column_text]<\/p>\n<h5 style=\"text-align: left;\"><strong><span style=\"vertical-align: inherit;\"><span style=\"vertical-align: inherit;\">INGREDIENTS<\/span><\/span><\/strong><\/h5>\n<p>[\/vc_column_text][vc_column_text]<\/p>\n<h6>WaterAquaEau, Glycerin, Dimethicone, Cetyl Esters, Octyldodecyl Myristate, Stearic Acid, Batyl Alcohol, Camellia Oleifera Seed Oil, Sasa Veitchii Extract, Phellodendron Amurense Bark Extract, Hordeum Distichon (Barley) ExtractExtrait D&rsquo;Orge A Deux Rangs, Euphorbia Cerifera (Candelilla) WaxCandelilla CeraCire De Candelilla, Helianthus Annuus (Sunflower) Seed Oil, Tocopherol, Lecithin, Glyceryl Dibehenate, Arginine, Jojoba Esters, Squalane, Tribehenin, Acrylic Acid\/Vp Crosspolymer, Glyceryl Behenate, Oryzanol, Pullulan, Gluconolactone, Caprylic\/Capric Triglyceride, Fragrance (Parfum), Linalool, Farnesol, Benzyl Benzoate, Citral, Coumarin, Cinnamal, Citronellol, Eugenol, Geraniol, Limonene, Calcium Gluconate, Ethylhexylglycerin, Phenoxyethanol, Sodium Benzoate<\/h6>\n<h6 class=\"product-full__ingredients--disclaimer\">Veuillez prendre note que les listes d&rsquo;ingr\u00e9dients peuvent changer de temps \u00e0 autre. Veuillez consulter la liste d&rsquo;ingr\u00e9dients sur l&#8217;emballage du produit que vous recevez pour obtenir la liste d&rsquo;ingr\u00e9dients la plus r\u00e9cente.<\/h6>\n<p>[\/vc_column_text][\/vc_column][\/vc_row]<\/p>\n","protected":false},"excerpt":{"rendered":"<h6>La cire cr\u00e9meuse offre une texture et une tenue l\u00e9g\u00e8res, pour tous les types de cheveux.<\/h6>\n","protected":false},"featured_media":11350,"comment_status":"open","ping_status":"closed","template":"","meta":[],"product_cat":[27,306],"product_tag":[95],"_links":{"self":[{"href":"https:\/\/www.lateliercoiffureesthetique.com\/fr\/wp-json\/wp\/v2\/product\/10874"}],"collection":[{"href":"https:\/\/www.lateliercoiffureesthetique.com\/fr\/wp-json\/wp\/v2\/product"}],"about":[{"href":"https:\/\/www.lateliercoiffureesthetique.com\/fr\/wp-json\/wp\/v2\/types\/product"}],"replies":[{"embeddable":true,"href":"https:\/\/www.lateliercoiffureesthetique.com\/fr\/wp-json\/wp\/v2\/comments?post=10874"}],"wp:featuredmedia":[{"embeddable":true,"href":"https:\/\/www.lateliercoiffureesthetique.com\/fr\/wp-json\/wp\/v2\/media\/11350"}],"wp:attachment":[{"href":"https:\/\/www.lateliercoiffureesthetique.com\/fr\/wp-json\/wp\/v2\/media?parent=10874"}],"wp:term":[{"taxonomy":"product_cat","embeddable":true,"href":"https:\/\/www.lateliercoiffureesthetique.com\/fr\/wp-json\/wp\/v2\/product_cat?post=10874"},{"taxonomy":"product_tag","embeddable":true,"href":"https:\/\/www.lateliercoiffureesthetique.com\/fr\/wp-json\/wp\/v2\/product_tag?post=10874"}],"curies":[{"name":"wp","href":"https:\/\/api.w.org\/{rel}","templated":true}]}}