{"id":10894,"date":"2021-03-26T18:18:55","date_gmt":"2021-03-26T22:18:55","guid":{"rendered":"https:\/\/www.lateliercoiffureesthetique.com\/en\/?post_type=product&#038;p=10894"},"modified":"2024-03-28T21:38:31","modified_gmt":"2024-03-29T02:38:31","slug":"rosemary-mint-hand-and-body-wash","status":"publish","type":"product","link":"https:\/\/www.lateliercoiffureesthetique.com\/fr\/produit\/rosemary-mint-hand-and-body-wash\/","title":{"rendered":"nettoyant pour les mains et le corps rosemary mint"},"content":{"rendered":"<p>[vc_row center_bck_image=\u00a0\u00bbno\u00a0\u00bb][vc_column][vc_empty_space][vc_column_text]<\/p>\n<h5 class=\"product-info-area__header js-product-info-trigger\" tabindex=\"0\" role=\"link\" data-info-section=\"ATTRIBUTE_BENEFIT\"><strong>DETAILS<\/strong><\/h5>\n<p>[\/vc_column_text][vc_column_text]<\/p>\n<div class=\"product-info-area__info-product-name at-h2__typography-spp\">\n<div class=\"product-info-area__info-product-name at-h2__typography-spp\">\n<div class=\"product-info-area__info-product-name at-h2__typography-spp\">\n<div class=\"product-info-area__info-product-name at-h2__typography-spp\">\n<div class=\"product-info-area__info-product-name at-h2__typography-spp\">\n<div class=\"product-info-area__info-product-name at-h2__typography-spp\">\n<div class=\"product-info-area__info-product-name at-h2__typography-spp\">\n<h6 class=\"product-info-area__info-product-name at-h2__typography-spp\">nettoyant pour les mains et le corps rosemary mint<\/h6>\n<h6>Un ar\u00f4me vivifiant \u2013 avec romarin et menthe poivr\u00e9e certifi\u00e9s biologiques \u2013 \u00e9veille les sens. Nettoyage doux, mais en profondeur pour un usage fr\u00e9quent.<br \/>\n\u2022 R\u00e9tablit l&rsquo;\u00e9quilibre de la peau<br \/>\n\u2022 Persistance aromatique<\/h6>\n<h6>\u00c9conomisez de l&rsquo;argent et r\u00e9duisez l&rsquo;utilisation du plastique en achetant des litres.<br \/>\n\u2022 Les litres sont moins chers de 20\u00a0% par once*<br \/>\n\u2022 Les litres utilisent jusqu&rsquo;\u00e0 28\u00a0% moins de plastique*<\/h6>\n<\/div>\n<\/div>\n<\/div>\n<\/div>\n<\/div>\n<\/div>\n<\/div>\n<p>[\/vc_column_text][vc_empty_space][\/vc_column][\/vc_row][vc_row center_bck_image=\u00a0\u00bbno\u00a0\u00bb][vc_column][vc_column_text]<\/p>\n<h5 style=\"text-align: left;\"><strong><span style=\"vertical-align: inherit;\"><span style=\"vertical-align: inherit;\">INGREDIENTS<\/span><\/span><\/strong><\/h5>\n<p>[\/vc_column_text][vc_column_text]<\/p>\n<h6>WaterAquaEau, Ammonium Lauryl Sulfate, Propanediol, Decyl Glucoside, Sodium Hydroxypropylsulfonate Laurylglucoside Crosspolymer, Babassuamidopropyl Betaine, Sodium Chloride, Aloe Barbadensis Leaf, Rosmarinus Officinalis (Rosemary) Leaf Oil, Mentha Piperita (Peppermint) Oil, Lavandula Angustifolia (Lavender) Oil, Origanum Majorana Leaf Oil, Menthol, Alpha-Glucan Oligosaccharide, Glycerin, Tocopherol, Glycine Soja (Soybean) Oil, Glycol Distearate, Acrylates Copolymer, Citric Acid, Sodium Hydroxide, Fragrance (Parfum), Linalool, Limonene, Isoeugenol, Sodium Phytate, Phenoxyethanol, Sodium Benzoate, Potassium Sorbate<\/h6>\n<h6 class=\"product-full__ingredients--disclaimer\">Veuillez prendre note que les listes d&rsquo;ingr\u00e9dients peuvent changer de temps \u00e0 autre. Veuillez consulter la liste d&rsquo;ingr\u00e9dients sur l&#8217;emballage du produit que vous recevez pour obtenir la liste d&rsquo;ingr\u00e9dients la plus r\u00e9cente.<\/h6>\n<p>[\/vc_column_text][\/vc_column][\/vc_row]<\/p>\n","protected":false},"excerpt":{"rendered":"<h6>Formule nettoyante douce.<\/h6>\n","protected":false},"featured_media":11343,"comment_status":"open","ping_status":"closed","template":"","meta":[],"product_cat":[27,308],"product_tag":[77],"_links":{"self":[{"href":"https:\/\/www.lateliercoiffureesthetique.com\/fr\/wp-json\/wp\/v2\/product\/10894"}],"collection":[{"href":"https:\/\/www.lateliercoiffureesthetique.com\/fr\/wp-json\/wp\/v2\/product"}],"about":[{"href":"https:\/\/www.lateliercoiffureesthetique.com\/fr\/wp-json\/wp\/v2\/types\/product"}],"replies":[{"embeddable":true,"href":"https:\/\/www.lateliercoiffureesthetique.com\/fr\/wp-json\/wp\/v2\/comments?post=10894"}],"wp:featuredmedia":[{"embeddable":true,"href":"https:\/\/www.lateliercoiffureesthetique.com\/fr\/wp-json\/wp\/v2\/media\/11343"}],"wp:attachment":[{"href":"https:\/\/www.lateliercoiffureesthetique.com\/fr\/wp-json\/wp\/v2\/media?parent=10894"}],"wp:term":[{"taxonomy":"product_cat","embeddable":true,"href":"https:\/\/www.lateliercoiffureesthetique.com\/fr\/wp-json\/wp\/v2\/product_cat?post=10894"},{"taxonomy":"product_tag","embeddable":true,"href":"https:\/\/www.lateliercoiffureesthetique.com\/fr\/wp-json\/wp\/v2\/product_tag?post=10894"}],"curies":[{"name":"wp","href":"https:\/\/api.w.org\/{rel}","templated":true}]}}