{"id":10918,"date":"2021-03-27T05:34:53","date_gmt":"2021-03-27T10:34:53","guid":{"rendered":"https:\/\/www.lateliercoiffureesthetique.com\/en\/?post_type=product&#038;p=10918"},"modified":"2024-03-28T21:33:47","modified_gmt":"2024-03-29T02:33:47","slug":"cherry-almond-body-lotion","status":"publish","type":"product","link":"https:\/\/www.lateliercoiffureesthetique.com\/fr\/produit\/cherry-almond-body-lotion\/","title":{"rendered":"lotion pour le corps cherry almond"},"content":{"rendered":"<p>[vc_row center_bck_image=\u00a0\u00bbno\u00a0\u00bb][vc_column][vc_empty_space][vc_column_text]<\/p>\n<h5 class=\"product-info-area__header js-product-info-trigger\" tabindex=\"0\" role=\"link\" data-info-section=\"ATTRIBUTE_BENEFIT\"><strong>DETAILS<\/strong><\/h5>\n<p>[\/vc_column_text][vc_column_text]<\/p>\n<div class=\"product-info-area__info-product-name at-h2__typography-spp\">\n<div class=\"product-info-area__info-product-name at-h2__typography-spp\">\n<div class=\"product-info-area__info-product-name at-h2__typography-spp\">\n<div class=\"product-info-area__info-product-name at-h2__typography-spp\">\n<div class=\"product-info-area__info-product-name at-h2__typography-spp\">\n<div class=\"product-info-area__info-product-name at-h2__typography-spp\">\n<div class=\"product-info-area__info-product-name at-h2__typography-spp\">\n<div class=\"product-info-area__info-product-name at-h2__typography-spp\">\n<div class=\"product-info-area__info-product-name at-h2__typography-spp\">\n<div class=\"product-info-area__info-product-name at-h2__typography-spp\">\n<div class=\"product-info-area__info-product-name at-h2__typography-spp\">\n<h6 class=\"product-info-area__info-product-name at-h2__typography-spp\">lotion pour le corps cherry almond<\/h6>\n<h6>Notre lotion l\u00e9g\u00e8re \u00e0 absorption rapide pour le corps hydrate pendant toute la journ\u00e9e et procure une luminosit\u00e9 instantan\u00e9e.<br \/>\n\u2022 Aliment\u00e9s par la nature\u00a0: l&rsquo;extrait de fleur de cerisier et l&rsquo;huile d&rsquo;amande douce hydratent la peau afin qu&rsquo;elle soit douce et souple. Les \u00e9mollients d\u00e9riv\u00e9s de la noix de coco, de l&rsquo;olive et d&rsquo;autres ingr\u00e9dients naturels d\u00e9riv\u00e9s r\u00e9hydratent et apaisent la peau s\u00e8che pour lui donner une sensation de douceur.<br \/>\n\u2022 Renferme un ar\u00f4me pure-fume<span class=\"trade\">\u2122<\/span>\u00a0doux, juteux et floral avec 38 essences de fleurs et de plantes, dont de la f\u00e8ve tonka, de l&rsquo;orange certifi\u00e9e biologique et de l&rsquo;ylang-ylang<br \/>\n\u2022 Compos\u00e9 naturel d\u00e9riv\u00e9 \u00e0 98\u00a0%* pour tous les types de peau<\/h6>\n<\/div>\n<\/div>\n<\/div>\n<\/div>\n<\/div>\n<\/div>\n<\/div>\n<\/div>\n<\/div>\n<\/div>\n<\/div>\n<p>[\/vc_column_text][vc_empty_space][\/vc_column][\/vc_row][vc_row center_bck_image=\u00a0\u00bbno\u00a0\u00bb][vc_column][vc_column_text]<\/p>\n<h5 style=\"text-align: left;\"><strong><span style=\"vertical-align: inherit;\"><span style=\"vertical-align: inherit;\">INGREDIENTS<\/span><\/span><\/strong><\/h5>\n<p>[\/vc_column_text][vc_column_text]<\/p>\n<h6>WaterAquaEau, Glycerin, Cetyl Esters, Arachidyl Alcohol, Isopropyl Palmitate, Prunus Serrulata Flower (Cherry) Extract, Prunus Amygdalus Dulcis (Sweet Almond) Oil, Citrus Aurantium Dulcis (Orange) Peel Extract, Hydrogenated Olive Oil, Olea Europaea (Olive) Fruit Oil, Olea Europaea (Olive) Oil Unsaponifiables, Avena Sativa (Oat) Bran Extract, Glycine Soja (Soybean) Oil, Tocopherol, Caprylic\/Capric Triglyceride, Coco-Caprylate\/Caprate, Arachidyl Glucoside, Caprylyl Glycol, Glyceryl Laurate, Polyglyceryl-10 Oleate, Sclerotium Gum, Xanthan Gum, Behenyl Alcohol, Butylene Glycol, Fragrance (Parfum), Citral, Farnesol, Benzyl Benzoate, Coumarin, Amyl Cinnamal, Citronellol, Geraniol, Limonene, Linalool, Phenoxyethanol, Mica, Titanium Dioxide (Ci 77891), Iron Oxides (Ci 77491)<\/h6>\n<h6 class=\"product-full__ingredients--disclaimer\">Veuillez prendre note que les listes d&rsquo;ingr\u00e9dients peuvent changer de temps \u00e0 autre. Veuillez consulter la liste d&rsquo;ingr\u00e9dients sur l&#8217;emballage du produit que vous recevez pour obtenir la liste d&rsquo;ingr\u00e9dients la plus r\u00e9cente.<\/h6>\n<p>[\/vc_column_text][\/vc_column][\/vc_row]<\/p>\n","protected":false},"excerpt":{"rendered":"<h6 class=\"product-full__description--enhance \">Notre lotion l\u00e9g\u00e8re \u00e0 absorption rapide pour le corps hydrate pendant toute la journ\u00e9e et procure une luminosit\u00e9 instantan\u00e9e. Aliment\u00e9s par la nature, l&rsquo;extrait de fleur de cerisier et l&rsquo;huile d&rsquo;amande douce hydratent la peau afin qu&rsquo;elle soit douce et souple. Pour tous les types de peau.<\/h6>\n","protected":false},"featured_media":11339,"comment_status":"open","ping_status":"closed","template":"","meta":[],"product_cat":[27,308],"product_tag":[77],"_links":{"self":[{"href":"https:\/\/www.lateliercoiffureesthetique.com\/fr\/wp-json\/wp\/v2\/product\/10918"}],"collection":[{"href":"https:\/\/www.lateliercoiffureesthetique.com\/fr\/wp-json\/wp\/v2\/product"}],"about":[{"href":"https:\/\/www.lateliercoiffureesthetique.com\/fr\/wp-json\/wp\/v2\/types\/product"}],"replies":[{"embeddable":true,"href":"https:\/\/www.lateliercoiffureesthetique.com\/fr\/wp-json\/wp\/v2\/comments?post=10918"}],"wp:featuredmedia":[{"embeddable":true,"href":"https:\/\/www.lateliercoiffureesthetique.com\/fr\/wp-json\/wp\/v2\/media\/11339"}],"wp:attachment":[{"href":"https:\/\/www.lateliercoiffureesthetique.com\/fr\/wp-json\/wp\/v2\/media?parent=10918"}],"wp:term":[{"taxonomy":"product_cat","embeddable":true,"href":"https:\/\/www.lateliercoiffureesthetique.com\/fr\/wp-json\/wp\/v2\/product_cat?post=10918"},{"taxonomy":"product_tag","embeddable":true,"href":"https:\/\/www.lateliercoiffureesthetique.com\/fr\/wp-json\/wp\/v2\/product_tag?post=10918"}],"curies":[{"name":"wp","href":"https:\/\/api.w.org\/{rel}","templated":true}]}}