{"id":12056,"date":"2021-05-13T12:00:59","date_gmt":"2021-05-13T16:00:59","guid":{"rendered":"https:\/\/www.lateliercoiffureesthetique.com\/fr\/?post_type=product&#038;p=12056"},"modified":"2024-12-16T19:34:49","modified_gmt":"2024-12-17T00:34:49","slug":"steampod-3-0-de-loreal","status":"publish","type":"product","link":"https:\/\/www.lateliercoiffureesthetique.com\/fr\/produit\/steampod-3-0-de-loreal\/","title":{"rendered":"Steampod 3.0 de L&#039;Or\u00e9al"},"content":{"rendered":"<p>[vc_row center_bck_image=\u00a0\u00bbno\u00a0\u00bb][vc_column][vc_empty_space][vc_column_text]<\/p>\n<h5><strong><span style=\"vertical-align: inherit;\">COMMENT UTILISER<\/span><\/strong><\/h5>\n<p>[\/vc_column_text][vc_column_text]<\/p>\n<ul>\n<li>\n<h6>Remplir le r\u00e9servoir avec de l&rsquo;eau d\u00e9min\u00e9ralis\u00e9e seulement<\/h6>\n<\/li>\n<li>\n<h6>Pour des r\u00e9sultats optimaux, utiliser avec les soins Steampod<\/h6>\n<\/li>\n<\/ul>\n<p>[\/vc_column_text][vc_empty_space][\/vc_column][\/vc_row][vc_row center_bck_image=\u00a0\u00bbno\u00a0\u00bb][vc_column][vc_column_text]<\/p>\n<h5><strong>CARACT\u00c9RISTIQUES<\/strong><\/h5>\n<p>[\/vc_column_text][vc_column_text]<\/p>\n<ul>\n<li>\n<h6>3 r\u00e9glages de chaleur<\/h6>\n<\/li>\n<li>\n<h6>R\u00e9servoir d&rsquo;eau int\u00e9gr\u00e9<\/h6>\n<\/li>\n<li>\n<h6>Cordon rotatif<\/h6>\n<\/li>\n<li>\n<h6>Design ergonomique plus l\u00e9ger et plus fin<\/h6>\n<\/li>\n<li>\n<h6>Plaques flottantes anodis\u00e9es<\/h6>\n<\/li>\n<li>\n<h6>Peigne int\u00e9gr\u00e9<\/h6>\n<\/li>\n<li>\n<h6>78% moins de dommages*<\/h6>\n<\/li>\n<li>\n<h6>Lisse 2x plus rapidement*<\/h6>\n<\/li>\n<li>\n<h6>Chevelure 2x plus lisse*<\/h6>\n<\/li>\n<li>\n<h6>120 volts &#8211; compatible pour le Canada et les \u00c9tats-Unis<\/h6>\n<\/li>\n<li>\n<h6>Garantie du manufacturier 1 an<\/h6>\n<\/li>\n<\/ul>\n<p>[\/vc_column_text][\/vc_column][\/vc_row]<\/p>\n","protected":false},"excerpt":{"rendered":"<h6>Le Steampod 3.0 d\u00e9livre un puissant jet de vapeur continu qui rend les cheveux plus doux et plus lisse qu&#039;un fer traditionnel, en plus de r\u00e9duire les dommages caus\u00e9s par la chaleur. La technologie brevet\u00e9 \u00e0 base de vapeur assure un contr\u00f4le des frisottis et un lustre longue dur\u00e9.<\/h6>\n<h6>Le r\u00e9sevoir d&#039;eau int\u00e9gr\u00e9 ainsi que le cordon rotatif rend cet outil facile d&#039;utilisation. Un r\u00e9servoir permet de lisser plus d&#039;une t\u00eate de cheveux \u00e9pais. Le Steampod 3.0 est plus l\u00e9ger et plus mince que les versions pr\u00e9c\u00e9dentes.<\/h6>\n","protected":false},"featured_media":12058,"comment_status":"open","ping_status":"closed","template":"","meta":[],"product_cat":[349],"product_tag":[95],"_links":{"self":[{"href":"https:\/\/www.lateliercoiffureesthetique.com\/fr\/wp-json\/wp\/v2\/product\/12056"}],"collection":[{"href":"https:\/\/www.lateliercoiffureesthetique.com\/fr\/wp-json\/wp\/v2\/product"}],"about":[{"href":"https:\/\/www.lateliercoiffureesthetique.com\/fr\/wp-json\/wp\/v2\/types\/product"}],"replies":[{"embeddable":true,"href":"https:\/\/www.lateliercoiffureesthetique.com\/fr\/wp-json\/wp\/v2\/comments?post=12056"}],"wp:featuredmedia":[{"embeddable":true,"href":"https:\/\/www.lateliercoiffureesthetique.com\/fr\/wp-json\/wp\/v2\/media\/12058"}],"wp:attachment":[{"href":"https:\/\/www.lateliercoiffureesthetique.com\/fr\/wp-json\/wp\/v2\/media?parent=12056"}],"wp:term":[{"taxonomy":"product_cat","embeddable":true,"href":"https:\/\/www.lateliercoiffureesthetique.com\/fr\/wp-json\/wp\/v2\/product_cat?post=12056"},{"taxonomy":"product_tag","embeddable":true,"href":"https:\/\/www.lateliercoiffureesthetique.com\/fr\/wp-json\/wp\/v2\/product_tag?post=12056"}],"curies":[{"name":"wp","href":"https:\/\/api.w.org\/{rel}","templated":true}]}}