{"id":12061,"date":"2021-05-13T12:30:58","date_gmt":"2021-05-13T16:30:58","guid":{"rendered":"https:\/\/www.lateliercoiffureesthetique.com\/fr\/?post_type=product&#038;p=12061"},"modified":"2022-01-31T15:59:22","modified_gmt":"2022-01-31T19:59:22","slug":"hot-tools-1-1-4","status":"publish","type":"product","link":"https:\/\/www.lateliercoiffureesthetique.com\/fr\/produit\/hot-tools-1-1-4\/","title":{"rendered":"Hot tools 1 1\/4"},"content":{"rendered":"<p>[vc_row center_bck_image=\u00a0\u00bbno\u00a0\u00bb][vc_column][vc_empty_space][vc_column_text]<\/p>\n<h5><strong>CARACT\u00c9RISTIQUES<\/strong><\/h5>\n<p>[\/vc_column_text][vc_column_text]<\/p>\n<ul>\n<li>\n<h6>Commande \u00e0 rh\u00e9ostat avec r\u00e9glages de temp\u00e9rature variables allant jusqu&rsquo;\u00e0 221 \u00b0C.<\/h6>\n<\/li>\n<li>\n<h6>Embout rotatif permettant d&rsquo;enrouler la m\u00e8che plus rapidement.<\/h6>\n<\/li>\n<li>\n<h6>Tube ultra-long pour coiffer rapidement les cheveux de toutes les longueurs, en particulier les cheveux longs.<\/h6>\n<\/li>\n<li>\n<h6>Voyant d&rsquo;alimentation.<\/h6>\n<\/li>\n<li>\n<h6>Repose-pouce ultra-long.<\/h6>\n<\/li>\n<li>\n<h6>Interrupteur distinct pour la mise en marche et l&rsquo;arr\u00eat.<\/h6>\n<\/li>\n<li>\n<h6>Support de s\u00e9curit\u00e9 repliable.<\/h6>\n<\/li>\n<li>\n<h6>Puissante pince \u00e0 ressort retenant les cheveux.<\/h6>\n<\/li>\n<li>\n<h6>Prot\u00e8ge-surfrace r\u00e9sistant \u00e0 la chaleur.<\/h6>\n<\/li>\n<li>\n<h6>Cordon articul\u00e9 professionnel de 2,4 m.<\/h6>\n<\/li>\n<li>\n<h6>2 ressorts suppl\u00e9mentaires faciles \u00e0 remplacer.<\/h6>\n<\/li>\n<li>\n<h6>Voltage compatible avec le Canada et les \u00c9tats-Unis.<\/h6>\n<\/li>\n<\/ul>\n<p>[\/vc_column_text][\/vc_column][\/vc_row]<\/p>\n","protected":false},"excerpt":{"rendered":"<h6>Le fer \u00e0 friser en or XL 32mm est sp\u00e9cialement con\u00e7u pour cr\u00e9er des boucles lustr\u00e9es sans frisottis. Gr\u00e2ce \u00e0 la Technologie Pulse, ce fer permet de r\u00e9partir uniform\u00e9ment la chaleur lorsque vous l&#039;utilisez. Id\u00e9al pour les cheveux longs<\/h6>\n","protected":false},"featured_media":12062,"comment_status":"open","ping_status":"closed","template":"","meta":[],"product_cat":[349],"product_tag":[95],"_links":{"self":[{"href":"https:\/\/www.lateliercoiffureesthetique.com\/fr\/wp-json\/wp\/v2\/product\/12061"}],"collection":[{"href":"https:\/\/www.lateliercoiffureesthetique.com\/fr\/wp-json\/wp\/v2\/product"}],"about":[{"href":"https:\/\/www.lateliercoiffureesthetique.com\/fr\/wp-json\/wp\/v2\/types\/product"}],"replies":[{"embeddable":true,"href":"https:\/\/www.lateliercoiffureesthetique.com\/fr\/wp-json\/wp\/v2\/comments?post=12061"}],"wp:featuredmedia":[{"embeddable":true,"href":"https:\/\/www.lateliercoiffureesthetique.com\/fr\/wp-json\/wp\/v2\/media\/12062"}],"wp:attachment":[{"href":"https:\/\/www.lateliercoiffureesthetique.com\/fr\/wp-json\/wp\/v2\/media?parent=12061"}],"wp:term":[{"taxonomy":"product_cat","embeddable":true,"href":"https:\/\/www.lateliercoiffureesthetique.com\/fr\/wp-json\/wp\/v2\/product_cat?post=12061"},{"taxonomy":"product_tag","embeddable":true,"href":"https:\/\/www.lateliercoiffureesthetique.com\/fr\/wp-json\/wp\/v2\/product_tag?post=12061"}],"curies":[{"name":"wp","href":"https:\/\/api.w.org\/{rel}","templated":true}]}}