{"id":12226,"date":"2021-06-06T17:34:59","date_gmt":"2021-06-06T22:34:59","guid":{"rendered":"https:\/\/www.lateliercoiffureesthetique.com\/en\/?post_type=product&#038;p=12226"},"modified":"2026-02-04T19:16:58","modified_gmt":"2026-02-05T00:16:58","slug":"bain-hydratation-douceur","status":"publish","type":"product","link":"https:\/\/www.lateliercoiffureesthetique.com\/fr\/produit\/bain-hydratation-douceur\/","title":{"rendered":"Bain Hydratation Douceur"},"content":{"rendered":"<p>[vc_row center_bck_image=\u00a0\u00bbno\u00a0\u00bb][vc_column][vc_empty_space][vc_column_text]<\/p>\n<h5><strong>COMMENT UTILISER<\/strong><\/h5>\n<p>[\/vc_column_text][vc_column_text]<\/p>\n<h6>Mouiller les cheveux fris\u00e9s, puis retirer soigneusement l\u2019exc\u00e9dent d\u2019eau avant d\u2019appliquer une quantit\u00e9 \u00e9quivalente \u00e0 un 25 cents de shampooing, touche par touche sur les 5\u00a0r\u00e9gions cl\u00e9s de la t\u00eate. Ajouter de l\u2019eau, puis \u00e9mulsionner. Le premier shampooing devrait cibler plus particuli\u00e8rement le cuir chevelu\u2009; \u00e0 l\u2019application, masser avec le bout des doigts pour \u00e9liminer avec douceur les impuret\u00e9s. Rincer abondamment. R\u00e9appliquer une quantit\u00e9 \u00e9quivalente \u00e0 un 25 cents de shampooing, touche par touche, puis ajouter de l\u2019eau. Le second shampooing moussera plus abondamment, ce qui aidera \u00e0 nettoyer les longueurs jusqu\u2019aux pointes. Rincer abondamment.<\/h6>\n<p>[\/vc_column_text][\/vc_column][\/vc_row][vc_row center_bck_image=\u00a0\u00bbno\u00a0\u00bb][vc_column][vc_empty_space][vc_column_text]<\/p>\n<h5><strong>INGREDIENT<\/strong><\/h5>\n<p>[\/vc_column_text][vc_column_text]<\/p>\n<h6>\u25cfAQUA \/ WATER \/ EAU \u25cf SODIUM COCOYL ISETHIONATE \u25cf DISODIUM LAURETH SULFOSUCCINATE \u25cf SODIUM LAURYL SULFOACETATE \u25cf SODIUM LAUROYL SARCOSINATE \u25cf GLYCOL DISTEARATE \u25cf COCAMIDOPROPYL BETAINE \u25cf GLYCERETH-26 \u25cf DECYL GLUCOSIDE \u25cf COCONUT ACID \u25cf SODIUM ISETHIONATE \u25cf CITRIC ACID \u25cf PPG-5-CETETH-20 \u25cf SODIUM HYDROXIDE \u25cf DIVINYLDIMETHICONE\/DIMETHICONE COPOLYMER \u25cf SODIUM BENZOATE \u25cf PEG-55 PROPYLENE GLYCOL OLEATE \u25cf PROPYLENE GLYCOL \u25cf POLYQUATERNIUM-7 \u25cf SODIUM CHLORIDE \u25cf AMODIMETHICONE \u25cf COCO-BETAINE \u25cf POLYQUATERNIUM-10 \u25cf SALICYLIC ACID \u25cf CARBOMER \u25cf BENZYL SALICYLATE \u25cf C11-15 PARETH-7 \u25cf GLYCERIN \u25cf BENZOIC ACID \u25cf LINALOOL \u25cf BENZYL ALCOHOL \u25cf LAURETH-9 \u25cf TRIDECETH-12 \u25cf C12-13 PARETH-23 \u25cf C12-13 PARETH-3 \u25cf MEL EXTRACT \/ HONEY EXTRACT \u25cf 2-OLEAMIDO-1,3-OCTADECANEDIOL \u25cf PHENOXYETHANOL \u25cf SORBIC ACID \u25cf PARFUM \/ FRAGRANCE<\/h6>\n<p>[\/vc_column_text][\/vc_column][\/vc_row]<\/p>\n","protected":false},"excerpt":{"rendered":"<h6 class=\"product_subtitle \">Shampooing doux et hydratant sans sulfates, enrichi au miel de Manuka et aux c\u00e9ramides pour cheveux boucl\u00e9s, tr\u00e8s boucl\u00e9s et fris\u00e9s. Nettoie en douceur le cuir chevelu et les cheveux en \u00e9liminant la salet\u00e9, les impuret\u00e9s, la pollution et les r\u00e9sidus. Pr\u00e9serve les huiles naturelles des cheveux et am\u00e9liore la sant\u00e9 du cuir chevelu pour ainsi favoriser la pousse des cheveux. Procure aux boucles une hydratation vitale sans les alourdir, et rehausse leur forme et leur volume.<\/h6>\n","protected":false},"featured_media":12440,"comment_status":"open","ping_status":"closed","template":"","meta":[],"product_cat":[187,355],"product_tag":[95],"_links":{"self":[{"href":"https:\/\/www.lateliercoiffureesthetique.com\/fr\/wp-json\/wp\/v2\/product\/12226"}],"collection":[{"href":"https:\/\/www.lateliercoiffureesthetique.com\/fr\/wp-json\/wp\/v2\/product"}],"about":[{"href":"https:\/\/www.lateliercoiffureesthetique.com\/fr\/wp-json\/wp\/v2\/types\/product"}],"replies":[{"embeddable":true,"href":"https:\/\/www.lateliercoiffureesthetique.com\/fr\/wp-json\/wp\/v2\/comments?post=12226"}],"wp:featuredmedia":[{"embeddable":true,"href":"https:\/\/www.lateliercoiffureesthetique.com\/fr\/wp-json\/wp\/v2\/media\/12440"}],"wp:attachment":[{"href":"https:\/\/www.lateliercoiffureesthetique.com\/fr\/wp-json\/wp\/v2\/media?parent=12226"}],"wp:term":[{"taxonomy":"product_cat","embeddable":true,"href":"https:\/\/www.lateliercoiffureesthetique.com\/fr\/wp-json\/wp\/v2\/product_cat?post=12226"},{"taxonomy":"product_tag","embeddable":true,"href":"https:\/\/www.lateliercoiffureesthetique.com\/fr\/wp-json\/wp\/v2\/product_tag?post=12226"}],"curies":[{"name":"wp","href":"https:\/\/api.w.org\/{rel}","templated":true}]}}