{"id":12233,"date":"2021-06-06T17:49:34","date_gmt":"2021-06-06T22:49:34","guid":{"rendered":"https:\/\/www.lateliercoiffureesthetique.com\/fr\/?post_type=product&#038;p=12233"},"modified":"2025-11-16T16:17:09","modified_gmt":"2025-11-16T21:17:09","slug":"cremedejour","status":"publish","type":"product","link":"https:\/\/www.lateliercoiffureesthetique.com\/fr\/produit\/cremedejour\/","title":{"rendered":"Cr\u00e8me De Jour Fondamentale"},"content":{"rendered":"<p>[vc_row center_bck_image=\u00a0\u00bbno\u00a0\u00bb][vc_column][vc_empty_space][vc_column_text]<\/p>\n<h5><strong>COMMENT UTILISER<\/strong><\/h5>\n<p>[\/vc_column_text][vc_column_text]<\/p>\n<h6>Appliquer sur des cheveux mouill\u00e9s ou essor\u00e9s \u00e0 la serviette.\u00a0Utiliser une g\u00e9n\u00e9reuse quantit\u00e9 de produit pour cheveux, selon la longueur et l\u2019\u00e9paisseur des cheveux. R\u00e9partir uniform\u00e9ment le produit des racines aux pointes. Peigner des sections de cheveux puis les \u00ab\u2009froisser\u2009\u00bb pour stimuler la formation et la d\u00e9finition des boucles. Ne pas rincer.<\/h6>\n<p>[\/vc_column_text][\/vc_column][\/vc_row][vc_row center_bck_image=\u00a0\u00bbno\u00a0\u00bb][vc_column][vc_empty_space][vc_column_text]<\/p>\n<h5><strong>INGREDIENT<\/strong><\/h5>\n<p>[\/vc_column_text][vc_column_text]<\/p>\n<h6>\u25cfAQUA \/ WATER \/ EAU \u25cf GLYCERIN \u25cf CETEARYL ALCOHOL \u25cf HELIANTHUS ANNUUS SEED OIL \/ SUNFLOWER SEED OIL \u25cf HYDROXYPROPYL GUAR \u25cf STEARAMIDOPROPYL DIMETHYLAMINE \u25cf CETYL ESTERS \u25cf CAPRYLYL GLYCOL \u25cf GLYCERYL STEARATE \u25cf SALICYLIC ACID \u25cf BENZYL SALICYLATE \u25cf LINALOOL \u25cf BENZYL ALCOHOL \u25cf TARTARIC ACID \u25cf MEL EXTRACT \/ HONEY EXTRACT \u25cf 2-OLEAMIDO-1,3-OCTADECANEDIOL \u25cf CITRIC ACID \u25cf PARFUM \/ FRAGRANCE<\/h6>\n<p>[\/vc_column_text][\/vc_column][\/vc_row]<\/p>\n","protected":false},"excerpt":{"rendered":"<h6 class=\"product_subtitle \">Cr\u00e8me de jour nourrissante r\u00e9ductrice de frisottis sans rin\u00e7age avec miel de Manuka et c\u00e9ramides, pour cheveux boucl\u00e9s, tr\u00e8s boucl\u00e9s et fris\u00e9s. Cr\u00e8me lissante ultral\u00e9g\u00e8re qui hydrate intens\u00e9ment, d\u00e9m\u00eale sans effort et prot\u00e8ge les cheveux contre la chaleur jusqu\u2019\u00e0 230\u00a0\u00b0C. R\u00e9duit les frisottis et pr\u00e9serve la forme des boucles en repoussant jusqu\u2019\u00e0 80\u00a0% d\u2019humidit\u00e9. Utiliser la routine compl\u00e8te Curl Manifesto pour obtenir des boucles douces et d\u2019apparence saine, d\u00e9finies et pleines de vitalit\u00e9.<\/h6>\n","protected":false},"featured_media":12438,"comment_status":"open","ping_status":"closed","template":"","meta":[],"product_cat":[187,355],"product_tag":[95],"_links":{"self":[{"href":"https:\/\/www.lateliercoiffureesthetique.com\/fr\/wp-json\/wp\/v2\/product\/12233"}],"collection":[{"href":"https:\/\/www.lateliercoiffureesthetique.com\/fr\/wp-json\/wp\/v2\/product"}],"about":[{"href":"https:\/\/www.lateliercoiffureesthetique.com\/fr\/wp-json\/wp\/v2\/types\/product"}],"replies":[{"embeddable":true,"href":"https:\/\/www.lateliercoiffureesthetique.com\/fr\/wp-json\/wp\/v2\/comments?post=12233"}],"wp:featuredmedia":[{"embeddable":true,"href":"https:\/\/www.lateliercoiffureesthetique.com\/fr\/wp-json\/wp\/v2\/media\/12438"}],"wp:attachment":[{"href":"https:\/\/www.lateliercoiffureesthetique.com\/fr\/wp-json\/wp\/v2\/media?parent=12233"}],"wp:term":[{"taxonomy":"product_cat","embeddable":true,"href":"https:\/\/www.lateliercoiffureesthetique.com\/fr\/wp-json\/wp\/v2\/product_cat?post=12233"},{"taxonomy":"product_tag","embeddable":true,"href":"https:\/\/www.lateliercoiffureesthetique.com\/fr\/wp-json\/wp\/v2\/product_tag?post=12233"}],"curies":[{"name":"wp","href":"https:\/\/api.w.org\/{rel}","templated":true}]}}