{"id":12759,"date":"2021-10-21T12:47:34","date_gmt":"2021-10-21T17:47:34","guid":{"rendered":"https:\/\/www.lateliercoiffureesthetique.com\/fr\/?post_type=product&#038;p=12759"},"modified":"2025-11-16T16:43:16","modified_gmt":"2025-11-16T21:43:16","slug":"argile_equilibrante","status":"publish","type":"product","link":"https:\/\/www.lateliercoiffureesthetique.com\/fr\/produit\/argile_equilibrante\/","title":{"rendered":"Argile \u00c9quilibrante"},"content":{"rendered":"<p>[vc_row center_bck_image=\u00a0\u00bbno\u00a0\u00bb][vc_column][vc_empty_space][vc_column_text]<\/p>\n<h5><strong>COMMENT UTILISER\u00a0<\/strong><\/h5>\n<p>[\/vc_column_text][vc_column_text]<\/p>\n<h6>Une fois par semaine, appliquer aux racines des cheveux mouill\u00e9s, faire mousser et \u00e9tendre dans les longueurs. Bien rincer. En cas de contact avec les yeux, les rincer imm\u00e9diatement et abondamment. * Test instrumental d&rsquo;Argile \u00c9quilibrante + Bain Divalent + Masque R\u00e9hydratant.<\/h6>\n<p>[\/vc_column_text][vc_empty_space][\/vc_column][\/vc_row][vc_row center_bck_image=\u00a0\u00bbno\u00a0\u00bb][vc_column][vc_column_text]<\/p>\n<h5><strong><span style=\"vertical-align: inherit;\">INGREDIENTS<\/span><\/strong><\/h5>\n<p>[\/vc_column_text][vc_column_text]<\/p>\n<h6>Aqua \/ Water \/ Eau \u2022 Sodium Laureth Sulfate \u2022 Glycerin \u2022 Kaolin \u2022 Cocamidopropyl Betaine \u2022 Montmorillonite \u2022 Sodium Citrate \u2022 Hexylene Glycol \u2022 Citric Acid \u2022 Acrylates Copolymer \u2022 Sodium Hydroxide \u2022 Sodium Chloride \u2022 Sodium Benzoate \u2022 Caprylyl Glycol \u2022 Hydroxypropyl Guar Hydroxypropyltrimonium Chloride \u2022 Menthol \u2022 Polyquaternium-10 \u2022 Salicylic Acid \u2022 Linalool \u2022 Capryloyl Glycine \u2022 Limonene \u2022 Geraniol \u2022 Citronellol \u2022 Alpha-Isomethyl Ionone \u2022 Charcoal Powder \u2022 Ci 19140 \/ Yellow 5 \u2022 Ci 42090 \/ Blue 1 \u2022 Polyglycerin-10 \u2022 Polyglyceryl-10 Myristate \u2022 Polyglyceryl-10 Stearate \u2022 Sodium Dehydroacetate \u2022 Parfum \/ Fragrance. C258023\/1. Pat.: Patents.Kerastase.Com.<\/h6>\n<p>[\/vc_column_text][\/vc_column][\/vc_row]<\/p>\n","protected":false},"excerpt":{"rendered":"<h6>Nourrissez et prenez soin de vos cheveux et de votre cuir chevelu avec Argile \u00c9quilibrante, un masque en argile purifiant et nettoyant.<\/h6>\n","protected":false},"featured_media":12760,"comment_status":"open","ping_status":"closed","template":"","meta":[],"product_cat":[187,283],"product_tag":[95],"_links":{"self":[{"href":"https:\/\/www.lateliercoiffureesthetique.com\/fr\/wp-json\/wp\/v2\/product\/12759"}],"collection":[{"href":"https:\/\/www.lateliercoiffureesthetique.com\/fr\/wp-json\/wp\/v2\/product"}],"about":[{"href":"https:\/\/www.lateliercoiffureesthetique.com\/fr\/wp-json\/wp\/v2\/types\/product"}],"replies":[{"embeddable":true,"href":"https:\/\/www.lateliercoiffureesthetique.com\/fr\/wp-json\/wp\/v2\/comments?post=12759"}],"wp:featuredmedia":[{"embeddable":true,"href":"https:\/\/www.lateliercoiffureesthetique.com\/fr\/wp-json\/wp\/v2\/media\/12760"}],"wp:attachment":[{"href":"https:\/\/www.lateliercoiffureesthetique.com\/fr\/wp-json\/wp\/v2\/media?parent=12759"}],"wp:term":[{"taxonomy":"product_cat","embeddable":true,"href":"https:\/\/www.lateliercoiffureesthetique.com\/fr\/wp-json\/wp\/v2\/product_cat?post=12759"},{"taxonomy":"product_tag","embeddable":true,"href":"https:\/\/www.lateliercoiffureesthetique.com\/fr\/wp-json\/wp\/v2\/product_tag?post=12759"}],"curies":[{"name":"wp","href":"https:\/\/api.w.org\/{rel}","templated":true}]}}