{"id":12763,"date":"2021-10-21T13:01:44","date_gmt":"2021-10-21T18:01:44","guid":{"rendered":"https:\/\/www.lateliercoiffureesthetique.com\/fr\/?post_type=product&#038;p=12763"},"modified":"2025-11-16T16:43:03","modified_gmt":"2025-11-16T21:43:03","slug":"masque_rehydratant","status":"publish","type":"product","link":"https:\/\/www.lateliercoiffureesthetique.com\/fr\/produit\/masque_rehydratant\/","title":{"rendered":"Masque R\u00e9hydratant"},"content":{"rendered":"<p>[vc_row center_bck_image=\u00a0\u00bbno\u00a0\u00bb][vc_column][vc_empty_space][vc_column_text]<\/p>\n<h5><strong>COMMENT UTILISER\u00a0<\/strong><\/h5>\n<p>[\/vc_column_text][vc_column_text]<\/p>\n<h6>1. Appliquez aux cheveux mouill\u00e9s, massez et rincez.<br \/>\n2. En cas de contact avec les yeux, les rincer imm\u00e9diatement.<br \/>\n3. R\u00e9p\u00e9ter le nettoyage deux fois.<\/h6>\n<h6>Test\u00e9 sous contr\u00f4le dermatologique pour la s\u00e9curit\u00e9<br \/>\n* Test instrumental d&rsquo;Argile \u00c9quilibrante + Bain Divalent + Masque R\u00e9hydratant.<\/h6>\n<p>[\/vc_column_text][vc_empty_space][\/vc_column][\/vc_row][vc_row center_bck_image=\u00a0\u00bbno\u00a0\u00bb][vc_column][vc_column_text]<\/p>\n<h5><strong><span style=\"vertical-align: inherit;\">INGREDIENTS<\/span><\/strong><\/h5>\n<p>[\/vc_column_text][vc_column_text]<\/p>\n<h6>SODIUM LAURETH SULFATE \u25cf TEA-LAURYL SULFATE \u25cf COCAMIDE MIPA \u25cf DISODIUM COCOAMPHODIACETATE \u25cf GLYCOL DISTEARATE \u25cf HEXYLENE GLYCOL \u25cf SODIUM CHLORIDE \u25cf CITRIC ACID \u25cf SODIUM BENZOATE \u25cf SODIUM HYDROXIDE \u25cf CAPRYLOYL GLYCINE \u25cf POLYQUATERNIUM-11 \u25cf SALICYLIC ACID \u25cf CARBOMER \u25cf PYRIDOXINE HCl \u25cf MENTHOXYPROPANEDIOL \u25cf GUAR HYDROXYPROPYLTRIMONIUM CHLORIDE \u25cf HEXYL CINNAMAL \u25cf LINALOOL \u25cf HYDROXYCITRONELLAL \u25cf CITRONELLOL \u25cf BENZYL ALCOHOL \u25cf FUMARIC ACID \u25cf PARFUM \/ FRAGRANCE<\/h6>\n<p>[\/vc_column_text][\/vc_column][\/vc_row]<\/p>\n","protected":false},"excerpt":{"rendered":"<h6>D\u00e9couvrez le Masque R\u00e9hydratant, et offrez \u00e0 vos cheveux secs une action ultra hydratante.<\/h6>\n","protected":false},"featured_media":12764,"comment_status":"open","ping_status":"closed","template":"","meta":[],"product_cat":[187,283],"product_tag":[95],"_links":{"self":[{"href":"https:\/\/www.lateliercoiffureesthetique.com\/fr\/wp-json\/wp\/v2\/product\/12763"}],"collection":[{"href":"https:\/\/www.lateliercoiffureesthetique.com\/fr\/wp-json\/wp\/v2\/product"}],"about":[{"href":"https:\/\/www.lateliercoiffureesthetique.com\/fr\/wp-json\/wp\/v2\/types\/product"}],"replies":[{"embeddable":true,"href":"https:\/\/www.lateliercoiffureesthetique.com\/fr\/wp-json\/wp\/v2\/comments?post=12763"}],"wp:featuredmedia":[{"embeddable":true,"href":"https:\/\/www.lateliercoiffureesthetique.com\/fr\/wp-json\/wp\/v2\/media\/12764"}],"wp:attachment":[{"href":"https:\/\/www.lateliercoiffureesthetique.com\/fr\/wp-json\/wp\/v2\/media?parent=12763"}],"wp:term":[{"taxonomy":"product_cat","embeddable":true,"href":"https:\/\/www.lateliercoiffureesthetique.com\/fr\/wp-json\/wp\/v2\/product_cat?post=12763"},{"taxonomy":"product_tag","embeddable":true,"href":"https:\/\/www.lateliercoiffureesthetique.com\/fr\/wp-json\/wp\/v2\/product_tag?post=12763"}],"curies":[{"name":"wp","href":"https:\/\/api.w.org\/{rel}","templated":true}]}}