{"id":12767,"date":"2021-10-21T13:14:19","date_gmt":"2021-10-21T18:14:19","guid":{"rendered":"https:\/\/www.lateliercoiffureesthetique.com\/fr\/?post_type=product&#038;p=12767"},"modified":"2025-11-16T16:42:36","modified_gmt":"2025-11-16T21:42:36","slug":"masque-rehydratant","status":"publish","type":"product","link":"https:\/\/www.lateliercoiffureesthetique.com\/fr\/produit\/masque-rehydratant\/","title":{"rendered":"S\u00e9rum Potentialiste"},"content":{"rendered":"<p>[vc_row center_bck_image=\u00a0\u00bbno\u00a0\u00bb][vc_column][vc_empty_space][vc_column_text]<\/p>\n<h5><strong>COMMENT UTILISER\u00a0<\/strong><\/h5>\n<p>[\/vc_column_text][vc_column_text]<\/p>\n<h6>Utiliser une fois par jour (le matin ou avant de vous coucher) pendant une p\u00e9riode de 3 semaines. Appliquer 3 doses sur le cuir chevelu sec ou essor\u00e9 \u00e0 la serviette, section par section. 1 dose = 1 pipette remplie \u00e0 la ligne. Ne pas rincer.<\/h6>\n<p>[\/vc_column_text][vc_empty_space][\/vc_column][\/vc_row][vc_row center_bck_image=\u00a0\u00bbno\u00a0\u00bb][vc_column][vc_column_text]<\/p>\n<h5><strong><span style=\"vertical-align: inherit;\">INGREDIENTS<\/span><\/strong><\/h5>\n<p>[\/vc_column_text][vc_column_text]<\/p>\n<h6>AQUA \/ WATER \/ EAU \u25cf ALCOHOL DENAT. \u25cf BIFIDA FERMENT LYSATE \u25cf ASCORBYL GLUCOSIDE \u25cf AMINOMETHYL PROPANOL \u25cf PEG-40 HYDROGENATED CASTOR OIL \u25cf CARBOMER \u25cf MANNOSE \u25cf POLYSORBATE 21 \u25cf ALPHA-GLUCAN OLIGOSACCHARIDE \u25cf PHENOXYETHANOL \u25cf GLYCERIN \u25cf PENTYLENE GLYCOL \u25cf POLYMNIA SONCHIFOLIA ROOT JUICE \u25cf FAEX EXTRACT \/ YEAST EXTRACT \/ EXTRAIT DE LEVURE \u25cf SODIUM BENZOATE \u25cf MALTODEXTRIN \u25cf LIMONENE \u25cf GERANIOL \u25cf HEXYL CINNAMAL \u25cf BENZYL BENZOATE \u25cf BENZYL ALCOHOL \u25cf LACTOBACILLUS \u25cf LINALOOL \u25cf CITRAL \u25cf PARFUM \/ FRAGRANCE<\/h6>\n<p>[\/vc_column_text][\/vc_column][\/vc_row]<\/p>\n","protected":false},"excerpt":{"rendered":"<h6>Soignez et nourrissez vos cheveux secs avec le S\u00e9rum Potentialiste. Les cheveux secs ne seront jamais pareils avec ce serum pour les cheveux!<\/h6>\n","protected":false},"featured_media":12768,"comment_status":"open","ping_status":"closed","template":"","meta":[],"product_cat":[187,283],"product_tag":[95],"_links":{"self":[{"href":"https:\/\/www.lateliercoiffureesthetique.com\/fr\/wp-json\/wp\/v2\/product\/12767"}],"collection":[{"href":"https:\/\/www.lateliercoiffureesthetique.com\/fr\/wp-json\/wp\/v2\/product"}],"about":[{"href":"https:\/\/www.lateliercoiffureesthetique.com\/fr\/wp-json\/wp\/v2\/types\/product"}],"replies":[{"embeddable":true,"href":"https:\/\/www.lateliercoiffureesthetique.com\/fr\/wp-json\/wp\/v2\/comments?post=12767"}],"wp:featuredmedia":[{"embeddable":true,"href":"https:\/\/www.lateliercoiffureesthetique.com\/fr\/wp-json\/wp\/v2\/media\/12768"}],"wp:attachment":[{"href":"https:\/\/www.lateliercoiffureesthetique.com\/fr\/wp-json\/wp\/v2\/media?parent=12767"}],"wp:term":[{"taxonomy":"product_cat","embeddable":true,"href":"https:\/\/www.lateliercoiffureesthetique.com\/fr\/wp-json\/wp\/v2\/product_cat?post=12767"},{"taxonomy":"product_tag","embeddable":true,"href":"https:\/\/www.lateliercoiffureesthetique.com\/fr\/wp-json\/wp\/v2\/product_tag?post=12767"}],"curies":[{"name":"wp","href":"https:\/\/api.w.org\/{rel}","templated":true}]}}