{"id":14044,"date":"2022-02-03T11:18:02","date_gmt":"2022-02-03T16:18:02","guid":{"rendered":"https:\/\/www.lateliercoiffureesthetique.com\/en\/?post_type=product&#038;p=14044"},"modified":"2026-02-04T19:15:55","modified_gmt":"2026-02-05T00:15:55","slug":"fondant-cica-chroma-conditioner","status":"publish","type":"product","link":"https:\/\/www.lateliercoiffureesthetique.com\/fr\/produit\/fondant-cica-chroma-conditioner\/","title":{"rendered":"Fondant Cica Chroma"},"content":{"rendered":"<p>[vc_row center_bck_image=\u00a0\u00bbno\u00a0\u00bb][vc_column][vc_empty_space][vc_column_text]<\/p>\n<h5 class=\"c-content-tile__title h-text-align-center h-text-align-center h-text-size-32\">Comment utiliser<\/h5>\n<p>[\/vc_column_text][vc_column_text]<\/p>\n<h6>1. Appliquer une noisette sur des cheveux propres et s\u00e9ch\u00e9s \u00e0 la serviette.<br \/>\n2. Faire p\u00e9n\u00e9trer de la mi-longueur aux pointes en massant, en \u00e9vitant les racines pour assurer un volume l\u00e9ger.<br \/>\n3. Laisser agir de 2 \u00e0 3 minutes.<br \/>\n4. \u00c9mulsionner et bien rincer.<\/h6>\n<p>[\/vc_column_text][vc_empty_space][\/vc_column][\/vc_row]<\/p>\n","protected":false},"excerpt":{"rendered":"<h6>Soin revitalisant r\u00e9parateur anti-porosit\u00e9<\/h6>\n","protected":false},"featured_media":14046,"comment_status":"open","ping_status":"closed","template":"","meta":[],"product_cat":[437,187],"product_tag":[423],"_links":{"self":[{"href":"https:\/\/www.lateliercoiffureesthetique.com\/fr\/wp-json\/wp\/v2\/product\/14044"}],"collection":[{"href":"https:\/\/www.lateliercoiffureesthetique.com\/fr\/wp-json\/wp\/v2\/product"}],"about":[{"href":"https:\/\/www.lateliercoiffureesthetique.com\/fr\/wp-json\/wp\/v2\/types\/product"}],"replies":[{"embeddable":true,"href":"https:\/\/www.lateliercoiffureesthetique.com\/fr\/wp-json\/wp\/v2\/comments?post=14044"}],"wp:featuredmedia":[{"embeddable":true,"href":"https:\/\/www.lateliercoiffureesthetique.com\/fr\/wp-json\/wp\/v2\/media\/14046"}],"wp:attachment":[{"href":"https:\/\/www.lateliercoiffureesthetique.com\/fr\/wp-json\/wp\/v2\/media?parent=14044"}],"wp:term":[{"taxonomy":"product_cat","embeddable":true,"href":"https:\/\/www.lateliercoiffureesthetique.com\/fr\/wp-json\/wp\/v2\/product_cat?post=14044"},{"taxonomy":"product_tag","embeddable":true,"href":"https:\/\/www.lateliercoiffureesthetique.com\/fr\/wp-json\/wp\/v2\/product_tag?post=14044"}],"curies":[{"name":"wp","href":"https:\/\/api.w.org\/{rel}","templated":true}]}}