{"id":14055,"date":"2022-02-03T11:46:11","date_gmt":"2022-02-03T16:46:11","guid":{"rendered":"https:\/\/www.lateliercoiffureesthetique.com\/fr\/?post_type=product&#038;p=14055"},"modified":"2024-03-29T17:15:26","modified_gmt":"2024-03-29T22:15:26","slug":"soin-acide-chroma-gloss","status":"publish","type":"product","link":"https:\/\/www.lateliercoiffureesthetique.com\/fr\/produit\/soin-acide-chroma-gloss\/","title":{"rendered":"Soin Acide Chroma Gloss"},"content":{"rendered":"<p>[vc_row center_bck_image=\u00a0\u00bbno\u00a0\u00bb][vc_column][vc_empty_space][vc_column_text]<\/p>\n<h5 class=\"c-content-tile__title h-text-align-center h-text-align-center h-text-size-32\">Comment utiliser<\/h5>\n<p>[\/vc_column_text][vc_column_text]<\/p>\n<h6 class=\"c-content-tile__description h-text-align-center\">1. Appliquer sur les cheveux lav\u00e9s et s\u00e9ch\u00e9s \u00e0 la serviette, de la mi-longueur aux pointes, jusqu\u2019\u00e0 saturation.<br \/>\n2. Appliquer une dose sur les cheveux fins ou deux doses sur les cheveux \u00e9pais ou longs.<br \/>\n3. Faire p\u00e9n\u00e9trer sur les longueurs en massant pendant 1 \u00e0 2 minutes, jusqu\u2019\u00e0 ce que le liquide se transforme en cr\u00e8me<br \/>\nblanche, puis rincer abondamment.<br \/>\n4. Ne pas appliquer sur une peau irrit\u00e9e ni dans la r\u00e9gion des yeux.<\/h6>\n<div class=\"l-row l-row-padding\"><\/div>\n<p>[\/vc_column_text][vc_empty_space][\/vc_column][\/vc_row][vc_row center_bck_image=\u00a0\u00bbno\u00a0\u00bb][vc_column][vc_column_text]<\/p>\n<h5>Ingredients<\/h5>\n<p>[\/vc_column_text][vc_column_text]<\/p>\n<h6>AQUA \/ WATER \/ EAU \u25cf CETEARYL ALCOHOL \u25cf BEHENTRIMONIUM CHLORIDE \u25cf AMODIMETHICONE \u25cf CETYL ALCOHOL \u25cf PARFUM \/ FRAGRANCE \u25cf HC BLUE NO. 2 \u25cf CITRIC ACID \u25cf SODIUM HYDROXIDE \u25cf C12-15 ALKYL BENZOATE \u25cf ISOPROPYL ALCOHOL \u25cf TOCOPHEROL \u25cf HYDROXYETHYLCELLULOSE \u25cf BENZOIC ACID \u25cf TRIDECETH-6 \u25cf GUAR HYDROXYPROPYLTRIMONIUM CHLORIDE \u25cf CETRIMONIUM CHLORIDE \u25cf HC BLUE NO. 15 \u25cf LINALOOL \u25cf LIMONENE \u25cf SODIUM HYALURONATE \u25cf CENTELLA ASIATICA EXTRACT \u25cf TARTARIC ACID \u25cf LACTIC ACID \u25cf FUMARIC ACID<\/h6>\n<p>[\/vc_column_text][\/vc_column][\/vc_row]<\/p>\n","protected":false},"excerpt":{"rendered":"<h6>Soin \u00e0 haute brillance resurfa\u00e7ante<\/h6>\n","protected":false},"featured_media":14056,"comment_status":"open","ping_status":"closed","template":"","meta":[],"product_cat":[437,187],"product_tag":[423],"_links":{"self":[{"href":"https:\/\/www.lateliercoiffureesthetique.com\/fr\/wp-json\/wp\/v2\/product\/14055"}],"collection":[{"href":"https:\/\/www.lateliercoiffureesthetique.com\/fr\/wp-json\/wp\/v2\/product"}],"about":[{"href":"https:\/\/www.lateliercoiffureesthetique.com\/fr\/wp-json\/wp\/v2\/types\/product"}],"replies":[{"embeddable":true,"href":"https:\/\/www.lateliercoiffureesthetique.com\/fr\/wp-json\/wp\/v2\/comments?post=14055"}],"wp:featuredmedia":[{"embeddable":true,"href":"https:\/\/www.lateliercoiffureesthetique.com\/fr\/wp-json\/wp\/v2\/media\/14056"}],"wp:attachment":[{"href":"https:\/\/www.lateliercoiffureesthetique.com\/fr\/wp-json\/wp\/v2\/media?parent=14055"}],"wp:term":[{"taxonomy":"product_cat","embeddable":true,"href":"https:\/\/www.lateliercoiffureesthetique.com\/fr\/wp-json\/wp\/v2\/product_cat?post=14055"},{"taxonomy":"product_tag","embeddable":true,"href":"https:\/\/www.lateliercoiffureesthetique.com\/fr\/wp-json\/wp\/v2\/product_tag?post=14055"}],"curies":[{"name":"wp","href":"https:\/\/api.w.org\/{rel}","templated":true}]}}