{"id":14060,"date":"2022-02-03T11:54:55","date_gmt":"2022-02-03T16:54:55","guid":{"rendered":"https:\/\/www.lateliercoiffureesthetique.com\/en\/?post_type=product&#038;p=14060"},"modified":"2025-11-16T16:10:57","modified_gmt":"2025-11-16T21:10:57","slug":"serum-chroma-thermique","status":"publish","type":"product","link":"https:\/\/www.lateliercoiffureesthetique.com\/fr\/produit\/serum-chroma-thermique\/","title":{"rendered":"S\u00e9rum Chroma Thermique"},"content":{"rendered":"<p>[vc_row center_bck_image=\u00a0\u00bbno\u00a0\u00bb][vc_column][vc_empty_space][vc_column_text]<\/p>\n<h5 class=\"c-content-tile__title h-text-align-center h-text-align-center h-text-size-32\">Comment utiliser<\/h5>\n<p>[\/vc_column_text][vc_column_text]<\/p>\n<h6>SUR DES CHEVEUX S\u00c9CH\u00c9S \u00c0 LA SERVIETTE<br \/>\n1. Utiliser de 2 \u00e0 4 jets de pompe, selon la longueur et l\u2019\u00e9paisseur des cheveux.<br \/>\n2. \u00c9tendre jusqu\u2019aux pointes, puis peigner pour bien r\u00e9partir le produit.<br \/>\n3. S\u00e9cher au s\u00e8che-cheveux ou \u00e0 l\u2019air libre.<\/h6>\n<h6>SUR DES CHEVEUX SECS<br \/>\n1. Appliquer sur des cheveux s\u00e9ch\u00e9s au s\u00e8che-cheveux ou \u00e0 l\u2019air libre comme soin de finition pour dompter les frisettes et rehausser la brillance.<br \/>\n2. Coiffer comme d\u00e9sir\u00e9.<\/h6>\n<div class=\"l-row l-row-padding\"><\/div>\n<p>[\/vc_column_text][vc_empty_space][\/vc_column][\/vc_row][vc_row center_bck_image=\u00a0\u00bbno\u00a0\u00bb][vc_column][vc_column_text]<\/p>\n<h5>Ingredients<\/h5>\n<p>[\/vc_column_text][vc_column_text]<\/p>\n<h6>AQUA \/ WATER \/ EAU \u25cf AMODIMETHICONE \u25cf PEG-40 HYDROGENATED CASTOR OIL \u25cf TRIDECETH-5 \u25cf POLYQUATERNIUM-37 \u25cf PHENOXYETHANOL \u25cf PROPYLENE GLYCOL DICAPRYLATE\/DICAPRATE \u25cf GLYCERIN \u25cf TOCOPHEROL \u25cf ARGININE \u25cf PHENYL TRIMETHICONE \u25cf TRIDECETH-10 \u25cf LACTIC ACID \u25cf PPG-1 TRIDECETH-6 \u25cf CHLORHEXIDINE DIGLUCONATE \u25cf SORBITAN OLEATE \u25cf ACETIC ACID \u25cf QUATERNIUM-87 \u25cf SODIUM HYALURONATE \u25cf CENTELLA ASIATICA EXTRACT \u25cf TARTARIC ACID \u25cf LINALOOL \u25cf PROPYLENE GLYCOL \u25cf LIMONENE \u25cf GERANIOL \u25cf HYDROXYCITRONELLAL \u25cf PARFUM \/ FRAGRANCE \u25cf<\/h6>\n<p>[\/vc_column_text][\/vc_column][\/vc_row]<\/p>\n","protected":false},"excerpt":{"rendered":"<h6>S\u00e9rum thermique anti-frisottis antioxydant<\/h6>\n","protected":false},"featured_media":14061,"comment_status":"open","ping_status":"closed","template":"","meta":[],"product_cat":[437,187],"product_tag":[423],"_links":{"self":[{"href":"https:\/\/www.lateliercoiffureesthetique.com\/fr\/wp-json\/wp\/v2\/product\/14060"}],"collection":[{"href":"https:\/\/www.lateliercoiffureesthetique.com\/fr\/wp-json\/wp\/v2\/product"}],"about":[{"href":"https:\/\/www.lateliercoiffureesthetique.com\/fr\/wp-json\/wp\/v2\/types\/product"}],"replies":[{"embeddable":true,"href":"https:\/\/www.lateliercoiffureesthetique.com\/fr\/wp-json\/wp\/v2\/comments?post=14060"}],"wp:featuredmedia":[{"embeddable":true,"href":"https:\/\/www.lateliercoiffureesthetique.com\/fr\/wp-json\/wp\/v2\/media\/14061"}],"wp:attachment":[{"href":"https:\/\/www.lateliercoiffureesthetique.com\/fr\/wp-json\/wp\/v2\/media?parent=14060"}],"wp:term":[{"taxonomy":"product_cat","embeddable":true,"href":"https:\/\/www.lateliercoiffureesthetique.com\/fr\/wp-json\/wp\/v2\/product_cat?post=14060"},{"taxonomy":"product_tag","embeddable":true,"href":"https:\/\/www.lateliercoiffureesthetique.com\/fr\/wp-json\/wp\/v2\/product_tag?post=14060"}],"curies":[{"name":"wp","href":"https:\/\/api.w.org\/{rel}","templated":true}]}}