{"id":14096,"date":"2022-03-04T16:15:51","date_gmt":"2022-03-04T21:15:51","guid":{"rendered":"https:\/\/www.lateliercoiffureesthetique.com\/en\/?post_type=product&#038;p=14096"},"modified":"2025-11-02T18:37:08","modified_gmt":"2025-11-02T23:37:08","slug":"color-renewal-warm-blonde","status":"publish","type":"product","link":"https:\/\/www.lateliercoiffureesthetique.com\/fr\/produit\/color-renewal-warm-blonde\/","title":{"rendered":"Traitement couleur Blond chaud"},"content":{"rendered":"<p>[vc_row center_bck_image=\u00a0\u00bbno\u00a0\u00bb][vc_column][vc_empty_space][vc_column_text]<\/p>\n<h5><strong>COMMENT UTILISER<\/strong><\/h5>\n<p>[\/vc_column_text][vc_column_text]<\/p>\n<h6>Mode d&#8217;emploi<br \/>\n1. Appliquer sur des cheveux humides ou s\u00e9ch\u00e9s \u00e0 la serviette.<br \/>\n2. Laisser agir 2 \u00e0 5 minutes, selon l&rsquo;intensit\u00e9 souhait\u00e9e.<br \/>\n3. Rincez soigneusement.<br \/>\n4. Se laver soigneusement les mains.<\/h6>\n<p>[\/vc_column_text][vc_empty_space][\/vc_column][\/vc_row][vc_row center_bck_image=\u00a0\u00bbno\u00a0\u00bb][vc_column][vc_column_text]<\/p>\n<h5><strong>INGREDIENTS<\/strong><\/h5>\n<p>[\/vc_column_text][vc_column_text]<\/p>\n<h6>WaterAquaEau, propanediol, alcool c\u00e9t\u00e9arylique, chlorure de dist\u00e9aroyl\u00e9thyl dimonium, alcool c\u00e9tylique, beurre de Butyrospermum Parkii (karit\u00e9), huile de noyau de Prunus Armeniaca (abricot), huile de graines de Rubus Idaeus (framboise), huile de graines de Fragaria Vesca (fraise), huile de graines de Sambucus Nigra, Cocamidopropyl b\u00e9ta\u00efne, st\u00e9aramidopropyl dim\u00e9thylamine, laurate d&rsquo;isoamyle, parfum (parfum), limon\u00e8ne, citronellol, amyl cinnamal, hydroxycitronellal, acide lactique, \u00e9thylhexylglyc\u00e9rine, ph\u00e9noxy\u00e9thanol, jaune basique 87, rouge basique 51, bleu basique 124<\/h6>\n<p>[\/vc_column_text][\/vc_column][\/vc_row]<\/p>\n","protected":false},"excerpt":{"rendered":"<h6>Le masque de traitement intense nourrit et am\u00e9liore la couleur, l&rsquo;\u00e9clat et la brillance en une seule utilisation.<\/h6>\n<h6>4 teintes disponibles.<\/h6>\n","protected":false},"featured_media":15012,"comment_status":"open","ping_status":"closed","template":"","meta":[],"product_cat":[27,296],"product_tag":[],"_links":{"self":[{"href":"https:\/\/www.lateliercoiffureesthetique.com\/fr\/wp-json\/wp\/v2\/product\/14096"}],"collection":[{"href":"https:\/\/www.lateliercoiffureesthetique.com\/fr\/wp-json\/wp\/v2\/product"}],"about":[{"href":"https:\/\/www.lateliercoiffureesthetique.com\/fr\/wp-json\/wp\/v2\/types\/product"}],"replies":[{"embeddable":true,"href":"https:\/\/www.lateliercoiffureesthetique.com\/fr\/wp-json\/wp\/v2\/comments?post=14096"}],"wp:featuredmedia":[{"embeddable":true,"href":"https:\/\/www.lateliercoiffureesthetique.com\/fr\/wp-json\/wp\/v2\/media\/15012"}],"wp:attachment":[{"href":"https:\/\/www.lateliercoiffureesthetique.com\/fr\/wp-json\/wp\/v2\/media?parent=14096"}],"wp:term":[{"taxonomy":"product_cat","embeddable":true,"href":"https:\/\/www.lateliercoiffureesthetique.com\/fr\/wp-json\/wp\/v2\/product_cat?post=14096"},{"taxonomy":"product_tag","embeddable":true,"href":"https:\/\/www.lateliercoiffureesthetique.com\/fr\/wp-json\/wp\/v2\/product_tag?post=14096"}],"curies":[{"name":"wp","href":"https:\/\/api.w.org\/{rel}","templated":true}]}}