{"id":15029,"date":"2025-11-16T17:06:11","date_gmt":"2025-11-16T22:06:11","guid":{"rendered":"https:\/\/www.lateliercoiffureesthetique.com\/fr\/?post_type=product&#038;p=15029"},"modified":"2025-11-16T17:19:15","modified_gmt":"2025-11-16T22:19:15","slug":"shampooing-be-curly-advanced","status":"publish","type":"product","link":"https:\/\/www.lateliercoiffureesthetique.com\/fr\/produit\/shampooing-be-curly-advanced\/","title":{"rendered":"SHAMPOOING BE CURLY ADVANCED\u2122"},"content":{"rendered":"","protected":false},"excerpt":{"rendered":"<p>Shampooing cr\u00e9meux et sans sulfate pour cheveux boucl\u00e9s, qui \u00e9limine l&rsquo;accumulation sans d\u00e9caper les cheveux et hydrate les boucles, les spirales et les ondulations. R\u00e9duit les frisottis* et procure de la maniabilit\u00e9 tout en intensifiant la brillance<\/p>\n","protected":false},"featured_media":15034,"comment_status":"open","ping_status":"closed","template":"","meta":[],"product_cat":[443,27],"product_tag":[],"_links":{"self":[{"href":"https:\/\/www.lateliercoiffureesthetique.com\/fr\/wp-json\/wp\/v2\/product\/15029"}],"collection":[{"href":"https:\/\/www.lateliercoiffureesthetique.com\/fr\/wp-json\/wp\/v2\/product"}],"about":[{"href":"https:\/\/www.lateliercoiffureesthetique.com\/fr\/wp-json\/wp\/v2\/types\/product"}],"replies":[{"embeddable":true,"href":"https:\/\/www.lateliercoiffureesthetique.com\/fr\/wp-json\/wp\/v2\/comments?post=15029"}],"wp:featuredmedia":[{"embeddable":true,"href":"https:\/\/www.lateliercoiffureesthetique.com\/fr\/wp-json\/wp\/v2\/media\/15034"}],"wp:attachment":[{"href":"https:\/\/www.lateliercoiffureesthetique.com\/fr\/wp-json\/wp\/v2\/media?parent=15029"}],"wp:term":[{"taxonomy":"product_cat","embeddable":true,"href":"https:\/\/www.lateliercoiffureesthetique.com\/fr\/wp-json\/wp\/v2\/product_cat?post=15029"},{"taxonomy":"product_tag","embeddable":true,"href":"https:\/\/www.lateliercoiffureesthetique.com\/fr\/wp-json\/wp\/v2\/product_tag?post=15029"}],"curies":[{"name":"wp","href":"https:\/\/api.w.org\/{rel}","templated":true}]}}